{"id":9970,"date":"2022-09-21T06:35:18","date_gmt":"2022-09-21T06:35:18","guid":{"rendered":"https:\/\/tehnikabacko.rs\/?post_type=product&#038;p=9970"},"modified":"2025-08-30T08:18:12","modified_gmt":"2025-08-30T08:18:12","slug":"agregat-za-struju-benzin-tc-pg-35-e5","status":"publish","type":"product","link":"https:\/\/tehnikabacko.rs\/index.php\/product\/agregat-za-struju-benzin-tc-pg-35-e5\/","title":{"rendered":"Agregat za struju (benzin) TC-PG 35\/E5"},"content":{"rendered":"<p>Tip generatora\tSynchronous<br \/>\nFrekvencija\t50 Hz<br \/>\nKontinualna snaga (S1) pri 230 V\t2600 W<br \/>\nMaks. snaga | vreme (230 V)\t3100 W<br \/>\nMaksimalna snaga (S2 | S2 vreme) na 230 V\t2800 W | 5 min<br \/>\nNominalna struja pri 230 V\t11.3 A<br \/>\n230 V uti\u010dnica\t2 Pieces<br \/>\nMotor\tfour-stroke, air cooled<br \/>\nBroj cilindara\t1 Pieces<br \/>\nZapremina motora\t208 cm\u00b3<br \/>\nBrzina motora\t3000 min^-1<br \/>\nMaks. Snaga motora\t4.1 kW<br \/>\nGorivo\tPetrol<br \/>\nKapacitet rezervoara za gorivo\t15 L<br \/>\nVreme rada pri 2\/3 optere\u0107enja\t10.7 h<br \/>\nNivo snage zvuka LWA\t96 dB (A)<\/p>\n","protected":false},"excerpt":{"rendered":"<p>Sna\u017ean, robustan i \u010dist \u010detvorotaktni motor<br \/>\nDve uti\u010dnice od 230 V, kao i voltmetar koji pokazuje napon<br \/>\nDva velika to\u010dka i zglobna ru\u010dka za lak\u0161i transport<br \/>\nVeliki rezervoar od 15 litara sa indikatorom nivoa napunjenosti z<br \/>\nPrekida\u010d za preoptere\u0107enje i indikator niskog nivoa ulja za dugot<br \/>\nPrekida\u010d za preoptere\u0107enje i indikator niskog nivoa ulja<br \/>\nKabl za povla\u010denje je jednostavan za upotrebu<\/p>\n","protected":false},"featured_media":9971,"comment_status":"open","ping_status":"closed","template":"","meta":{"inline_featured_image":false},"product_brand":[],"product_cat":[263],"product_tag":[264,265],"class_list":{"0":"post-9970","1":"product","2":"type-product","3":"status-publish","4":"has-post-thumbnail","6":"product_cat-agregati","7":"product_tag-agregat","8":"product_tag-einhell","10":"first","11":"instock","12":"shipping-taxable","13":"purchasable","14":"product-type-simple"},"_links":{"self":[{"href":"https:\/\/tehnikabacko.rs\/index.php\/wp-json\/wp\/v2\/product\/9970","targetHints":{"allow":["GET"]}}],"collection":[{"href":"https:\/\/tehnikabacko.rs\/index.php\/wp-json\/wp\/v2\/product"}],"about":[{"href":"https:\/\/tehnikabacko.rs\/index.php\/wp-json\/wp\/v2\/types\/product"}],"replies":[{"embeddable":true,"href":"https:\/\/tehnikabacko.rs\/index.php\/wp-json\/wp\/v2\/comments?post=9970"}],"wp:featuredmedia":[{"embeddable":true,"href":"https:\/\/tehnikabacko.rs\/index.php\/wp-json\/wp\/v2\/media\/9971"}],"wp:attachment":[{"href":"https:\/\/tehnikabacko.rs\/index.php\/wp-json\/wp\/v2\/media?parent=9970"}],"wp:term":[{"taxonomy":"product_brand","embeddable":true,"href":"https:\/\/tehnikabacko.rs\/index.php\/wp-json\/wp\/v2\/product_brand?post=9970"},{"taxonomy":"product_cat","embeddable":true,"href":"https:\/\/tehnikabacko.rs\/index.php\/wp-json\/wp\/v2\/product_cat?post=9970"},{"taxonomy":"product_tag","embeddable":true,"href":"https:\/\/tehnikabacko.rs\/index.php\/wp-json\/wp\/v2\/product_tag?post=9970"}],"curies":[{"name":"wp","href":"https:\/\/api.w.org\/{rel}","templated":true}]}}