{"id":9962,"date":"2022-09-21T06:27:41","date_gmt":"2022-09-21T06:27:41","guid":{"rendered":"https:\/\/tehnikabacko.rs\/?post_type=product&#038;p=9962"},"modified":"2022-09-21T06:38:27","modified_gmt":"2022-09-21T06:38:27","slug":"agregat-agm-agp-2300-s","status":"publish","type":"product","link":"https:\/\/tehnikabacko.rs\/index.php\/product\/agregat-agm-agp-2300-s\/","title":{"rendered":"Agregat AGM AGP 2300 S"},"content":{"rendered":"<table class=\"table\">\n<thead class=\"thead-dark\">\n<tr>\n<th colspan=\"2\">\n<div class=\"d-flex align-items-center\"><span class=\"h5 mb-0 text-light\">Karakteristike<\/span><a class=\"compare-product btn btn-sm btn-secondary ml-auto\" data-id=\"11203\" data-title=\"Agregat AGM AGP 2300 S\" data-image=\"agregat_s.jpg\"><i class=\"czi-compare\"><\/i>\u00a0Dodaj u Pore\u0111enje<\/a><\/div>\n<\/th>\n<\/tr>\n<\/thead>\n<tbody>\n<tr>\n<td>Kategorija<\/td>\n<td><strong>Agregati<\/strong><\/td>\n<\/tr>\n<tr>\n<td>Tip motora<\/td>\n<td><strong>\u010cetvorotaktni, vazdu\u0161no hla\u0111eni<\/strong><\/td>\n<\/tr>\n<tr>\n<td>Zapremina motora<\/td>\n<td><strong>196 cm\u00b3<\/strong><\/td>\n<\/tr>\n<tr>\n<td>Snaga<\/td>\n<td><strong>4.8 kW (3600 rpm)<\/strong><\/td>\n<\/tr>\n<tr>\n<td>Nominalna snaga<\/td>\n<td><strong>2 kW<\/strong><\/td>\n<\/tr>\n<tr>\n<td>Maksimalna snaga<\/td>\n<td><strong>2.2 kW<\/strong><\/td>\n<\/tr>\n<tr>\n<td>Nominalni napon<\/td>\n<td><strong>230 V<\/strong><\/td>\n<\/tr>\n<tr>\n<td>Rezervoar<\/td>\n<td><strong>15 l<\/strong><\/td>\n<\/tr>\n<tr>\n<td>IP stepen<\/td>\n<td><strong>IP23M<\/strong><\/td>\n<\/tr>\n<tr>\n<td>Tip startera<\/td>\n<td><strong>Potezni<\/strong><\/td>\n<\/tr>\n<tr>\n<td>Ja\u010dina elektri\u010dne struje<\/td>\n<td><strong>9.1 A<\/strong><\/td>\n<\/tr>\n<tr>\n<td>Faze<\/td>\n<td><strong>Jedna<\/strong><\/td>\n<\/tr>\n<tr>\n<td>Stepen radnog re\u017eima<\/td>\n<td><strong>G1<\/strong><\/td>\n<\/tr>\n<tr>\n<td>Faktor snage<\/td>\n<td><strong>1<\/strong><\/td>\n<\/tr>\n<tr>\n<td>Stepen izolacije<\/td>\n<td><strong>F<\/strong><\/td>\n<\/tr>\n<tr>\n<td>Dimenzije<\/td>\n<td><strong>605 x 440 x 435 mm<\/strong><\/td>\n<\/tr>\n<tr>\n<td>Masa<\/td>\n<td><strong>36 kg<\/strong><\/td>\n<\/tr>\n<\/tbody>\n<\/table>\n","protected":false},"excerpt":{"rendered":"<p>Spremite se za potencijalna energetska iznena\u0111enja ili obezbedite sebi dodatno napajanje na nepristupa\u010dnim mestima.<\/p>\n","protected":false},"featured_media":9963,"comment_status":"open","ping_status":"closed","template":"","meta":{"inline_featured_image":false},"product_brand":[],"product_cat":[263],"product_tag":[264],"class_list":{"0":"post-9962","1":"product","2":"type-product","3":"status-publish","4":"has-post-thumbnail","6":"product_cat-agregati","7":"product_tag-agregat","9":"first","10":"instock","11":"shipping-taxable","12":"purchasable","13":"product-type-simple"},"_links":{"self":[{"href":"https:\/\/tehnikabacko.rs\/index.php\/wp-json\/wp\/v2\/product\/9962","targetHints":{"allow":["GET"]}}],"collection":[{"href":"https:\/\/tehnikabacko.rs\/index.php\/wp-json\/wp\/v2\/product"}],"about":[{"href":"https:\/\/tehnikabacko.rs\/index.php\/wp-json\/wp\/v2\/types\/product"}],"replies":[{"embeddable":true,"href":"https:\/\/tehnikabacko.rs\/index.php\/wp-json\/wp\/v2\/comments?post=9962"}],"wp:featuredmedia":[{"embeddable":true,"href":"https:\/\/tehnikabacko.rs\/index.php\/wp-json\/wp\/v2\/media\/9963"}],"wp:attachment":[{"href":"https:\/\/tehnikabacko.rs\/index.php\/wp-json\/wp\/v2\/media?parent=9962"}],"wp:term":[{"taxonomy":"product_brand","embeddable":true,"href":"https:\/\/tehnikabacko.rs\/index.php\/wp-json\/wp\/v2\/product_brand?post=9962"},{"taxonomy":"product_cat","embeddable":true,"href":"https:\/\/tehnikabacko.rs\/index.php\/wp-json\/wp\/v2\/product_cat?post=9962"},{"taxonomy":"product_tag","embeddable":true,"href":"https:\/\/tehnikabacko.rs\/index.php\/wp-json\/wp\/v2\/product_tag?post=9962"}],"curies":[{"name":"wp","href":"https:\/\/api.w.org\/{rel}","templated":true}]}}