{"id":9852,"date":"2022-09-20T06:36:35","date_gmt":"2022-09-20T06:36:35","guid":{"rendered":"https:\/\/tehnikabacko.rs\/index.php\/product\/motorni-busac-zemlje-villager-vph-43\/"},"modified":"2025-06-01T09:18:07","modified_gmt":"2025-06-01T09:18:07","slug":"motorni-busac-zemlje-villager-vph-43","status":"publish","type":"product","link":"https:\/\/tehnikabacko.rs\/index.php\/product\/motorni-busac-zemlje-villager-vph-43\/","title":{"rendered":"Motorni bu\u0161a\u010d zemlje Villager VPH 43"},"content":{"rendered":"<p>Motorni bu\u0161a\u010d zemlje Villager VPH 43<\/p>\n","protected":false},"excerpt":{"rendered":"<p>AC glave za trimere<br \/>\n13 products<\/p>\n","protected":false},"featured_media":0,"comment_status":"open","ping_status":"closed","template":"","meta":{"inline_featured_image":false},"product_brand":[],"product_cat":[148,257],"product_tag":[259],"class_list":{"0":"post-9852","1":"product","2":"type-product","3":"status-publish","5":"product_cat-alati","6":"product_cat-villager","7":"product_tag-villager","9":"first","10":"instock","11":"shipping-taxable","12":"purchasable","13":"product-type-simple"},"_links":{"self":[{"href":"https:\/\/tehnikabacko.rs\/index.php\/wp-json\/wp\/v2\/product\/9852","targetHints":{"allow":["GET"]}}],"collection":[{"href":"https:\/\/tehnikabacko.rs\/index.php\/wp-json\/wp\/v2\/product"}],"about":[{"href":"https:\/\/tehnikabacko.rs\/index.php\/wp-json\/wp\/v2\/types\/product"}],"replies":[{"embeddable":true,"href":"https:\/\/tehnikabacko.rs\/index.php\/wp-json\/wp\/v2\/comments?post=9852"}],"wp:attachment":[{"href":"https:\/\/tehnikabacko.rs\/index.php\/wp-json\/wp\/v2\/media?parent=9852"}],"wp:term":[{"taxonomy":"product_brand","embeddable":true,"href":"https:\/\/tehnikabacko.rs\/index.php\/wp-json\/wp\/v2\/product_brand?post=9852"},{"taxonomy":"product_cat","embeddable":true,"href":"https:\/\/tehnikabacko.rs\/index.php\/wp-json\/wp\/v2\/product_cat?post=9852"},{"taxonomy":"product_tag","embeddable":true,"href":"https:\/\/tehnikabacko.rs\/index.php\/wp-json\/wp\/v2\/product_tag?post=9852"}],"curies":[{"name":"wp","href":"https:\/\/api.w.org\/{rel}","templated":true}]}}