{"id":9706,"date":"2022-09-20T06:34:23","date_gmt":"2022-09-20T06:34:23","guid":{"rendered":"https:\/\/tehnikabacko.rs\/index.php\/product\/fuse-udarna-busilica-vlp-5120-villager\/"},"modified":"2025-06-01T13:03:53","modified_gmt":"2025-06-01T13:03:53","slug":"fuse-udarna-busilica-vlp-5120-villager","status":"publish","type":"product","link":"https:\/\/tehnikabacko.rs\/index.php\/product\/fuse-udarna-busilica-vlp-5120-villager\/","title":{"rendered":"FUSE udarna bu\u0161ilica VLP 5120 Villager"},"content":{"rendered":"<p>FUSE udarna bu\u0161ilica VLP 5120 Villager<br \/>\nVLP 5120 je udarna akumulatorska bu\u0161ilica\/zavija\u010d i Villagerova perjanica<br \/>\nOpremljena motorom bez \u010detkica, posti\u017ee dosta snage za ve\u0107inu gra\u0111evinskih radova i projekata oko ku\u0107e<br \/>\nPouzdan i lak za upotrebu<\/p>\n","protected":false},"excerpt":{"rendered":"<p>AC glave za trimere<br \/>\n13 products<\/p>\n","protected":false},"featured_media":9705,"comment_status":"open","ping_status":"closed","template":"","meta":{"inline_featured_image":false},"product_brand":[],"product_cat":[232,148,257],"product_tag":[262,259],"class_list":{"0":"post-9706","1":"product","2":"type-product","3":"status-publish","4":"has-post-thumbnail","6":"product_cat-aku-alati","7":"product_cat-alati","8":"product_cat-villager","9":"product_tag-aku-alati","10":"product_tag-villager","12":"first","13":"instock","14":"shipping-taxable","15":"purchasable","16":"product-type-simple"},"_links":{"self":[{"href":"https:\/\/tehnikabacko.rs\/index.php\/wp-json\/wp\/v2\/product\/9706","targetHints":{"allow":["GET"]}}],"collection":[{"href":"https:\/\/tehnikabacko.rs\/index.php\/wp-json\/wp\/v2\/product"}],"about":[{"href":"https:\/\/tehnikabacko.rs\/index.php\/wp-json\/wp\/v2\/types\/product"}],"replies":[{"embeddable":true,"href":"https:\/\/tehnikabacko.rs\/index.php\/wp-json\/wp\/v2\/comments?post=9706"}],"wp:featuredmedia":[{"embeddable":true,"href":"https:\/\/tehnikabacko.rs\/index.php\/wp-json\/wp\/v2\/media\/9705"}],"wp:attachment":[{"href":"https:\/\/tehnikabacko.rs\/index.php\/wp-json\/wp\/v2\/media?parent=9706"}],"wp:term":[{"taxonomy":"product_brand","embeddable":true,"href":"https:\/\/tehnikabacko.rs\/index.php\/wp-json\/wp\/v2\/product_brand?post=9706"},{"taxonomy":"product_cat","embeddable":true,"href":"https:\/\/tehnikabacko.rs\/index.php\/wp-json\/wp\/v2\/product_cat?post=9706"},{"taxonomy":"product_tag","embeddable":true,"href":"https:\/\/tehnikabacko.rs\/index.php\/wp-json\/wp\/v2\/product_tag?post=9706"}],"curies":[{"name":"wp","href":"https:\/\/api.w.org\/{rel}","templated":true}]}}