{"id":9704,"date":"2022-09-20T06:34:22","date_gmt":"2022-09-20T06:34:22","guid":{"rendered":"https:\/\/tehnikabacko.rs\/index.php\/product\/fuse-brusilica-vln-4320-villager\/"},"modified":"2022-09-20T07:33:08","modified_gmt":"2022-09-20T07:33:08","slug":"fuse-brusilica-vln-4320-villager","status":"publish","type":"product","link":"https:\/\/tehnikabacko.rs\/index.php\/product\/fuse-brusilica-vln-4320-villager\/","title":{"rendered":"FUSE brusilica VLN 4320 Villager"},"content":{"rendered":"<p>FUSE akumulatorska ugaona brusilica Villager VLN 4320<br \/>\nFuse VLN 4320 je ulazni model ugaonih brusilica.<br \/>\nOvaj lagani alat \u0107e na\u0107i \u0161iroku primenu u Va\u0161em domu ili radionici.<br \/>\nBez baterije i punja\u010da<\/p>\n","protected":false},"excerpt":{"rendered":"<p>AC glave za trimere<br \/>\n13 products<\/p>\n","protected":false},"featured_media":9703,"comment_status":"open","ping_status":"closed","template":"","meta":{"inline_featured_image":false},"product_brand":[],"product_cat":[232,148,257],"product_tag":[262,259],"class_list":{"0":"post-9704","1":"product","2":"type-product","3":"status-publish","4":"has-post-thumbnail","6":"product_cat-aku-alati","7":"product_cat-alati","8":"product_cat-villager","9":"product_tag-aku-alati","10":"product_tag-villager","12":"first","13":"instock","14":"shipping-taxable","15":"purchasable","16":"product-type-simple"},"_links":{"self":[{"href":"https:\/\/tehnikabacko.rs\/index.php\/wp-json\/wp\/v2\/product\/9704","targetHints":{"allow":["GET"]}}],"collection":[{"href":"https:\/\/tehnikabacko.rs\/index.php\/wp-json\/wp\/v2\/product"}],"about":[{"href":"https:\/\/tehnikabacko.rs\/index.php\/wp-json\/wp\/v2\/types\/product"}],"replies":[{"embeddable":true,"href":"https:\/\/tehnikabacko.rs\/index.php\/wp-json\/wp\/v2\/comments?post=9704"}],"wp:featuredmedia":[{"embeddable":true,"href":"https:\/\/tehnikabacko.rs\/index.php\/wp-json\/wp\/v2\/media\/9703"}],"wp:attachment":[{"href":"https:\/\/tehnikabacko.rs\/index.php\/wp-json\/wp\/v2\/media?parent=9704"}],"wp:term":[{"taxonomy":"product_brand","embeddable":true,"href":"https:\/\/tehnikabacko.rs\/index.php\/wp-json\/wp\/v2\/product_brand?post=9704"},{"taxonomy":"product_cat","embeddable":true,"href":"https:\/\/tehnikabacko.rs\/index.php\/wp-json\/wp\/v2\/product_cat?post=9704"},{"taxonomy":"product_tag","embeddable":true,"href":"https:\/\/tehnikabacko.rs\/index.php\/wp-json\/wp\/v2\/product_tag?post=9704"}],"curies":[{"name":"wp","href":"https:\/\/api.w.org\/{rel}","templated":true}]}}