{"id":9691,"date":"2022-09-20T06:34:13","date_gmt":"2022-09-20T06:34:13","guid":{"rendered":"https:\/\/tehnikabacko.rs\/index.php\/product\/villager-baterija-fuse-18v-4-0ah\/"},"modified":"2022-09-20T07:31:01","modified_gmt":"2022-09-20T07:31:01","slug":"villager-baterija-fuse-18v-4-0ah","status":"publish","type":"product","link":"https:\/\/tehnikabacko.rs\/index.php\/product\/villager-baterija-fuse-18v-4-0ah\/","title":{"rendered":"Villager baterija Fuse 18V 4.0Ah"},"content":{"rendered":"<p>Villager baterija Fuse 18V 4.0Ah<br \/>\nBaterije visokog kapaciteta. Prakti\u010dne u upotrebi za du\u017ee periode rada, idealne za ugaone brusilice, kosa\u010dice, duva\u010de i motorne testere.<\/p>\n","protected":false},"excerpt":{"rendered":"<p>AC glave za trimere<br \/>\n13 products<\/p>\n","protected":false},"featured_media":9688,"comment_status":"open","ping_status":"closed","template":"","meta":{"inline_featured_image":false},"product_brand":[],"product_cat":[232,148,257],"product_tag":[261,259],"class_list":{"0":"post-9691","1":"product","2":"type-product","3":"status-publish","4":"has-post-thumbnail","6":"product_cat-aku-alati","7":"product_cat-alati","8":"product_cat-villager","9":"product_tag-kosacice","10":"product_tag-villager","12":"first","13":"instock","14":"shipping-taxable","15":"purchasable","16":"product-type-simple"},"_links":{"self":[{"href":"https:\/\/tehnikabacko.rs\/index.php\/wp-json\/wp\/v2\/product\/9691","targetHints":{"allow":["GET"]}}],"collection":[{"href":"https:\/\/tehnikabacko.rs\/index.php\/wp-json\/wp\/v2\/product"}],"about":[{"href":"https:\/\/tehnikabacko.rs\/index.php\/wp-json\/wp\/v2\/types\/product"}],"replies":[{"embeddable":true,"href":"https:\/\/tehnikabacko.rs\/index.php\/wp-json\/wp\/v2\/comments?post=9691"}],"wp:featuredmedia":[{"embeddable":true,"href":"https:\/\/tehnikabacko.rs\/index.php\/wp-json\/wp\/v2\/media\/9688"}],"wp:attachment":[{"href":"https:\/\/tehnikabacko.rs\/index.php\/wp-json\/wp\/v2\/media?parent=9691"}],"wp:term":[{"taxonomy":"product_brand","embeddable":true,"href":"https:\/\/tehnikabacko.rs\/index.php\/wp-json\/wp\/v2\/product_brand?post=9691"},{"taxonomy":"product_cat","embeddable":true,"href":"https:\/\/tehnikabacko.rs\/index.php\/wp-json\/wp\/v2\/product_cat?post=9691"},{"taxonomy":"product_tag","embeddable":true,"href":"https:\/\/tehnikabacko.rs\/index.php\/wp-json\/wp\/v2\/product_tag?post=9691"}],"curies":[{"name":"wp","href":"https:\/\/api.w.org\/{rel}","templated":true}]}}