{"id":9684,"date":"2022-09-20T06:34:07","date_gmt":"2022-09-20T06:34:07","guid":{"rendered":"https:\/\/tehnikabacko.rs\/index.php\/product\/villager-ps-15-e-motorna-prskalica\/"},"modified":"2022-10-01T14:09:01","modified_gmt":"2022-10-01T14:09:01","slug":"villager-ps-15-e-motorna-prskalica","status":"publish","type":"product","link":"https:\/\/tehnikabacko.rs\/index.php\/product\/villager-ps-15-e-motorna-prskalica\/","title":{"rendered":"Villager PS 15 E motorna prskalica"},"content":{"rendered":"<p>Motorna ledjna prskalica Villager PS 15 E<br \/>\nosobine i prednosti:<br \/>\nVillager\u00ae PS 15 E je le\u0111na prskalica srednjeg kapaciteta namenjena upotrebi na povr\u0161inama srednje veli\u010dine.<br \/>\nSa rezervoarom od 15 litara, agilnim dvotaktnim motorom snage 0.75 kW, i setom dodatnih aksesoara (brener i nastavci), sa sigurno\u0161\u0107u \u0107e pru\u017eiti udobnost i autonomiju u radu.<\/p>\n","protected":false},"excerpt":{"rendered":"<p>AC glave za trimere<br \/>\n13 products<\/p>\n","protected":false},"featured_media":9682,"comment_status":"open","ping_status":"closed","template":"","meta":{"inline_featured_image":false},"product_brand":[],"product_cat":[148,276,245,257],"product_tag":[259],"class_list":{"0":"post-9684","1":"product","2":"type-product","3":"status-publish","4":"has-post-thumbnail","6":"product_cat-alati","7":"product_cat-motorna-prskalica","8":"product_cat-prskalice","9":"product_cat-villager","10":"product_tag-villager","12":"first","13":"instock","14":"shipping-taxable","15":"purchasable","16":"product-type-simple"},"_links":{"self":[{"href":"https:\/\/tehnikabacko.rs\/index.php\/wp-json\/wp\/v2\/product\/9684","targetHints":{"allow":["GET"]}}],"collection":[{"href":"https:\/\/tehnikabacko.rs\/index.php\/wp-json\/wp\/v2\/product"}],"about":[{"href":"https:\/\/tehnikabacko.rs\/index.php\/wp-json\/wp\/v2\/types\/product"}],"replies":[{"embeddable":true,"href":"https:\/\/tehnikabacko.rs\/index.php\/wp-json\/wp\/v2\/comments?post=9684"}],"wp:featuredmedia":[{"embeddable":true,"href":"https:\/\/tehnikabacko.rs\/index.php\/wp-json\/wp\/v2\/media\/9682"}],"wp:attachment":[{"href":"https:\/\/tehnikabacko.rs\/index.php\/wp-json\/wp\/v2\/media?parent=9684"}],"wp:term":[{"taxonomy":"product_brand","embeddable":true,"href":"https:\/\/tehnikabacko.rs\/index.php\/wp-json\/wp\/v2\/product_brand?post=9684"},{"taxonomy":"product_cat","embeddable":true,"href":"https:\/\/tehnikabacko.rs\/index.php\/wp-json\/wp\/v2\/product_cat?post=9684"},{"taxonomy":"product_tag","embeddable":true,"href":"https:\/\/tehnikabacko.rs\/index.php\/wp-json\/wp\/v2\/product_tag?post=9684"}],"curies":[{"name":"wp","href":"https:\/\/api.w.org\/{rel}","templated":true}]}}