{"id":9679,"date":"2022-09-20T06:34:03","date_gmt":"2022-09-20T06:34:03","guid":{"rendered":"https:\/\/tehnikabacko.rs\/index.php\/product\/villager-villy-1600e-elektricna-kosacica\/"},"modified":"2023-03-03T16:28:33","modified_gmt":"2023-03-03T16:28:33","slug":"villager-villy-1600e-elektricna-kosacica","status":"publish","type":"product","link":"https:\/\/tehnikabacko.rs\/index.php\/product\/villager-villy-1600e-elektricna-kosacica\/","title":{"rendered":"Villager Villy 1600E elektri\u010dna kosa\u010dica"},"content":{"rendered":"<p>Villager Villy 1600E elektri\u010dna kosa\u010dica<br \/>\nPogodna za ko\u0161enje travnjaka povr\u0161ine do 800m2<\/p>\n","protected":false},"excerpt":{"rendered":"<p>AC glave za trimere<br \/>\n13 products<\/p>\n","protected":false},"featured_media":10162,"comment_status":"open","ping_status":"closed","template":"","meta":{"inline_featured_image":false},"product_brand":[],"product_cat":[148,244,257],"product_tag":[261,259],"class_list":{"0":"post-9679","1":"product","2":"type-product","3":"status-publish","4":"has-post-thumbnail","6":"product_cat-alati","7":"product_cat-kosacice","8":"product_cat-villager","9":"product_tag-kosacice","10":"product_tag-villager","12":"first","13":"instock","14":"sale","15":"shipping-taxable","16":"purchasable","17":"product-type-simple"},"_links":{"self":[{"href":"https:\/\/tehnikabacko.rs\/index.php\/wp-json\/wp\/v2\/product\/9679","targetHints":{"allow":["GET"]}}],"collection":[{"href":"https:\/\/tehnikabacko.rs\/index.php\/wp-json\/wp\/v2\/product"}],"about":[{"href":"https:\/\/tehnikabacko.rs\/index.php\/wp-json\/wp\/v2\/types\/product"}],"replies":[{"embeddable":true,"href":"https:\/\/tehnikabacko.rs\/index.php\/wp-json\/wp\/v2\/comments?post=9679"}],"wp:featuredmedia":[{"embeddable":true,"href":"https:\/\/tehnikabacko.rs\/index.php\/wp-json\/wp\/v2\/media\/10162"}],"wp:attachment":[{"href":"https:\/\/tehnikabacko.rs\/index.php\/wp-json\/wp\/v2\/media?parent=9679"}],"wp:term":[{"taxonomy":"product_brand","embeddable":true,"href":"https:\/\/tehnikabacko.rs\/index.php\/wp-json\/wp\/v2\/product_brand?post=9679"},{"taxonomy":"product_cat","embeddable":true,"href":"https:\/\/tehnikabacko.rs\/index.php\/wp-json\/wp\/v2\/product_cat?post=9679"},{"taxonomy":"product_tag","embeddable":true,"href":"https:\/\/tehnikabacko.rs\/index.php\/wp-json\/wp\/v2\/product_tag?post=9679"}],"curies":[{"name":"wp","href":"https:\/\/api.w.org\/{rel}","templated":true}]}}