{"id":9240,"date":"2022-09-20T06:28:12","date_gmt":"2022-09-20T06:28:12","guid":{"rendered":"https:\/\/tehnikabacko.rs\/index.php\/product\/elektricne-makaze-za-sisanje-ovaca-villager-vln-sc-350\/"},"modified":"2025-06-03T07:07:44","modified_gmt":"2025-06-03T07:07:44","slug":"elektricne-makaze-za-sisanje-ovaca-villager-vln-sc-350","status":"publish","type":"product","link":"https:\/\/tehnikabacko.rs\/index.php\/product\/elektricne-makaze-za-sisanje-ovaca-villager-vln-sc-350\/","title":{"rendered":"Elektri\u010dne makaze za \u0161i\u0161anje ovaca Villager VLN SC 350"},"content":{"rendered":"<p>Radni napon 230 V ~ 50 Hz Ulazna snaga 350 W Broj obrtaja u praznom hodu 0-2600 rpm Radni zahvat 78 mm Masa 1.88 kg<\/p>\n","protected":false},"excerpt":{"rendered":"<p>AC glave za trimere<br \/>\n13 products<\/p>\n","protected":false},"featured_media":9239,"comment_status":"open","ping_status":"closed","template":"","meta":{"inline_featured_image":false},"product_brand":[],"product_cat":[148,257],"product_tag":[259],"class_list":{"0":"post-9240","1":"product","2":"type-product","3":"status-publish","4":"has-post-thumbnail","6":"product_cat-alati","7":"product_cat-villager","8":"product_tag-villager","10":"first","11":"instock","12":"shipping-taxable","13":"purchasable","14":"product-type-simple"},"_links":{"self":[{"href":"https:\/\/tehnikabacko.rs\/index.php\/wp-json\/wp\/v2\/product\/9240","targetHints":{"allow":["GET"]}}],"collection":[{"href":"https:\/\/tehnikabacko.rs\/index.php\/wp-json\/wp\/v2\/product"}],"about":[{"href":"https:\/\/tehnikabacko.rs\/index.php\/wp-json\/wp\/v2\/types\/product"}],"replies":[{"embeddable":true,"href":"https:\/\/tehnikabacko.rs\/index.php\/wp-json\/wp\/v2\/comments?post=9240"}],"wp:featuredmedia":[{"embeddable":true,"href":"https:\/\/tehnikabacko.rs\/index.php\/wp-json\/wp\/v2\/media\/9239"}],"wp:attachment":[{"href":"https:\/\/tehnikabacko.rs\/index.php\/wp-json\/wp\/v2\/media?parent=9240"}],"wp:term":[{"taxonomy":"product_brand","embeddable":true,"href":"https:\/\/tehnikabacko.rs\/index.php\/wp-json\/wp\/v2\/product_brand?post=9240"},{"taxonomy":"product_cat","embeddable":true,"href":"https:\/\/tehnikabacko.rs\/index.php\/wp-json\/wp\/v2\/product_cat?post=9240"},{"taxonomy":"product_tag","embeddable":true,"href":"https:\/\/tehnikabacko.rs\/index.php\/wp-json\/wp\/v2\/product_tag?post=9240"}],"curies":[{"name":"wp","href":"https:\/\/api.w.org\/{rel}","templated":true}]}}