{"id":12181,"date":"2026-05-13T13:05:54","date_gmt":"2026-05-13T13:05:54","guid":{"rendered":"https:\/\/tehnikabacko.rs\/?post_type=product&#038;p=12181"},"modified":"2026-05-13T13:05:54","modified_gmt":"2026-05-13T13:05:54","slug":"akumulatorski-set-alata-cosli251192e-4-1-super-ingco","status":"publish","type":"product","link":"https:\/\/tehnikabacko.rs\/index.php\/product\/akumulatorski-set-alata-cosli251192e-4-1-super-ingco\/","title":{"rendered":"Akumulatorski set alata COSLI251192E 4\/1 SUPER INGCO"},"content":{"rendered":"<p><strong>Tehni\u010dke karakteristike proizvoda:<\/strong><\/p>\n<ul>\n<li>Brend: SUPER INGCO<\/li>\n<li>Model: COSLI251192E<\/li>\n<li>Akumulatorski udarni odvija\u010d (<strong>CIWLI20851<\/strong>)<\/li>\n<li><strong>BL ( motor bez \u010detkica )<\/strong><\/li>\n<li>Napon: 20V<\/li>\n<li>Kvadratni priklju\u010dak: 1\/2\u201d<\/li>\n<li>Brzina bez optere\u0107enja: 0-1600\/0- 2100\/0-2400 o\/min<\/li>\n<li>Brzina udarca: 0-1500\/0-1800\/0- 2200 udaraca u min<\/li>\n<li>Moment zatezanja: 850 Nm<\/li>\n<li>Moment za otpu\u0161tanje navoja: 1000 Nm<\/li>\n<li>Integrisano LED radno svetlo<\/li>\n<li>Akumulatorska udarna bu\u0161ilica-\u0161rafilica\u00a0<strong>CIDLI208681<\/strong><\/li>\n<li><strong>BL ( motor bez \u010detkica )<\/strong><\/li>\n<li>Napon: 20V<\/li>\n<li>Napon punjenja: 220-240V~50\/60Hz<\/li>\n<li>Brzina bez optere\u0107enja: 0-500\/0- 2000 o\/min<\/li>\n<li>Maksimalni obrtni moment: 86 Nm<\/li>\n<li>Metalna glava<\/li>\n<li>Kapacitet glave: 13mm (1\/2\u201d )<\/li>\n<li>Postavke obrtnog momenta: 22+1+1<\/li>\n<li>Mehani\u010dki dvobrzinski prenos<\/li>\n<li>Funkcija zaklju\u010davanja vretena<\/li>\n<li>Akumulatorska brusilica\u00a0<strong>CAGLI212025E<\/strong><\/li>\n<li><strong>BL ( motor bez \u010detkica )<\/strong><\/li>\n<li>Napon: 20V<\/li>\n<li>Maksimalna ulazna snaga: 1200W<\/li>\n<li>Brzina bez optere\u0107enja: 3000 \/ 6000 \/ 9000 o\/min<\/li>\n<li>Pre\u010dnik diska: 115 mm<\/li>\n<li>Navoj vretena: M14<\/li>\n<li>Ru\u010dka sa antivibracionim sistemom<\/li>\n<li>Akumulatorska radna lampa (<strong>CWLI20885<\/strong>)<\/li>\n<li>Napon: 20V<\/li>\n<li>Snaga LED lampe: 22,5W<\/li>\n<li>Ja\u010dina svetlosti:<\/li>\n<li>Visoki re\u017eim: 2500 \u00b110% lm<\/li>\n<li>Srednji re\u017eim: 1400 \u00b110% lm<\/li>\n<li>Niski re\u017eim: 800 \u00b110% lm<\/li>\n<li>3 re\u017eima osvetljenja<\/li>\n<li>Te\u017eina seta: 13 kg.<\/li>\n<\/ul>\n<p><strong>Obim isporuke proizvoda:<\/strong><\/p>\n<ul>\n<li>COSLI251192E Akumulatorski set alata 4\/1 SUPER INGCO<\/li>\n<li>Uputstvo za upotrebu proizvoda<\/li>\n<li>Kartonsko pakovanje<\/li>\n<\/ul>\n<p><strong>Garancija 3 godine<\/strong><\/p>\n<table class=\"woocommerce-product-attributes shop_attributes\" aria-label=\"Detalji o proizvodu\">\n<tbody>\n<tr class=\"woocommerce-product-attributes-item woocommerce-product-attributes-item--attribute_pa_proizvodjac\">\n<th class=\"woocommerce-product-attributes-item__label\" scope=\"row\">Proizvodja\u010d<\/th>\n<td class=\"woocommerce-product-attributes-item__value\"><a href=\"https:\/\/koncarelektro.rs\/proizvodjac\/ingco\/\" rel=\"tag\">INGCO \u2013 SUPER INGCO<\/a><\/td>\n<\/tr>\n<tr class=\"woocommerce-product-attributes-item woocommerce-product-attributes-item--attribute_pa_uvoznik\">\n<th class=\"woocommerce-product-attributes-item__label\" scope=\"row\">Uvoznik<\/th>\n<td class=\"woocommerce-product-attributes-item__value\"><a href=\"https:\/\/koncarelektro.rs\/uvoznik\/na-deklaraciji-proizvoda\/\" rel=\"tag\">NA DEKLARACIJI PROIZVODA<\/a><\/td>\n<\/tr>\n<tr class=\"woocommerce-product-attributes-item woocommerce-product-attributes-item--attribute_pa_zemlja-porekla\">\n<th class=\"woocommerce-product-attributes-item__label\" scope=\"row\">Zemlja porekla<\/th>\n<td class=\"woocommerce-product-attributes-item__value\"><a href=\"https:\/\/koncarelektro.rs\/zemlja-porekla\/kina\/\" rel=\"tag\">Kina<\/a><\/td>\n<\/tr>\n<\/tbody>\n<\/table>\n","protected":false},"excerpt":{"rendered":"<p>Komplet akumulatorskog alata sadr\u017ei:<br \/>\nAkumulatorsku udarnu bu\u0161ilicu CIDLI208681 86Nm sa brushless motorom bez \u010detkica koji pru\u017ea povec\u0301anu efikasnost i du\u017ei vek alata.<br \/>\nBrzina u praznom hodu 0-500\/0- 2000 o\/min za raznovrsne zadatke bu\u0161enja, sa maksimalnim obrtnim momentom od 86 Nm koji obezbedjuje sna\u017ene performanse.<br \/>\nSa metalnom steznom glavom 13 mm sa automatskim zaklju\u010davanjem za brzu i laku promenu nastavka.<br \/>\nAkumulatorski udarni odvija\u010d CIWLI20851 je dizajniran da se koristi za aplikacije vezane za automatsku popravku ili odr\u017eavanje uredjaja.<br \/>\nNapravljen je dovoljno jak da obavlja te\u0161ke zadatke i poma\u017ee u lakim poslovima na domac\u0301em nivou i na taj na\u010din se pokazao kao proizvod od velike upotrebe za razli\u010dite primene.<br \/>\nUgaona brusilica modela CAGLI212025E je visokokvalitetni akumulatorski alat dizajniran za se\u010denje, poliranje i bru\u0161enje materijala.<br \/>\nNapon 20V brzina bez opterec\u0301enja 3.000 \/ 6.000 \/ 9000 o\/min, \u0161to ga \u010dini idealnim za poslove velike potra\u017enje.<br \/>\nPre\u010dnik diska mu je 115 mm, a navoj za pode\u0161avanje je M14.<br \/>\nAkumulatorska lampa CWLI20885 sa osvetljenjem do 2500 lm i kompaktnim dizajnom, zavr\u0161en je izbor za jedan kojim je potrebno zna\u010dajno i prakti\u010dno svetlo u svim situacijama.<br \/>\nDizajnirana je sa naprednom tehnologijom, pru\u017eajuc\u0301i vanredne performanse i svestranost.<br \/>\nSa velikom osvetljeno\u0161c\u0301u i dugim vremenom upotrebe, ovaj proizvod je idealan i za aktivnosti na otvorenom i za svakodnevnu upotrebu.<\/p>\n","protected":false},"featured_media":12182,"comment_status":"open","ping_status":"closed","template":"","meta":{"inline_featured_image":false},"product_brand":[],"product_cat":[396],"product_tag":[],"class_list":{"0":"post-12181","1":"product","2":"type-product","3":"status-publish","4":"has-post-thumbnail","6":"product_cat-aku-set-alata","8":"first","9":"instock","10":"sale","11":"shipping-taxable","12":"purchasable","13":"product-type-simple"},"_links":{"self":[{"href":"https:\/\/tehnikabacko.rs\/index.php\/wp-json\/wp\/v2\/product\/12181","targetHints":{"allow":["GET"]}}],"collection":[{"href":"https:\/\/tehnikabacko.rs\/index.php\/wp-json\/wp\/v2\/product"}],"about":[{"href":"https:\/\/tehnikabacko.rs\/index.php\/wp-json\/wp\/v2\/types\/product"}],"replies":[{"embeddable":true,"href":"https:\/\/tehnikabacko.rs\/index.php\/wp-json\/wp\/v2\/comments?post=12181"}],"wp:featuredmedia":[{"embeddable":true,"href":"https:\/\/tehnikabacko.rs\/index.php\/wp-json\/wp\/v2\/media\/12182"}],"wp:attachment":[{"href":"https:\/\/tehnikabacko.rs\/index.php\/wp-json\/wp\/v2\/media?parent=12181"}],"wp:term":[{"taxonomy":"product_brand","embeddable":true,"href":"https:\/\/tehnikabacko.rs\/index.php\/wp-json\/wp\/v2\/product_brand?post=12181"},{"taxonomy":"product_cat","embeddable":true,"href":"https:\/\/tehnikabacko.rs\/index.php\/wp-json\/wp\/v2\/product_cat?post=12181"},{"taxonomy":"product_tag","embeddable":true,"href":"https:\/\/tehnikabacko.rs\/index.php\/wp-json\/wp\/v2\/product_tag?post=12181"}],"curies":[{"name":"wp","href":"https:\/\/api.w.org\/{rel}","templated":true}]}}