{"id":12178,"date":"2026-05-11T10:28:12","date_gmt":"2026-05-11T10:28:12","guid":{"rendered":"https:\/\/tehnikabacko.rs\/?post_type=product&#038;p=12178"},"modified":"2026-05-11T10:28:12","modified_gmt":"2026-05-11T10:28:12","slug":"makaze-za-sisanje-ovaca-vln-sc-350","status":"publish","type":"product","link":"https:\/\/tehnikabacko.rs\/index.php\/product\/makaze-za-sisanje-ovaca-vln-sc-350\/","title":{"rendered":"Makaze za \u0161i\u0161anje ovaca VLN SC 350"},"content":{"rendered":"<table class=\"table product-attrbite-table\">\n<thead>\n<tr>\n<th>Karakteristika<\/th>\n<th>Vrednost<\/th>\n<\/tr>\n<\/thead>\n<tbody>\n<tr>\n<td>Kategorija<\/td>\n<td><a title=\"Makaze za \u0161i\u0161anje ovaca\" href=\"https:\/\/b2b.agromarket.rs\/makaze-za-sisanje-ovaca\">Makaze za \u0161i\u0161anje ovaca<\/a><\/td>\n<\/tr>\n<tr class=\"attr-table-product-weight\">\n<td>Te\u017eina pakovanja<\/td>\n<td>3.54 kg<\/td>\n<\/tr>\n<tr class=\"attr-brend\">\n<td>Brend<\/td>\n<td><a title=\"Villager\" href=\"https:\/\/b2b.agromarket.rs\/proizvodi\/brend-villager\">Villager<\/a><\/td>\n<\/tr>\n<tr class=\"attr-napon\">\n<td>Napon<\/td>\n<td>230 V ~ 50 Hz<\/td>\n<\/tr>\n<tr class=\"attr-prikljucna-snaga\">\n<td>Priklju\u010dna snaga<\/td>\n<td>350 W<\/td>\n<\/tr>\n<tr class=\"attr-broj-obrtaja-el-aku-uredjaji\">\n<td>Broj obrtaja &#8211; el.\/aku. ure\u0111aji<\/td>\n<td>0 &#8211; 2600 rpm<\/td>\n<\/tr>\n<tr class=\"attr-produzena-garancija\">\n<td>Produ\u017eena garancija<\/td>\n<td>3 godine<\/td>\n<\/tr>\n<tr class=\"attr-radna-sirina-makaze-za-sisanje-ovaca\">\n<td>Radna \u0161irina &#8211; makaze za \u0161i\u0161anje ovaca<\/td>\n<td>78 mm<\/td>\n<\/tr>\n<\/tbody>\n<\/table>\n","protected":false},"excerpt":{"rendered":"<p>Karakteristika Vrednost Kategorija Makaze za \u0161i\u0161anje ovaca Te\u017eina pakovanja 3.54 kg Brend Villager Napon 230 V ~ 50 Hz Priklju\u010dna snaga 350 W Broj obrtaja &#8211; el.\/aku. ure\u0111aji 0 &#8211; 2600 rpm Produ\u017eena garancija 3 godine Radna \u0161irina &#8211; makaze za \u0161i\u0161anje ovaca 78 mm<\/p>\n","protected":false},"featured_media":12179,"comment_status":"open","ping_status":"closed","template":"","meta":{"inline_featured_image":false},"product_brand":[],"product_cat":[15],"product_tag":[],"class_list":{"0":"post-12178","1":"product","2":"type-product","3":"status-publish","4":"has-post-thumbnail","6":"product_cat-uncategorized","8":"first","9":"instock","10":"sale","11":"shipping-taxable","12":"purchasable","13":"product-type-simple"},"_links":{"self":[{"href":"https:\/\/tehnikabacko.rs\/index.php\/wp-json\/wp\/v2\/product\/12178","targetHints":{"allow":["GET"]}}],"collection":[{"href":"https:\/\/tehnikabacko.rs\/index.php\/wp-json\/wp\/v2\/product"}],"about":[{"href":"https:\/\/tehnikabacko.rs\/index.php\/wp-json\/wp\/v2\/types\/product"}],"replies":[{"embeddable":true,"href":"https:\/\/tehnikabacko.rs\/index.php\/wp-json\/wp\/v2\/comments?post=12178"}],"wp:featuredmedia":[{"embeddable":true,"href":"https:\/\/tehnikabacko.rs\/index.php\/wp-json\/wp\/v2\/media\/12179"}],"wp:attachment":[{"href":"https:\/\/tehnikabacko.rs\/index.php\/wp-json\/wp\/v2\/media?parent=12178"}],"wp:term":[{"taxonomy":"product_brand","embeddable":true,"href":"https:\/\/tehnikabacko.rs\/index.php\/wp-json\/wp\/v2\/product_brand?post=12178"},{"taxonomy":"product_cat","embeddable":true,"href":"https:\/\/tehnikabacko.rs\/index.php\/wp-json\/wp\/v2\/product_cat?post=12178"},{"taxonomy":"product_tag","embeddable":true,"href":"https:\/\/tehnikabacko.rs\/index.php\/wp-json\/wp\/v2\/product_tag?post=12178"}],"curies":[{"name":"wp","href":"https:\/\/api.w.org\/{rel}","templated":true}]}}