{"id":12174,"date":"2026-05-11T10:23:18","date_gmt":"2026-05-11T10:23:18","guid":{"rendered":"https:\/\/tehnikabacko.rs\/?post_type=product&#038;p=12174"},"modified":"2026-05-11T10:23:18","modified_gmt":"2026-05-11T10:23:18","slug":"hidropak-elpumps-vb-25-1500","status":"publish","type":"product","link":"https:\/\/tehnikabacko.rs\/index.php\/product\/hidropak-elpumps-vb-25-1500\/","title":{"rendered":"Hidropak Elpumps VB 25\/1500"},"content":{"rendered":"<table class=\"table product-attrbite-table\">\n<thead>\n<tr>\n<th>Karakteristika<\/th>\n<th>Vrednost<\/th>\n<\/tr>\n<\/thead>\n<tbody>\n<tr>\n<td>Kategorija<\/td>\n<td><a title=\"Hidropaci\" href=\"https:\/\/b2b.agromarket.rs\/hidropaci\">Hidropaci<\/a><\/td>\n<\/tr>\n<tr class=\"attr-table-product-weight\">\n<td>Te\u017eina pakovanja<\/td>\n<td>20.73 kg<\/td>\n<\/tr>\n<tr class=\"attr-brend\">\n<td>Brend<\/td>\n<td><a title=\"El-pumps\" href=\"https:\/\/b2b.agromarket.rs\/proizvodi\/brend-el-pumps\">El-pumps<\/a><\/td>\n<\/tr>\n<tr class=\"attr-napon\">\n<td>Napon<\/td>\n<td>230 V ~ 50 Hz<\/td>\n<\/tr>\n<tr class=\"attr-prikljucna-snaga\">\n<td>Priklju\u010dna snaga<\/td>\n<td>1500 W<\/td>\n<\/tr>\n<tr class=\"attr-protok-vode\">\n<td>Protok vode<\/td>\n<td>6.3 m\u00b3\/h<\/td>\n<\/tr>\n<tr class=\"attr-duzina-kabla-pumpe-za-vodu\">\n<td>Du\u017eina kabla &#8211; pumpe za vodu<\/td>\n<td>1.5 m<\/td>\n<\/tr>\n<tr class=\"attr-precnik-izlaza-fi\">\n<td>Pre\u010dnik izlaza (\u00d8)<\/td>\n<td>1&#8243; (25 mm)<\/td>\n<\/tr>\n<tr class=\"attr-dubina-povlacenja\">\n<td>Dubina povla\u010denja<\/td>\n<td>9 m<\/td>\n<\/tr>\n<tr class=\"attr-zapremina-posude-pumpe\">\n<td>Zapremina posude &#8211; pumpe<\/td>\n<td>25 l<\/td>\n<\/tr>\n<tr class=\"attr-maks-visina-vodenog-stuba\">\n<td>Maks. visina vodenog stuba<\/td>\n<td>48 m<\/td>\n<\/tr>\n<\/tbody>\n<\/table>\n<p>&nbsp;<\/p>\n<p>&nbsp;<\/p>\n","protected":false},"excerpt":{"rendered":"<p>Karakteristika Vrednost Kategorija Hidropaci Te\u017eina pakovanja 20.73 kg Brend El-pumps Napon 230 V ~ 50 Hz Priklju\u010dna snaga 1500 W Protok vode 6.3 m\u00b3\/h Du\u017eina kabla &#8211; pumpe za vodu 1.5 m Pre\u010dnik izlaza (\u00d8) 1&#8243; (25 mm) Dubina povla\u010denja 9 m Zapremina posude &#8211; pumpe 25 l Maks. visina vodenog stuba 48 m &nbsp; [&hellip;]<\/p>\n","protected":false},"featured_media":12175,"comment_status":"open","ping_status":"closed","template":"","meta":{"inline_featured_image":false},"product_brand":[],"product_cat":[15],"product_tag":[],"class_list":{"0":"post-12174","1":"product","2":"type-product","3":"status-publish","4":"has-post-thumbnail","6":"product_cat-uncategorized","8":"first","9":"instock","10":"sale","11":"shipping-taxable","12":"purchasable","13":"product-type-simple"},"_links":{"self":[{"href":"https:\/\/tehnikabacko.rs\/index.php\/wp-json\/wp\/v2\/product\/12174","targetHints":{"allow":["GET"]}}],"collection":[{"href":"https:\/\/tehnikabacko.rs\/index.php\/wp-json\/wp\/v2\/product"}],"about":[{"href":"https:\/\/tehnikabacko.rs\/index.php\/wp-json\/wp\/v2\/types\/product"}],"replies":[{"embeddable":true,"href":"https:\/\/tehnikabacko.rs\/index.php\/wp-json\/wp\/v2\/comments?post=12174"}],"wp:featuredmedia":[{"embeddable":true,"href":"https:\/\/tehnikabacko.rs\/index.php\/wp-json\/wp\/v2\/media\/12175"}],"wp:attachment":[{"href":"https:\/\/tehnikabacko.rs\/index.php\/wp-json\/wp\/v2\/media?parent=12174"}],"wp:term":[{"taxonomy":"product_brand","embeddable":true,"href":"https:\/\/tehnikabacko.rs\/index.php\/wp-json\/wp\/v2\/product_brand?post=12174"},{"taxonomy":"product_cat","embeddable":true,"href":"https:\/\/tehnikabacko.rs\/index.php\/wp-json\/wp\/v2\/product_cat?post=12174"},{"taxonomy":"product_tag","embeddable":true,"href":"https:\/\/tehnikabacko.rs\/index.php\/wp-json\/wp\/v2\/product_tag?post=12174"}],"curies":[{"name":"wp","href":"https:\/\/api.w.org\/{rel}","templated":true}]}}