{"id":12169,"date":"2026-05-11T08:04:12","date_gmt":"2026-05-11T08:04:12","guid":{"rendered":"https:\/\/tehnikabacko.rs\/?post_type=product&#038;p=12169"},"modified":"2026-05-11T08:04:12","modified_gmt":"2026-05-11T08:04:12","slug":"fuse-akumulatorska-ugaona-brusilica-vln-4320-1bsc-2","status":"publish","type":"product","link":"https:\/\/tehnikabacko.rs\/index.php\/product\/fuse-akumulatorska-ugaona-brusilica-vln-4320-1bsc-2\/","title":{"rendered":"Fuse akumulatorska ugaona brusilica VLN 4320-1BSC"},"content":{"rendered":"<table class=\"table product-attrbite-table\">\n<tbody>\n<tr>\n<td>Kategorija<\/td>\n<td><a title=\"Fuse brusilice\" href=\"https:\/\/www.villagerstore.com\/fuse-brusilice\">Fuse brusilice<\/a><\/td>\n<\/tr>\n<tr class=\"attr-table-product-weight\">\n<td>Te\u017eina pakovanja<\/td>\n<td>4.72 kg<\/td>\n<\/tr>\n<tr class=\"attr-brend\">\n<td>Brend<\/td>\n<td><a title=\"Villager\" href=\"https:\/\/www.villagerstore.com\/proizvodi\/web-brend-proizvodjac-villager\">Villager<\/a><\/td>\n<\/tr>\n<tr class=\"attr-tip-elektromotora\">\n<td>Tip elektromotora<\/td>\n<td>Kolektorski<\/td>\n<\/tr>\n<tr class=\"attr-tip-baterije\">\n<td>Tip baterije<\/td>\n<td>Li-ion<\/td>\n<\/tr>\n<tr class=\"attr-napon\">\n<td>Napon<\/td>\n<td>18 V<\/td>\n<\/tr>\n<tr class=\"attr-navoj-vratila\">\n<td>Navoj vratila<\/td>\n<td>M14<\/td>\n<\/tr>\n<tr class=\"attr-precnik-diska\">\n<td>Pre\u010dnik diska<\/td>\n<td>115 mm \/ 22 mm<\/td>\n<\/tr>\n<tr class=\"attr-broj-obrtaja-el-aku-uredjaji\">\n<td>Broj obrtaja \u2013 el.\/aku. ure\u0111aji<\/td>\n<td>8000 rpm<\/td>\n<\/tr>\n<tr class=\"attr-produzena-garancija\">\n<td>Produ\u017eena garancija<\/td>\n<td>5 godina<\/td>\n<\/tr>\n<\/tbody>\n<\/table>\n<p>Vreme rada sa Fuse baterijom:<\/p>\n<p>1.5Ah \u2013 15 min<br \/>\n2Ah \u2013 20 min<br \/>\n3Ah \u2013 40 min<br \/>\n4Ah \u2013 50 min<br \/>\n6Ah \u2013 80 min<\/p>\n<p>Vreme punjenja sa punja\u010dem:<\/p>\n<p>2.4A\/1.5Ah \u2013 45 min; 2.4A\/2Ah \u2013 60 min; 2.4A\/3Ah \u2013 90 min; 2.4A\/4Ah \u2013 120 min; 2.4A\/6Ah \u2013 180 min<br \/>\n4.5A\/1.5Ah \u2013 45 min; 4.5A\/2Ah \u2013 55 min; 4.5A\/3Ah \u2013 55 min; 4.5A\/4Ah \u2013 65 min; 4.5A\/6Ah \u2013 90 min<br \/>\n2\u00d74.5A\/1.5Ah \u2013 45 min; 2\u00d74.5A\/2Ah \u2013 55 min; 2\u00d74.5A\/3Ah \u2013 55 min; 2\u00d74.5A\/4Ah \u2013 65 min; 2\u00d74.5A\/6Ah \u2013 90 min<\/p>\n<p>Preporu\u010deni punja\u010di: 2.4A, 4.5A, 2\u00d74.5A<\/p>\n<p>&nbsp;<\/p>\n<p><img decoding=\"async\" src=\"https:\/\/b2b.agromarket.rs\/files\/watermark\/files\/images\/slike_proizvoda\/thumbs_w\/056359_w_800_800px.jpg\" alt=\"Fuse akumulatorska ugaona brusilica VLN 4320-1BSC \" \/><\/p>\n","protected":false},"excerpt":{"rendered":"<p>Kategorija Fuse brusilice Te\u017eina pakovanja 4.72 kg Brend Villager Tip elektromotora Kolektorski Tip baterije Li-ion Napon 18 V Navoj vratila M14 Pre\u010dnik diska 115 mm \/ 22 mm Broj obrtaja \u2013 el.\/aku. ure\u0111aji 8000 rpm Produ\u017eena garancija 5 godina Vreme rada sa Fuse baterijom: 1.5Ah \u2013 15 min 2Ah \u2013 20 min 3Ah \u2013 40 [&hellip;]<\/p>\n","protected":false},"featured_media":12170,"comment_status":"open","ping_status":"closed","template":"","meta":{"inline_featured_image":false},"product_brand":[],"product_cat":[15],"product_tag":[],"class_list":{"0":"post-12169","1":"product","2":"type-product","3":"status-publish","4":"has-post-thumbnail","6":"product_cat-uncategorized","8":"first","9":"instock","10":"sale","11":"shipping-taxable","12":"purchasable","13":"product-type-simple"},"_links":{"self":[{"href":"https:\/\/tehnikabacko.rs\/index.php\/wp-json\/wp\/v2\/product\/12169","targetHints":{"allow":["GET"]}}],"collection":[{"href":"https:\/\/tehnikabacko.rs\/index.php\/wp-json\/wp\/v2\/product"}],"about":[{"href":"https:\/\/tehnikabacko.rs\/index.php\/wp-json\/wp\/v2\/types\/product"}],"replies":[{"embeddable":true,"href":"https:\/\/tehnikabacko.rs\/index.php\/wp-json\/wp\/v2\/comments?post=12169"}],"wp:featuredmedia":[{"embeddable":true,"href":"https:\/\/tehnikabacko.rs\/index.php\/wp-json\/wp\/v2\/media\/12170"}],"wp:attachment":[{"href":"https:\/\/tehnikabacko.rs\/index.php\/wp-json\/wp\/v2\/media?parent=12169"}],"wp:term":[{"taxonomy":"product_brand","embeddable":true,"href":"https:\/\/tehnikabacko.rs\/index.php\/wp-json\/wp\/v2\/product_brand?post=12169"},{"taxonomy":"product_cat","embeddable":true,"href":"https:\/\/tehnikabacko.rs\/index.php\/wp-json\/wp\/v2\/product_cat?post=12169"},{"taxonomy":"product_tag","embeddable":true,"href":"https:\/\/tehnikabacko.rs\/index.php\/wp-json\/wp\/v2\/product_tag?post=12169"}],"curies":[{"name":"wp","href":"https:\/\/api.w.org\/{rel}","templated":true}]}}