{"id":12162,"date":"2026-05-05T13:23:29","date_gmt":"2026-05-05T13:23:29","guid":{"rendered":"https:\/\/tehnikabacko.rs\/?post_type=product&#038;p=12162"},"modified":"2026-05-05T13:23:29","modified_gmt":"2026-05-05T13:23:29","slug":"traktor-kosacica-vt-985","status":"publish","type":"product","link":"https:\/\/tehnikabacko.rs\/index.php\/product\/traktor-kosacica-vt-985\/","title":{"rendered":"Traktor kosa\u010dica VT 985"},"content":{"rendered":"<table class=\"table product-attrbite-table\">\n<thead>\n<tr>\n<th>Karakteristika<\/th>\n<th>Vrednost<\/th>\n<\/tr>\n<\/thead>\n<tbody>\n<tr>\n<td>Kategorija<\/td>\n<td><a title=\"Benzinski traktori\" href=\"https:\/\/www.villagerstore.com\/benzinski-traktori\">Benzinski traktori<\/a><\/td>\n<\/tr>\n<tr class=\"attr-table-product-weight\">\n<td>Te\u017eina pakovanja<\/td>\n<td>165 kg<\/td>\n<\/tr>\n<tr class=\"attr-brend\">\n<td>Brend<\/td>\n<td><a title=\"Villager\" href=\"https:\/\/www.villagerstore.com\/proizvodi\/web-brend-proizvodjac-villager\">Villager<\/a><\/td>\n<\/tr>\n<tr class=\"attr-tip-motora\">\n<td>Tip motora<\/td>\n<td>Loncin LC1P85FA<\/td>\n<\/tr>\n<tr class=\"attr-snaga-motora\">\n<td>Snaga motora<\/td>\n<td>7 kW<\/td>\n<\/tr>\n<tr class=\"attr-broj-obrtaja\">\n<td>Broj obrtaja<\/td>\n<td>3000 rpm<\/td>\n<\/tr>\n<tr class=\"attr-zapremina-motora\">\n<td>Zapremina motora<\/td>\n<td>352 cm\u00b3<\/td>\n<\/tr>\n<tr class=\"attr-povrsina-kosenja\">\n<td>Povr\u0161ina ko\u0161enja<\/td>\n<td>5000 m\u00b2<\/td>\n<\/tr>\n<tr class=\"attr-sirina-kosenja\">\n<td>\u0160irina ko\u0161enja<\/td>\n<td>980 mm<\/td>\n<\/tr>\n<tr class=\"attr-visina-kosenja\">\n<td>Visina ko\u0161enja<\/td>\n<td>30 \u2013 85 mm (7 nivoa centralno)<\/td>\n<\/tr>\n<tr class=\"attr-rezervoar-goriva\">\n<td>Rezervoar goriva<\/td>\n<td>6.5 l<\/td>\n<\/tr>\n<tr class=\"attr-produzena-garancija\">\n<td>Produ\u017eena garancija<\/td>\n<td>3 godine<\/td>\n<\/tr>\n<tr class=\"attr-precnik-tocka-prednjizadnji\">\n<td>Pre\u010dnik to\u010dka (prednji\/zadnji)<\/td>\n<td>380 mm \/ 457 mm<\/td>\n<\/tr>\n<tr class=\"attr-broj-brzina\">\n<td>Broj brzina<\/td>\n<td>5 napred, 1 nazad<\/td>\n<\/tr>\n<tr class=\"attr-brzina-kosenja\">\n<td>Brzina ko\u0161enja<\/td>\n<td>9.7 km\/h<\/td>\n<\/tr>\n<tr class=\"attr-tip-transmisije-kosacice\">\n<td>Tip transmisije \u2013 kosa\u010dice<\/td>\n<td>Manuelna<\/td>\n<\/tr>\n<\/tbody>\n<\/table>\n<p>\u2013 Prednji farovi \u2013 obezbe\u0111uju bolju vidljivost pri radu u uslovima smanjene osvetljenosti.<br \/>\n\u2013 Upravlja\u010dke komande oko sedi\u0161ta \u2013 omogu\u0107avaju lako rukovanje.<br \/>\n\u2013 Poluga za visinu ko\u0161enja \u2013 vi\u0161e polo\u017eaja prilagodljivih stanju travnjaka.<br \/>\n\u2013 Elektri\u010dno upravljanje no\u017eevima \u2013 brzo uklju\u010divanje i isklju\u010divanje.<br \/>\n\u2013 Visok nivo bezbednosti \u2013 motor i no\u017eevi se zaustavljaju kada rukovalac napusti sedi\u0161te.<br \/>\n\u2013 Podesivo ergonomsko sedi\u0161te \u2013 u pravcu napred\/nazad.<br \/>\n\u2013 Lako odr\u017eavanje \u2013 pristupa\u010dan akumulator, filteri, no\u017eevi i kai\u0161evi.<\/p>\n<p>\u2013 Re\u017eimi ko\u0161enja<br \/>\nZadnje sakupljanje: uredan travnjaka bez rasutih otpadaka, sav poko\u0161eni materijal se sakuplja.<br \/>\nMal\u010diranje: trava se usitnjava u sitne \u010destice koje ostaju na travnjaku kao \u201cprihrana\u201d.<br \/>\nBo\u010dno izbacivanje: poko\u0161ena trava se odmah izbacuje sa strane kroz usmeriva\u010d.<\/p>\n<p>\u2013 Odr\u017eavanje<br \/>\nPosle svakog ko\u0161enja isperite rezno ku\u0107i\u0161te preko priklju\u010dka za crevo i uklonite travu. Redovno \u010distite ili zamenite vazdu\u0161ni filter, povremeno o\u010distite sve\u0107icu i proverite stanje no\u017ea. Uvek radite na uga\u0161enom motoru i izva\u0111enom klju\u010du<\/p>\n","protected":false},"excerpt":{"rendered":"<p>Traktor kosa\u010dica koja je namenjena za odr\u017eavanje ve\u0107ih travnatih povr\u0161ina uz visok nivo bezbednosti i<br \/>\nkomfora. Konstruisan je kao pouzdana ma\u0161ina sa sna\u017enim motorom, \u010dvrstim sklopom i reznim ku\u0107i\u0161tem koji<br \/>\nobezbe\u0111uje ravnomerno ko\u0161enje. Predvi\u0111en korisnicima koji \u017eele ma\u0161inu koja mo\u017ee da radi dugo, da kos\u00ed i gustu i vi\u0161u travu i da pritom ostane stabilna na terenu<\/p>\n","protected":false},"featured_media":12163,"comment_status":"open","ping_status":"closed","template":"","meta":{"inline_featured_image":false},"product_brand":[],"product_cat":[273],"product_tag":[],"class_list":{"0":"post-12162","1":"product","2":"type-product","3":"status-publish","4":"has-post-thumbnail","6":"product_cat-traktorska-kosilica","8":"first","9":"instock","10":"sale","11":"shipping-taxable","12":"purchasable","13":"product-type-simple"},"_links":{"self":[{"href":"https:\/\/tehnikabacko.rs\/index.php\/wp-json\/wp\/v2\/product\/12162","targetHints":{"allow":["GET"]}}],"collection":[{"href":"https:\/\/tehnikabacko.rs\/index.php\/wp-json\/wp\/v2\/product"}],"about":[{"href":"https:\/\/tehnikabacko.rs\/index.php\/wp-json\/wp\/v2\/types\/product"}],"replies":[{"embeddable":true,"href":"https:\/\/tehnikabacko.rs\/index.php\/wp-json\/wp\/v2\/comments?post=12162"}],"wp:featuredmedia":[{"embeddable":true,"href":"https:\/\/tehnikabacko.rs\/index.php\/wp-json\/wp\/v2\/media\/12163"}],"wp:attachment":[{"href":"https:\/\/tehnikabacko.rs\/index.php\/wp-json\/wp\/v2\/media?parent=12162"}],"wp:term":[{"taxonomy":"product_brand","embeddable":true,"href":"https:\/\/tehnikabacko.rs\/index.php\/wp-json\/wp\/v2\/product_brand?post=12162"},{"taxonomy":"product_cat","embeddable":true,"href":"https:\/\/tehnikabacko.rs\/index.php\/wp-json\/wp\/v2\/product_cat?post=12162"},{"taxonomy":"product_tag","embeddable":true,"href":"https:\/\/tehnikabacko.rs\/index.php\/wp-json\/wp\/v2\/product_tag?post=12162"}],"curies":[{"name":"wp","href":"https:\/\/api.w.org\/{rel}","templated":true}]}}