{"id":12155,"date":"2026-05-05T13:20:42","date_gmt":"2026-05-05T13:20:42","guid":{"rendered":"https:\/\/tehnikabacko.rs\/?post_type=product&#038;p=12155"},"modified":"2026-05-05T13:20:43","modified_gmt":"2026-05-05T13:20:43","slug":"fuse-akumulatorska-ugaona-brusilica-vln-4320-1bsc","status":"publish","type":"product","link":"https:\/\/tehnikabacko.rs\/index.php\/product\/fuse-akumulatorska-ugaona-brusilica-vln-4320-1bsc\/","title":{"rendered":"Fuse akumulatorska ugaona brusilica VLN 4320-1BSC"},"content":{"rendered":"<table class=\"table product-attrbite-table\">\n<tbody>\n<tr>\n<td>Kategorija<\/td>\n<td><a title=\"Fuse brusilice\" href=\"https:\/\/www.villagerstore.com\/fuse-brusilice\">Fuse brusilice<\/a><\/td>\n<\/tr>\n<tr class=\"attr-table-product-weight\">\n<td>Te\u017eina pakovanja<\/td>\n<td>4.72 kg<\/td>\n<\/tr>\n<tr class=\"attr-brend\">\n<td>Brend<\/td>\n<td><a title=\"Villager\" href=\"https:\/\/www.villagerstore.com\/proizvodi\/web-brend-proizvodjac-villager\">Villager<\/a><\/td>\n<\/tr>\n<tr class=\"attr-tip-elektromotora\">\n<td>Tip elektromotora<\/td>\n<td>Kolektorski<\/td>\n<\/tr>\n<tr class=\"attr-tip-baterije\">\n<td>Tip baterije<\/td>\n<td>Li-ion<\/td>\n<\/tr>\n<tr class=\"attr-napon\">\n<td>Napon<\/td>\n<td>18 V<\/td>\n<\/tr>\n<tr class=\"attr-navoj-vratila\">\n<td>Navoj vratila<\/td>\n<td>M14<\/td>\n<\/tr>\n<tr class=\"attr-precnik-diska\">\n<td>Pre\u010dnik diska<\/td>\n<td>115 mm \/ 22 mm<\/td>\n<\/tr>\n<tr class=\"attr-broj-obrtaja-el-aku-uredjaji\">\n<td>Broj obrtaja \u2013 el.\/aku. ure\u0111aji<\/td>\n<td>8000 rpm<\/td>\n<\/tr>\n<tr class=\"attr-produzena-garancija\">\n<td>Produ\u017eena garancija<\/td>\n<td>5 godina<\/td>\n<\/tr>\n<\/tbody>\n<\/table>\n<p>Vreme rada sa Fuse baterijom:<\/p>\n<p>1.5Ah \u2013 15 min<br \/>\n2Ah \u2013 20 min<br \/>\n3Ah \u2013 40 min<br \/>\n4Ah \u2013 50 min<br \/>\n6Ah \u2013 80 min<\/p>\n<p>Vreme punjenja sa punja\u010dem:<\/p>\n<p>2.4A\/1.5Ah \u2013 45 min; 2.4A\/2Ah \u2013 60 min; 2.4A\/3Ah \u2013 90 min; 2.4A\/4Ah \u2013 120 min; 2.4A\/6Ah \u2013 180 min<br \/>\n4.5A\/1.5Ah \u2013 45 min; 4.5A\/2Ah \u2013 55 min; 4.5A\/3Ah \u2013 55 min; 4.5A\/4Ah \u2013 65 min; 4.5A\/6Ah \u2013 90 min<br \/>\n2\u00d74.5A\/1.5Ah \u2013 45 min; 2\u00d74.5A\/2Ah \u2013 55 min; 2\u00d74.5A\/3Ah \u2013 55 min; 2\u00d74.5A\/4Ah \u2013 65 min; 2\u00d74.5A\/6Ah \u2013 90 min<\/p>\n<p>Preporu\u010deni punja\u010di: 2.4A, 4.5A, 2\u00d74.5A<\/p>\n","protected":false},"excerpt":{"rendered":"<p>Oprema: Alat dolazi u plasti\u010dnom koferu, u setu sa baterijom od 4Ah i punja\u010dem 2.4A.<\/p>\n<p>Akumulatorska brusilica je namenjena za se\u010denje i bru\u0161enje. Motor pokre\u0107e zup\u010dastu glavu, na koju je montiran abrazivni disk ili disk za odsecanje. Ugaone brusilice imaju podesiv \u0161titnik i bo\u010dnu ru\u010dku koja<br \/>\nomogu\u0107ava lak\u0161i rad sa dve ruke.<\/p>\n","protected":false},"featured_media":12156,"comment_status":"open","ping_status":"closed","template":"","meta":{"inline_featured_image":false},"product_brand":[],"product_cat":[299,297],"product_tag":[],"class_list":{"0":"post-12155","1":"product","2":"type-product","3":"status-publish","4":"has-post-thumbnail","6":"product_cat-aku-brusilica","7":"product_cat-brusilice","9":"first","10":"instock","11":"sale","12":"shipping-taxable","13":"purchasable","14":"product-type-simple"},"_links":{"self":[{"href":"https:\/\/tehnikabacko.rs\/index.php\/wp-json\/wp\/v2\/product\/12155","targetHints":{"allow":["GET"]}}],"collection":[{"href":"https:\/\/tehnikabacko.rs\/index.php\/wp-json\/wp\/v2\/product"}],"about":[{"href":"https:\/\/tehnikabacko.rs\/index.php\/wp-json\/wp\/v2\/types\/product"}],"replies":[{"embeddable":true,"href":"https:\/\/tehnikabacko.rs\/index.php\/wp-json\/wp\/v2\/comments?post=12155"}],"wp:featuredmedia":[{"embeddable":true,"href":"https:\/\/tehnikabacko.rs\/index.php\/wp-json\/wp\/v2\/media\/12156"}],"wp:attachment":[{"href":"https:\/\/tehnikabacko.rs\/index.php\/wp-json\/wp\/v2\/media?parent=12155"}],"wp:term":[{"taxonomy":"product_brand","embeddable":true,"href":"https:\/\/tehnikabacko.rs\/index.php\/wp-json\/wp\/v2\/product_brand?post=12155"},{"taxonomy":"product_cat","embeddable":true,"href":"https:\/\/tehnikabacko.rs\/index.php\/wp-json\/wp\/v2\/product_cat?post=12155"},{"taxonomy":"product_tag","embeddable":true,"href":"https:\/\/tehnikabacko.rs\/index.php\/wp-json\/wp\/v2\/product_tag?post=12155"}],"curies":[{"name":"wp","href":"https:\/\/api.w.org\/{rel}","templated":true}]}}