{"id":12153,"date":"2026-05-05T13:14:16","date_gmt":"2026-05-05T13:14:16","guid":{"rendered":"https:\/\/tehnikabacko.rs\/?post_type=product&#038;p=12153"},"modified":"2026-05-05T13:14:16","modified_gmt":"2026-05-05T13:14:16","slug":"villy-2020-e-akumulatorska-kosacica","status":"publish","type":"product","link":"https:\/\/tehnikabacko.rs\/index.php\/product\/villy-2020-e-akumulatorska-kosacica\/","title":{"rendered":"Villy 2020 E akumulatorska kosa\u010dica"},"content":{"rendered":"<table class=\"table\">\n<thead class=\"thead-dark\">\n<tr>\n<th colspan=\"2\">\n<div class=\"d-flex align-items-center\"><span class=\"h5 mb-0 text-light\">Karakteristike<\/span><\/div>\n<\/th>\n<\/tr>\n<\/thead>\n<tbody>\n<tr>\n<td>Kategorija<\/td>\n<td><strong>Akumulatorske kosa\u010dice<\/strong><\/td>\n<\/tr>\n<tr>\n<td>Motor<\/td>\n<td><strong>Akumulatorski<\/strong><\/td>\n<\/tr>\n<tr>\n<td>Pogon<\/td>\n<td><strong>Guraju\u0107i<\/strong><\/td>\n<\/tr>\n<tr>\n<td>Napon<\/td>\n<td><strong>18 V<\/strong><\/td>\n<\/tr>\n<tr>\n<td>Tip elektromotora<\/td>\n<td><strong>Indukcioni elektromotor<\/strong><\/td>\n<\/tr>\n<tr>\n<td>\u0160irina ko\u0161enja<\/td>\n<td><strong>330 mm<\/strong><\/td>\n<\/tr>\n<tr>\n<td>Povr\u0161ina ko\u0161enja<\/td>\n<td><strong>300 m\u00b2<\/strong><\/td>\n<\/tr>\n<tr>\n<td>Visina ko\u0161enja<\/td>\n<td><strong>25 \u2013 75 mm (6 nivoa, centralno)<\/strong><\/td>\n<\/tr>\n<tr>\n<td>Zapremina sakuplja\u010da<\/td>\n<td><strong>30 l<\/strong><\/td>\n<\/tr>\n<tr>\n<td>Masa<\/td>\n<td><strong>9.6 kg<\/strong><\/td>\n<\/tr>\n<tr>\n<td>Autonomija sa punom baterijom 1,5 Ah<\/td>\n<td><strong>100 m\u00b2<\/strong><\/td>\n<\/tr>\n<tr>\n<td>Autonomija sa punom baterijom 2 Ah<\/td>\n<td><strong>150 m\u00b2<\/strong><\/td>\n<\/tr>\n<tr>\n<td>Autonomija sa punom baterijom 3 Ah<\/td>\n<td><strong>200 m\u00b2<\/strong><\/td>\n<\/tr>\n<tr>\n<td>Autonomija sa punom baterijom 4 Ah<\/td>\n<td><strong>300 m\u00b2<\/strong><\/td>\n<\/tr>\n<\/tbody>\n<\/table>\n","protected":false},"excerpt":{"rendered":"<ul>\n<li>Fuse Villy 2020 je kosa\u010dica nemenjena ko\u0161enju travnjaka povr\u0161ine do 300 m\u00b2.<\/li>\n<\/ul>\n<p><strong>Sadr\u017eaj:\u00a0<\/strong><\/p>\n<ul>\n<li>Villy 2020 E<\/li>\n<li>Baterija 2Ah<\/li>\n<li>Punja\u010d 2.4A<\/li>\n<\/ul>\n","protected":false},"featured_media":12154,"comment_status":"open","ping_status":"closed","template":"","meta":{"inline_featured_image":false},"product_brand":[],"product_cat":[274],"product_tag":[],"class_list":{"0":"post-12153","1":"product","2":"type-product","3":"status-publish","4":"has-post-thumbnail","6":"product_cat-akumulatorska-kosilica","8":"first","9":"instock","10":"sale","11":"shipping-taxable","12":"purchasable","13":"product-type-simple"},"_links":{"self":[{"href":"https:\/\/tehnikabacko.rs\/index.php\/wp-json\/wp\/v2\/product\/12153","targetHints":{"allow":["GET"]}}],"collection":[{"href":"https:\/\/tehnikabacko.rs\/index.php\/wp-json\/wp\/v2\/product"}],"about":[{"href":"https:\/\/tehnikabacko.rs\/index.php\/wp-json\/wp\/v2\/types\/product"}],"replies":[{"embeddable":true,"href":"https:\/\/tehnikabacko.rs\/index.php\/wp-json\/wp\/v2\/comments?post=12153"}],"wp:featuredmedia":[{"embeddable":true,"href":"https:\/\/tehnikabacko.rs\/index.php\/wp-json\/wp\/v2\/media\/12154"}],"wp:attachment":[{"href":"https:\/\/tehnikabacko.rs\/index.php\/wp-json\/wp\/v2\/media?parent=12153"}],"wp:term":[{"taxonomy":"product_brand","embeddable":true,"href":"https:\/\/tehnikabacko.rs\/index.php\/wp-json\/wp\/v2\/product_brand?post=12153"},{"taxonomy":"product_cat","embeddable":true,"href":"https:\/\/tehnikabacko.rs\/index.php\/wp-json\/wp\/v2\/product_cat?post=12153"},{"taxonomy":"product_tag","embeddable":true,"href":"https:\/\/tehnikabacko.rs\/index.php\/wp-json\/wp\/v2\/product_tag?post=12153"}],"curies":[{"name":"wp","href":"https:\/\/api.w.org\/{rel}","templated":true}]}}