{"id":12132,"date":"2026-04-29T06:48:17","date_gmt":"2026-04-29T06:48:17","guid":{"rendered":"https:\/\/tehnikabacko.rs\/?post_type=product&#038;p=12132"},"modified":"2026-04-29T06:48:17","modified_gmt":"2026-04-29T06:48:17","slug":"traktor-kosacica-vtr-650","status":"publish","type":"product","link":"https:\/\/tehnikabacko.rs\/index.php\/product\/traktor-kosacica-vtr-650\/","title":{"rendered":"Traktor kosa\u010dica VTR 650"},"content":{"rendered":"<table class=\"table product-attrbite-table\">\n<thead>\n<tr>\n<th>Karakteristika<\/th>\n<th>Vrednost<\/th>\n<\/tr>\n<\/thead>\n<tbody>\n<tr>\n<td>Kategorija<\/td>\n<td><a title=\"Benzinski traktori\" href=\"https:\/\/b2b.agromarket.rs\/benzinski-traktori\">Benzinski traktori<\/a><\/td>\n<\/tr>\n<tr class=\"attr-table-product-weight\">\n<td>Te\u017eina pakovanja<\/td>\n<td>118 kg<\/td>\n<\/tr>\n<tr class=\"attr-brend\">\n<td>Brend<\/td>\n<td><a title=\"Villager\" href=\"https:\/\/b2b.agromarket.rs\/proizvodi\/brend-villager\">Villager<\/a><\/td>\n<\/tr>\n<tr class=\"attr-tip-motora\">\n<td>Tip motora<\/td>\n<td>Loncin<\/td>\n<\/tr>\n<tr class=\"attr-snaga-motora\">\n<td>Snaga motora<\/td>\n<td>4.8 kW<\/td>\n<\/tr>\n<tr class=\"attr-zapremina-motora\">\n<td>Zapremina motora<\/td>\n<td>196 cm\u00b3<\/td>\n<\/tr>\n<tr class=\"attr-broj-obrtaja\">\n<td>Broj obrtaja<\/td>\n<td>3000 rpm<\/td>\n<\/tr>\n<tr class=\"attr-povrsina-kosenja\">\n<td>Povr\u0161ina ko\u0161enja<\/td>\n<td>4000 m\u00b2<\/td>\n<\/tr>\n<tr class=\"attr-sirina-kosenja\">\n<td>\u0160irina ko\u0161enja<\/td>\n<td>610 mm<\/td>\n<\/tr>\n<tr class=\"attr-visina-kosenja\">\n<td>Visina ko\u0161enja<\/td>\n<td>35 &#8211; 75 mm (5 nivoa, centralno)<\/td>\n<\/tr>\n<tr class=\"attr-rezervoar-goriva\">\n<td>Rezervoar goriva<\/td>\n<td>1.4 l<\/td>\n<\/tr>\n<tr class=\"attr-precnik-tocka-prednjizadnji\">\n<td>Pre\u010dnik to\u010dka (prednji\/zadnji)<\/td>\n<td><a title=\"250 mm \/ 325 mm\" href=\"https:\/\/b2b.agromarket.rs\/proizvodi\/precnik-tocka-prednji-zadnji-250-mm-325-mm\">250 mm \/ 325 mm<\/a><\/td>\n<\/tr>\n<tr class=\"attr-produzena-garancija\">\n<td>Produ\u017eena garancija<\/td>\n<td>3 godine<\/td>\n<\/tr>\n<tr class=\"attr-zapremina-sakupljaca\">\n<td>Zapremina sakuplja\u010da<\/td>\n<td>150 l<\/td>\n<\/tr>\n<tr class=\"attr-broj-brzina\">\n<td>Broj brzina<\/td>\n<td>4 napred, 1 nazad<\/td>\n<\/tr>\n<tr class=\"attr-tip-transmisije-kosacice\">\n<td>Tip transmisije &#8211; kosa\u010dice<\/td>\n<td>Manuelna<\/td>\n<\/tr>\n<\/tbody>\n<\/table>\n<p>&nbsp;<\/p>\n<p><img decoding=\"async\" src=\"https:\/\/b2b.agromarket.rs\/files\/watermark\/files\/images\/slike_proizvoda\/thumbs_w\/051438_1_w_800_800px.jpg\" alt=\"Traktor kosa\u010dica VTR 650 \" \/><\/p>\n","protected":false},"excerpt":{"rendered":"<p>Karakteristika Vrednost Kategorija Benzinski traktori Te\u017eina pakovanja 118 kg Brend Villager Tip motora Loncin Snaga motora 4.8 kW Zapremina motora 196 cm\u00b3 Broj obrtaja 3000 rpm Povr\u0161ina ko\u0161enja 4000 m\u00b2 \u0160irina ko\u0161enja 610 mm Visina ko\u0161enja 35 &#8211; 75 mm (5 nivoa, centralno) Rezervoar goriva 1.4 l Pre\u010dnik to\u010dka (prednji\/zadnji) 250 mm \/ 325 mm [&hellip;]<\/p>\n","protected":false},"featured_media":12133,"comment_status":"open","ping_status":"closed","template":"","meta":{"inline_featured_image":false},"product_brand":[],"product_cat":[244,272,273,257],"product_tag":[],"class_list":{"0":"post-12132","1":"product","2":"type-product","3":"status-publish","4":"has-post-thumbnail","6":"product_cat-kosacice","7":"product_cat-motorna-kosilica","8":"product_cat-traktorska-kosilica","9":"product_cat-villager","11":"first","12":"instock","13":"sale","14":"shipping-taxable","15":"purchasable","16":"product-type-simple"},"_links":{"self":[{"href":"https:\/\/tehnikabacko.rs\/index.php\/wp-json\/wp\/v2\/product\/12132","targetHints":{"allow":["GET"]}}],"collection":[{"href":"https:\/\/tehnikabacko.rs\/index.php\/wp-json\/wp\/v2\/product"}],"about":[{"href":"https:\/\/tehnikabacko.rs\/index.php\/wp-json\/wp\/v2\/types\/product"}],"replies":[{"embeddable":true,"href":"https:\/\/tehnikabacko.rs\/index.php\/wp-json\/wp\/v2\/comments?post=12132"}],"wp:featuredmedia":[{"embeddable":true,"href":"https:\/\/tehnikabacko.rs\/index.php\/wp-json\/wp\/v2\/media\/12133"}],"wp:attachment":[{"href":"https:\/\/tehnikabacko.rs\/index.php\/wp-json\/wp\/v2\/media?parent=12132"}],"wp:term":[{"taxonomy":"product_brand","embeddable":true,"href":"https:\/\/tehnikabacko.rs\/index.php\/wp-json\/wp\/v2\/product_brand?post=12132"},{"taxonomy":"product_cat","embeddable":true,"href":"https:\/\/tehnikabacko.rs\/index.php\/wp-json\/wp\/v2\/product_cat?post=12132"},{"taxonomy":"product_tag","embeddable":true,"href":"https:\/\/tehnikabacko.rs\/index.php\/wp-json\/wp\/v2\/product_tag?post=12132"}],"curies":[{"name":"wp","href":"https:\/\/api.w.org\/{rel}","templated":true}]}}