{"id":12124,"date":"2026-04-27T12:42:15","date_gmt":"2026-04-27T12:42:15","guid":{"rendered":"https:\/\/tehnikabacko.rs\/?post_type=product&#038;p=12124"},"modified":"2026-04-27T12:42:16","modified_gmt":"2026-04-27T12:42:16","slug":"spd10001-potapajuca-pumpa-za-prljavu-vodu-1000w-ingco","status":"publish","type":"product","link":"https:\/\/tehnikabacko.rs\/index.php\/product\/spd10001-potapajuca-pumpa-za-prljavu-vodu-1000w-ingco\/","title":{"rendered":"SPD10001 POTAPAJU\u0106A PUMPA ZA PRLJAVU VODU 1000W INGCO"},"content":{"rendered":"<p><strong>Tehni\u010dke specifikacije<\/strong><\/p>\n<ul>\n<li>Napon: 220\u2013240 V~50 Hz<\/li>\n<li>Nazivna snaga: 1000 W<\/li>\n<li>Maksimalna visina podizanja: 9 m<\/li>\n<li>Maksimalni protok: 333 L\/min<\/li>\n<li>Maksimalna dubina: 7 m<\/li>\n<li>Pre\u010dnik cevi: 2&#8243;<\/li>\n<li>Motor sa bakarnom \u017eicom<\/li>\n<li>Du\u017eina kabla: 9 m<\/li>\n<li>Sa plovnim prekida\u010dem<\/li>\n<li>Za prljavu vodu<\/li>\n<li>Upakovano u kartonsku kutiju<\/li>\n<\/ul>\n","protected":false},"excerpt":{"rendered":"<p>Tehni\u010dke specifikacije Napon: 220\u2013240 V~50 Hz Nazivna snaga: 1000 W Maksimalna visina podizanja: 9 m Maksimalni protok: 333 L\/min Maksimalna dubina: 7 m Pre\u010dnik cevi: 2&#8243; Motor sa bakarnom \u017eicom Du\u017eina kabla: 9 m Sa plovnim prekida\u010dem Za prljavu vodu Upakovano u kartonsku kutiju<\/p>\n","protected":false},"featured_media":12125,"comment_status":"open","ping_status":"closed","template":"","meta":{"inline_featured_image":false},"product_brand":[],"product_cat":[15],"product_tag":[],"class_list":{"0":"post-12124","1":"product","2":"type-product","3":"status-publish","4":"has-post-thumbnail","6":"product_cat-uncategorized","8":"first","9":"instock","10":"sale","11":"shipping-taxable","12":"purchasable","13":"product-type-simple"},"_links":{"self":[{"href":"https:\/\/tehnikabacko.rs\/index.php\/wp-json\/wp\/v2\/product\/12124","targetHints":{"allow":["GET"]}}],"collection":[{"href":"https:\/\/tehnikabacko.rs\/index.php\/wp-json\/wp\/v2\/product"}],"about":[{"href":"https:\/\/tehnikabacko.rs\/index.php\/wp-json\/wp\/v2\/types\/product"}],"replies":[{"embeddable":true,"href":"https:\/\/tehnikabacko.rs\/index.php\/wp-json\/wp\/v2\/comments?post=12124"}],"wp:featuredmedia":[{"embeddable":true,"href":"https:\/\/tehnikabacko.rs\/index.php\/wp-json\/wp\/v2\/media\/12125"}],"wp:attachment":[{"href":"https:\/\/tehnikabacko.rs\/index.php\/wp-json\/wp\/v2\/media?parent=12124"}],"wp:term":[{"taxonomy":"product_brand","embeddable":true,"href":"https:\/\/tehnikabacko.rs\/index.php\/wp-json\/wp\/v2\/product_brand?post=12124"},{"taxonomy":"product_cat","embeddable":true,"href":"https:\/\/tehnikabacko.rs\/index.php\/wp-json\/wp\/v2\/product_cat?post=12124"},{"taxonomy":"product_tag","embeddable":true,"href":"https:\/\/tehnikabacko.rs\/index.php\/wp-json\/wp\/v2\/product_tag?post=12124"}],"curies":[{"name":"wp","href":"https:\/\/api.w.org\/{rel}","templated":true}]}}