{"id":12109,"date":"2026-04-27T11:50:27","date_gmt":"2026-04-27T11:50:27","guid":{"rendered":"https:\/\/tehnikabacko.rs\/?post_type=product&#038;p=12109"},"modified":"2026-04-27T11:50:28","modified_gmt":"2026-04-27T11:50:28","slug":"ingco-mikser-sa-dve-mesalice-1800w-mx218008","status":"publish","type":"product","link":"https:\/\/tehnikabacko.rs\/index.php\/product\/ingco-mikser-sa-dve-mesalice-1800w-mx218008\/","title":{"rendered":"Ingco Mikser sa dve me\u0161alice 1800W MX218008"},"content":{"rendered":"<p><strong>Ingco Mikser sa dve me\u0161alice 1800W MX218008 Super Ingco<\/strong><\/p>\n<p>&nbsp;<\/p>\n<p><strong>Specifikacija:<\/strong><\/p>\n<ul>\n<li>Napon: 220-240V~50\/60Hz<\/li>\n<li>Ulazna snaga: 1800V<\/li>\n<li>Brzina praznog hoda: 180-480rpm\/250-680rpm<\/li>\n<li>Navoj jastuka za me\u0161anje: Hek13<\/li>\n<li>Aluminijumski menja\u010d<\/li>\n<li>Dvostruke lopatice sa sistemom za brzo fiksiranje<\/li>\n<\/ul>\n<p>&nbsp;<\/p>\n<p><strong>Garancija: 36 meseci<\/strong><\/p>\n","protected":false},"excerpt":{"rendered":"<ul>\n<li>Mekana ru\u010dka laka za rukovanje za pove\u0107anu udobnost<\/li>\n<li>Elektri\u010dna me\u0161alica INGCO sa motorom od 1800 W, namenjena za me\u0161anje gipsane mase, lepljivih maltera ili boja.<\/li>\n<li>Me\u0161alica je, zahvaljujuc\u0301i svojoj izdr\u017eljivoj konstrukciji i efikasnom sistemu odvo\u0111enja toplote, prilago\u0111ena kontinuiranom radu tokom zavr\u0161nih radova na srednjim gradili\u0161tima.<\/li>\n<li>Pravilno profilisana dr\u0161ka ure\u0111aja omoguc\u0301ava ugodan i siguran rad dugo vremena.<\/li>\n<\/ul>\n","protected":false},"featured_media":12110,"comment_status":"open","ping_status":"closed","template":"","meta":{"inline_featured_image":false},"product_brand":[],"product_cat":[338],"product_tag":[],"class_list":{"0":"post-12109","1":"product","2":"type-product","3":"status-publish","4":"has-post-thumbnail","6":"product_cat-mesac-za-boju","8":"first","9":"instock","10":"sale","11":"shipping-taxable","12":"purchasable","13":"product-type-simple"},"_links":{"self":[{"href":"https:\/\/tehnikabacko.rs\/index.php\/wp-json\/wp\/v2\/product\/12109","targetHints":{"allow":["GET"]}}],"collection":[{"href":"https:\/\/tehnikabacko.rs\/index.php\/wp-json\/wp\/v2\/product"}],"about":[{"href":"https:\/\/tehnikabacko.rs\/index.php\/wp-json\/wp\/v2\/types\/product"}],"replies":[{"embeddable":true,"href":"https:\/\/tehnikabacko.rs\/index.php\/wp-json\/wp\/v2\/comments?post=12109"}],"wp:featuredmedia":[{"embeddable":true,"href":"https:\/\/tehnikabacko.rs\/index.php\/wp-json\/wp\/v2\/media\/12110"}],"wp:attachment":[{"href":"https:\/\/tehnikabacko.rs\/index.php\/wp-json\/wp\/v2\/media?parent=12109"}],"wp:term":[{"taxonomy":"product_brand","embeddable":true,"href":"https:\/\/tehnikabacko.rs\/index.php\/wp-json\/wp\/v2\/product_brand?post=12109"},{"taxonomy":"product_cat","embeddable":true,"href":"https:\/\/tehnikabacko.rs\/index.php\/wp-json\/wp\/v2\/product_cat?post=12109"},{"taxonomy":"product_tag","embeddable":true,"href":"https:\/\/tehnikabacko.rs\/index.php\/wp-json\/wp\/v2\/product_tag?post=12109"}],"curies":[{"name":"wp","href":"https:\/\/api.w.org\/{rel}","templated":true}]}}