{"id":12102,"date":"2026-04-23T13:25:09","date_gmt":"2026-04-23T13:25:09","guid":{"rendered":"https:\/\/tehnikabacko.rs\/?post_type=product&#038;p=12102"},"modified":"2026-04-23T13:25:09","modified_gmt":"2026-04-23T13:25:09","slug":"ardes-ar6231b-mini-rerna-1600w","status":"publish","type":"product","link":"https:\/\/tehnikabacko.rs\/index.php\/product\/ardes-ar6231b-mini-rerna-1600w\/","title":{"rendered":"ARDES AR6231B mini rerna 1600W"},"content":{"rendered":"<div class=\"col-md-6 col-sm-12\">\n<div class=\"feature-group\">\n<h4>Karakteristike<\/h4>\n<div class=\"features\">\n<div class=\"row\" data-counter=\"54\" data-split=\"540\">\n<div class=\"col-xs-6\" title=\"Neto kapacitet rerne\">Neto kapacitet rerne<\/div>\n<div class=\"col-xs-6\" title=\"30 L\"><i>30 L<\/i><\/div>\n<\/div>\n<div class=\"row\" data-counter=\"84\" data-split=\"540\">\n<div class=\"col-xs-6\" title=\"Boja proizvoda\">Boja proizvoda<\/div>\n<div class=\"col-xs-6\" title=\"Crno\"><i>Crno<\/i><\/div>\n<\/div>\n<div class=\"row\" data-counter=\"114\" data-split=\"540\">\n<div class=\"col-xs-6\" title=\"Postavljanje ure\u0111aja\">Postavljanje ure\u0111aja<\/div>\n<div class=\"col-xs-6\" title=\"Samostoje\u0107e\"><i>Samostoje\u0107e<\/i><\/div>\n<\/div>\n<div class=\"row\" data-counter=\"144\" data-split=\"540\">\n<div class=\"col-xs-6\" title=\"Tip kontrolera\">Tip kontrolera<\/div>\n<div class=\"col-xs-6\" title=\"Obrtne\"><i>Obrtne<\/i><\/div>\n<\/div>\n<div class=\"row\" data-counter=\"174\" data-split=\"540\">\n<div class=\"col-xs-6\" title=\"Ugra\u0111eni ekrani\">Ugra\u0111eni ekrani<\/div>\n<div class=\"col-xs-6\" title=\"Ne\"><\/div>\n<\/div>\n<div class=\"row\" data-counter=\"204\" data-split=\"540\">\n<div class=\"col-xs-6\" title=\"Gornji i donji greja\u010di\">Gornji i donji greja\u010di<\/div>\n<div class=\"col-xs-6\" title=\"Da\"><\/div>\n<\/div>\n<div class=\"row\" data-counter=\"234\" data-split=\"540\">\n<div class=\"col-xs-6\" title=\"Gornji greja\u010d + konvekcija (pojedina\u010dni re\u017eim)\">Gornji greja\u010d + konvekcija (pojedina\u010dni re\u017eim)<\/div>\n<div class=\"col-xs-6\" title=\"Da\"><\/div>\n<\/div>\n<div class=\"row\" data-counter=\"264\" data-split=\"540\">\n<div class=\"col-xs-6\" title=\"Gornji i donji greja\u010d + konvekcija (pojedina\u010dni re\u017eim)\">Gornji i donji greja\u010d + konvekcija (pojedina\u010dni re\u017eim)<\/div>\n<div class=\"col-xs-6\" title=\"Da\"><\/div>\n<\/div>\n<div class=\"row\" data-counter=\"294\" data-split=\"540\">\n<div class=\"col-xs-6\" title=\"Donji greja\u010d\">Donji greja\u010d<\/div>\n<div class=\"col-xs-6\" title=\"Da\"><\/div>\n<\/div>\n<div class=\"row\" data-counter=\"324\" data-split=\"540\">\n<div class=\"col-xs-6\" title=\"Donji greja\u010d + konvekcija (pojedina\u010dni re\u017eim)\">Donji greja\u010d + konvekcija (pojedina\u010dni re\u017eim)<\/div>\n<div class=\"col-xs-6\" title=\"Da\"><\/div>\n<\/div>\n<div class=\"row\" data-counter=\"354\" data-split=\"540\">\n<div class=\"col-xs-6\" title=\"Gornji greja\u010d\">Gornji greja\u010d<\/div>\n<div class=\"col-xs-6\" title=\"Da\"><\/div>\n<\/div>\n<div class=\"row\" data-counter=\"384\" data-split=\"540\">\n<div class=\"col-xs-6\" title=\"Tajmer\">Tajmer<\/div>\n<div class=\"col-xs-6\" title=\"Da\"><\/div>\n<\/div>\n<div class=\"row\" data-counter=\"414\" data-split=\"540\">\n<div class=\"col-xs-6\" title=\"Tip tajmera\">Tip tajmera<\/div>\n<div class=\"col-xs-6\" title=\"Mehani\u010dka\"><i>Mehani\u010dka<\/i><\/div>\n<\/div>\n<div class=\"row\" data-counter=\"444\" data-split=\"540\">\n<div class=\"col-xs-6\" title=\"Vreme trajanja tajmera\">Vreme trajanja tajmera<\/div>\n<div class=\"col-xs-6\" title=\"60 min\"><i>60 min<\/i><\/div>\n<\/div>\n<\/div>\n<\/div>\n<\/div>\n<div class=\"col-md-6 col-sm-12\">\n<div class=\"feature-group\">\n<h4>Funkcije i programi za kuvanje<\/h4>\n<div class=\"features\">\n<div class=\"row\" data-counter=\"54\" data-split=\"540\">\n<div class=\"col-xs-6\" title=\"Ra\u017eanj\">Ra\u017eanj<\/div>\n<div class=\"col-xs-6\" title=\"Ne\"><\/div>\n<\/div>\n<div class=\"row\" data-counter=\"84\" data-split=\"540\">\n<div class=\"col-xs-6\" title=\"Gril\">Gril<\/div>\n<div class=\"col-xs-6\" title=\"Ne\"><\/div>\n<\/div>\n<div class=\"row\" data-counter=\"114\" data-split=\"540\">\n<div class=\"col-xs-6\" title=\"Kuvanje na pari\">Kuvanje na pari<\/div>\n<div class=\"col-xs-6\" title=\"Ne\"><\/div>\n<\/div>\n<\/div>\n<\/div>\n<div class=\"feature-group\">\n<h4>Menad\u017ement potro\u0161nje<\/h4>\n<div class=\"features\">\n<div class=\"row\" data-counter=\"168\" data-split=\"540\">\n<div class=\"col-xs-6\" title=\"Owen power\">Owen power<\/div>\n<div class=\"col-xs-6\" title=\"1600 W\"><i>1600 W<\/i><\/div>\n<\/div>\n<div class=\"row\" data-counter=\"198\" data-split=\"540\">\n<div class=\"col-xs-6\" title=\"Ulazni napon naizmeni\u010dne struje\">Ulazni napon naizmeni\u010dne struje<\/div>\n<div class=\"col-xs-6\" title=\"220-240 V\"><i>220-240 V<\/i><\/div>\n<\/div>\n<div class=\"row\" data-counter=\"228\" data-split=\"540\">\n<div class=\"col-xs-6\" title=\"Ulazna frekvencija naizmeni\u010dne struje\">Ulazna frekvencija naizmeni\u010dne struje<\/div>\n<div class=\"col-xs-6\" title=\"50-60 Hz\"><i>50-60 Hz<\/i><\/div>\n<\/div>\n<\/div>\n<\/div>\n<div class=\"feature-group\">\n<h4>Te\u017eina i dimenzije<\/h4>\n<div class=\"features\">\n<div class=\"row\" data-counter=\"282\" data-split=\"540\">\n<div class=\"col-xs-6\" title=\"\u0160irina\">\u0160irina<\/div>\n<div class=\"col-xs-6\" title=\"507 mm\"><i>507 mm<\/i><\/div>\n<\/div>\n<div class=\"row\" data-counter=\"312\" data-split=\"540\">\n<div class=\"col-xs-6\" title=\"Dubina\">Dubina<\/div>\n<div class=\"col-xs-6\" title=\"385 mm\"><i>385 mm<\/i><\/div>\n<\/div>\n<div class=\"row\" data-counter=\"342\" data-split=\"540\">\n<div class=\"col-xs-6\" title=\"Visina\">Visina<\/div>\n<div class=\"col-xs-6\" title=\"308 mm\"><i>308 mm<\/i><\/div>\n<\/div>\n<div class=\"row\" data-counter=\"372\" data-split=\"540\">\n<div class=\"col-xs-6\" title=\"Te\u017eina\">Te\u017eina<\/div>\n<div class=\"col-xs-6\" title=\"7,1 kg\"><i>7,1 kg<\/i><\/div>\n<\/div>\n<div class=\"row\" data-counter=\"402\" data-split=\"540\">\n<div class=\"col-xs-6\" title=\"Unutra\u0161nje dimenzije (\u0160xDxV)\">Unutra\u0161nje dimenzije (\u0160xDxV)<\/div>\n<div class=\"col-xs-6\" title=\"350 x 325 x 265 mm\"><i>350 x 325 x 265 mm<\/i><\/div>\n<\/div>\n<div class=\"row\" data-counter=\"432\" data-split=\"540\">\n<div class=\"col-xs-6\" title=\"\u0160irina paketa\">\u0160irina paketa<\/div>\n<div class=\"col-xs-6\" title=\"555 mm\"><i>555 mm<\/i><\/div>\n<\/div>\n<div class=\"row\" data-counter=\"462\" data-split=\"540\">\n<div class=\"col-xs-6\" title=\"Dubina paketa\">Dubina paketa<\/div>\n<div class=\"col-xs-6\" title=\"423 mm\"><i>423 mm<\/i><\/div>\n<\/div>\n<div class=\"row\" data-counter=\"492\" data-split=\"540\">\n<div class=\"col-xs-6\" title=\"Visina paketa\">Visina paketa<\/div>\n<div class=\"col-xs-6\" title=\"365 mm\"><i>365 mm<\/i><\/div>\n<\/div>\n<div class=\"row\" data-counter=\"522\" data-split=\"540\">\n<div class=\"col-xs-6\" title=\"Te\u017eina paketa\">Te\u017eina paketa<\/div>\n<div class=\"col-xs-6\" title=\"8,35 kg\"><i>8,35 kg<\/i><\/div>\n<\/div>\n<\/div>\n<\/div>\n<\/div>\n","protected":false},"excerpt":{"rendered":"<div class=\"row\" data-counter=\"282\" data-split=\"540\">\n<div class=\"col-xs-6\" title=\"\u0160irina\">\u0160irina<\/div>\n<div class=\"col-xs-6\" title=\"507 mm\"><i>507 mm<\/i><\/div>\n<\/div>\n<div class=\"row\" data-counter=\"312\" data-split=\"540\">\n<div class=\"col-xs-6\" title=\"Dubina\">Dubina<\/div>\n<div class=\"col-xs-6\" title=\"385 mm\"><i>385 mm<\/i><\/div>\n<\/div>\n<div class=\"row\" data-counter=\"342\" data-split=\"540\">\n<div class=\"col-xs-6\" title=\"Visina\">Visina<\/div>\n<div class=\"col-xs-6\" title=\"308 mm\"><i>308 mm<\/i><\/div>\n<\/div>\n<div class=\"row\" data-counter=\"372\" data-split=\"540\">\n<div class=\"col-xs-6\" title=\"Te\u017eina\">Te\u017eina<\/div>\n<div class=\"col-xs-6\" title=\"7,1 kg\"><i>7,1 kg<\/i><\/div>\n<\/div>\n","protected":false},"featured_media":12103,"comment_status":"open","ping_status":"closed","template":"","meta":{"inline_featured_image":false},"product_brand":[],"product_cat":[458],"product_tag":[],"class_list":{"0":"post-12102","1":"product","2":"type-product","3":"status-publish","4":"has-post-thumbnail","6":"product_cat-mini-rerene","8":"first","9":"instock","10":"sale","11":"shipping-taxable","12":"purchasable","13":"product-type-simple"},"_links":{"self":[{"href":"https:\/\/tehnikabacko.rs\/index.php\/wp-json\/wp\/v2\/product\/12102","targetHints":{"allow":["GET"]}}],"collection":[{"href":"https:\/\/tehnikabacko.rs\/index.php\/wp-json\/wp\/v2\/product"}],"about":[{"href":"https:\/\/tehnikabacko.rs\/index.php\/wp-json\/wp\/v2\/types\/product"}],"replies":[{"embeddable":true,"href":"https:\/\/tehnikabacko.rs\/index.php\/wp-json\/wp\/v2\/comments?post=12102"}],"wp:featuredmedia":[{"embeddable":true,"href":"https:\/\/tehnikabacko.rs\/index.php\/wp-json\/wp\/v2\/media\/12103"}],"wp:attachment":[{"href":"https:\/\/tehnikabacko.rs\/index.php\/wp-json\/wp\/v2\/media?parent=12102"}],"wp:term":[{"taxonomy":"product_brand","embeddable":true,"href":"https:\/\/tehnikabacko.rs\/index.php\/wp-json\/wp\/v2\/product_brand?post=12102"},{"taxonomy":"product_cat","embeddable":true,"href":"https:\/\/tehnikabacko.rs\/index.php\/wp-json\/wp\/v2\/product_cat?post=12102"},{"taxonomy":"product_tag","embeddable":true,"href":"https:\/\/tehnikabacko.rs\/index.php\/wp-json\/wp\/v2\/product_tag?post=12102"}],"curies":[{"name":"wp","href":"https:\/\/api.w.org\/{rel}","templated":true}]}}