{"id":12092,"date":"2026-04-23T12:17:37","date_gmt":"2026-04-23T12:17:37","guid":{"rendered":"https:\/\/tehnikabacko.rs\/?post_type=product&#038;p=12092"},"modified":"2026-04-23T12:17:37","modified_gmt":"2026-04-23T12:17:37","slug":"ingco-brusilica-ugaona-2200w-ag220018","status":"publish","type":"product","link":"https:\/\/tehnikabacko.rs\/index.php\/product\/ingco-brusilica-ugaona-2200w-ag220018\/","title":{"rendered":"Ingco brusilica ugaona 2200W AG220018"},"content":{"rendered":"<p>Brusilica ugaona 2200W Ingco AG220018<\/p>\n<p>Napon: 220-240V~50\/60Hz<br \/>\nUlazna snaga: 2200W<br \/>\nBroj obrtaja bez optere\u0107enja: 6600rpm<br \/>\nPre\u0113nik brusne plo\u010de: 230mm<br \/>\nNavoj osovine :M14<br \/>\n1 kom. pomo\u0107na ru\u010dka<br \/>\n1set dodatnih ugljeni\u010dnih \u010detkica<\/p>\n<p>Pakovano u kolornu kutiju<\/p>\n","protected":false},"excerpt":{"rendered":"<ul>\n<li><strong>Klju\u010dne Karakteristike:ingco brusilica 2200W<\/strong>\n<ul>\n<li><strong>Visoka Snaga:<\/strong>\u00a0Na\u0161e brusilice su opremljene sna\u017enim motorima koji omogu\u0107avaju brzu i efikasnu obradu materijala<\/li>\n<li><strong>Ergonomski Dizajn:<\/strong>\u00a0Ergonomi\u010dan dizajn i lagana konstrukcija omogu\u0107avaju udobno kori\u0161\u0107enje i smanjuju umor tokom du\u017eih sesija rada.<\/li>\n<li><strong>Izdr\u017eljivost i Pouzdanost:<\/strong>\u00a0INGCO brusilice su izra\u0111ene od visokokvalitetnih materijala koji osiguravaju dug \u017eivotni vek i otpornost na te\u0161ke uslove rada.<\/li>\n<li><strong>Sigurnosne Karakteristike:<\/strong>\u00a0Opremljene su sigurnosnim funkcijama kao \u0161to su za\u0161titne kapice i sigurnosni prekida\u010di, kako bi vam pru\u017eile dodatnu za\u0161titu tokom rada.<\/li>\n<\/ul>\n<\/li>\n<\/ul>\n","protected":false},"featured_media":12093,"comment_status":"open","ping_status":"closed","template":"","meta":{"inline_featured_image":false},"product_brand":[],"product_cat":[279,297],"product_tag":[],"class_list":{"0":"post-12092","1":"product","2":"type-product","3":"status-publish","4":"has-post-thumbnail","6":"product_cat-brusilica-elektricna","7":"product_cat-brusilice","9":"first","10":"instock","11":"sale","12":"shipping-taxable","13":"purchasable","14":"product-type-simple"},"_links":{"self":[{"href":"https:\/\/tehnikabacko.rs\/index.php\/wp-json\/wp\/v2\/product\/12092","targetHints":{"allow":["GET"]}}],"collection":[{"href":"https:\/\/tehnikabacko.rs\/index.php\/wp-json\/wp\/v2\/product"}],"about":[{"href":"https:\/\/tehnikabacko.rs\/index.php\/wp-json\/wp\/v2\/types\/product"}],"replies":[{"embeddable":true,"href":"https:\/\/tehnikabacko.rs\/index.php\/wp-json\/wp\/v2\/comments?post=12092"}],"wp:featuredmedia":[{"embeddable":true,"href":"https:\/\/tehnikabacko.rs\/index.php\/wp-json\/wp\/v2\/media\/12093"}],"wp:attachment":[{"href":"https:\/\/tehnikabacko.rs\/index.php\/wp-json\/wp\/v2\/media?parent=12092"}],"wp:term":[{"taxonomy":"product_brand","embeddable":true,"href":"https:\/\/tehnikabacko.rs\/index.php\/wp-json\/wp\/v2\/product_brand?post=12092"},{"taxonomy":"product_cat","embeddable":true,"href":"https:\/\/tehnikabacko.rs\/index.php\/wp-json\/wp\/v2\/product_cat?post=12092"},{"taxonomy":"product_tag","embeddable":true,"href":"https:\/\/tehnikabacko.rs\/index.php\/wp-json\/wp\/v2\/product_tag?post=12092"}],"curies":[{"name":"wp","href":"https:\/\/api.w.org\/{rel}","templated":true}]}}