{"id":12089,"date":"2026-04-22T15:18:13","date_gmt":"2026-04-22T15:18:13","guid":{"rendered":"https:\/\/tehnikabacko.rs\/?post_type=product&#038;p=12089"},"modified":"2026-04-22T15:18:13","modified_gmt":"2026-04-22T15:18:13","slug":"fuse-akumulatorski-pistolj-za-farbanje-vln-9721","status":"publish","type":"product","link":"https:\/\/tehnikabacko.rs\/index.php\/product\/fuse-akumulatorski-pistolj-za-farbanje-vln-9721\/","title":{"rendered":"Fuse akumulatorski pistolj za farbanje VLN 9721"},"content":{"rendered":"<table class=\"table product-attrbite-table\">\n<thead>\n<tr>\n<th>Karakteristika<\/th>\n<th>Vrednost<\/th>\n<\/tr>\n<\/thead>\n<tbody>\n<tr>\n<td>Kategorija<\/td>\n<td><a title=\"Fuse pi\u0161tolji za farbanje\" href=\"https:\/\/b2b.agromarket.rs\/fuse-pistolji-za-farbanje\">Fuse pi\u0161tolji za farbanje<\/a><\/td>\n<\/tr>\n<tr class=\"attr-table-product-weight\">\n<td>Te\u017eina pakovanja<\/td>\n<td>1.72 kg<\/td>\n<\/tr>\n<tr class=\"attr-brend\">\n<td>Brend<\/td>\n<td><a title=\"Villager\" href=\"https:\/\/b2b.agromarket.rs\/proizvodi\/brend-villager\">Villager<\/a><\/td>\n<\/tr>\n<tr class=\"attr-tip-elektromotora\">\n<td>Tip elektromotora<\/td>\n<td>Kolektorski<\/td>\n<\/tr>\n<tr class=\"attr-produzena-garancija\">\n<td>Produ\u017eena garancija<\/td>\n<td>5 godina<\/td>\n<\/tr>\n<tr class=\"attr-kapacitet-alati-za-specijalnu-namenu\">\n<td>Kapacitet &#8211; alati za specijalnu namenu<\/td>\n<td>1000 ml<\/td>\n<\/tr>\n<tr class=\"attr-maksimalni-protok-alati-za-specijalnu-namenu\">\n<td>Maksimalni protok &#8211; alati za specijalnu namenu<\/td>\n<td>600 ml\/min<\/td>\n<\/tr>\n<tr class=\"attr-precnik-mlaznice\">\n<td>Pre\u010dnik mlaznice<\/td>\n<td>2.2 mm<\/td>\n<\/tr>\n<\/tbody>\n<\/table>\n<p>Vreme rada sa Fuse baterijom:<\/p>\n<p>1.5Ah &#8211; 8 min<br \/>\n2Ah &#8211; 10 min<br \/>\n3Ah &#8211; 15 min<br \/>\n4Ah &#8211; 20 min<br \/>\n6Ah &#8211; 30 min<\/p>\n<p>Preporu\u010deni tipovi baterija: 2Ah, 3Ah, 4Ah, 6Ah<\/p>\n<p>Napomena: ure\u0111aj se isporu\u010duje bez punja\u010da i baterije.<\/p>\n","protected":false},"excerpt":{"rendered":"<p>Fuse VLN 9720 pi\u0161tolj za farbanje je neophodna alatka za brzo obavljane farbarskih poslova. Ostvarite savr\u0161eno ofarbanu povr\u0161inu sa minimalno napora.<\/p>\n","protected":false},"featured_media":12090,"comment_status":"open","ping_status":"closed","template":"","meta":{"inline_featured_image":false},"product_brand":[],"product_cat":[456],"product_tag":[],"class_list":{"0":"post-12089","1":"product","2":"type-product","3":"status-publish","4":"has-post-thumbnail","6":"product_cat-aku-pistolj-za-farbanje","8":"first","9":"instock","10":"sale","11":"shipping-taxable","12":"purchasable","13":"product-type-simple"},"_links":{"self":[{"href":"https:\/\/tehnikabacko.rs\/index.php\/wp-json\/wp\/v2\/product\/12089","targetHints":{"allow":["GET"]}}],"collection":[{"href":"https:\/\/tehnikabacko.rs\/index.php\/wp-json\/wp\/v2\/product"}],"about":[{"href":"https:\/\/tehnikabacko.rs\/index.php\/wp-json\/wp\/v2\/types\/product"}],"replies":[{"embeddable":true,"href":"https:\/\/tehnikabacko.rs\/index.php\/wp-json\/wp\/v2\/comments?post=12089"}],"wp:featuredmedia":[{"embeddable":true,"href":"https:\/\/tehnikabacko.rs\/index.php\/wp-json\/wp\/v2\/media\/12090"}],"wp:attachment":[{"href":"https:\/\/tehnikabacko.rs\/index.php\/wp-json\/wp\/v2\/media?parent=12089"}],"wp:term":[{"taxonomy":"product_brand","embeddable":true,"href":"https:\/\/tehnikabacko.rs\/index.php\/wp-json\/wp\/v2\/product_brand?post=12089"},{"taxonomy":"product_cat","embeddable":true,"href":"https:\/\/tehnikabacko.rs\/index.php\/wp-json\/wp\/v2\/product_cat?post=12089"},{"taxonomy":"product_tag","embeddable":true,"href":"https:\/\/tehnikabacko.rs\/index.php\/wp-json\/wp\/v2\/product_tag?post=12089"}],"curies":[{"name":"wp","href":"https:\/\/api.w.org\/{rel}","templated":true}]}}