{"id":12087,"date":"2026-04-22T15:13:57","date_gmt":"2026-04-22T15:13:57","guid":{"rendered":"https:\/\/tehnikabacko.rs\/?post_type=product&#038;p=12087"},"modified":"2026-04-22T15:13:57","modified_gmt":"2026-04-22T15:13:57","slug":"villager-fuse-akumulatorski-duvac-za-lisce-villager-vbv-2420","status":"publish","type":"product","link":"https:\/\/tehnikabacko.rs\/index.php\/product\/villager-fuse-akumulatorski-duvac-za-lisce-villager-vbv-2420\/","title":{"rendered":"Villager FUSE akumulatorski duva\u010d za li\u0161\u0107e Villager VBV 2420"},"content":{"rendered":"<table class=\"table product-attrbite-table\">\n<thead>\n<tr>\n<th>Karakteristika<\/th>\n<th>Vrednost<\/th>\n<\/tr>\n<\/thead>\n<tbody>\n<tr>\n<td>Kategorija<\/td>\n<td><a title=\"Fuse duva\u010di\" href=\"https:\/\/b2b.agromarket.rs\/fuse-duvaci\">Fuse duva\u010di<\/a><\/td>\n<\/tr>\n<tr class=\"attr-table-product-weight\">\n<td>Te\u017eina pakovanja<\/td>\n<td>2.85 kg<\/td>\n<\/tr>\n<tr class=\"attr-brend\">\n<td>Brend<\/td>\n<td><a title=\"Villager\" href=\"https:\/\/b2b.agromarket.rs\/proizvodi\/brend-villager\">Villager<\/a><\/td>\n<\/tr>\n<tr class=\"attr-napon\">\n<td>Napon<\/td>\n<td>18 V<\/td>\n<\/tr>\n<tr class=\"attr-broj-obrtaja-el-aku-uredjaji\">\n<td>Broj obrtaja &#8211; el.\/aku. ure\u0111aji<\/td>\n<td>13000 &#8211; 16000 rpm<\/td>\n<\/tr>\n<tr class=\"attr-maksimalni-protok-vazduha\">\n<td>Maksimalni protok vazduha<\/td>\n<td>570 m\u00b3\/min<\/td>\n<\/tr>\n<tr class=\"attr-maksimalna-brzina-izduvavanja\">\n<td>Maksimalna brzina izduvavanja<\/td>\n<td>144 km\/h<\/td>\n<\/tr>\n<tr class=\"attr-produzena-garancija\">\n<td>Produ\u017eena garancija<\/td>\n<td>5 godina<\/td>\n<\/tr>\n<\/tbody>\n<\/table>\n<p>&#8211; Nivo zvu\u010dnog pritiska: 76.3 dB(A)<br \/>\n&#8211; Izmereni nivo zvu\u010dne snage: 90.9 dB(A)<br \/>\n&#8211; Garantovani nivo zvu\u010dne snage: 94 dB(A)<br \/>\n&#8211; Vibracije:0.49 m\/s\u00b2<\/p>\n<p>Vreme rada sa baterijom:<br \/>\n1.5Ah &#8211; 7 min<br \/>\n2Ah &#8211; 12 min<br \/>\n3Ah &#8211; 17 min<br \/>\n4Ah &#8211; 20 min<br \/>\n6Ah &#8211; 30 min<\/p>\n<p>Vreme punjenja sa punja\u010dem:<br \/>\n2.4A\/1.5Ah &#8211; 45 min; 2.4A\/2Ah &#8211; 60 min; 2.4A\/3Ah &#8211; 90 min; 2.4A\/4Ah &#8211; 120 min; 2.4A\/6Ah &#8211; 180 min<br \/>\n4.5A\/1.5Ah &#8211; 45 min; 4.5A\/2Ah &#8211; 55 min; 4.5A\/3Ah &#8211; 55 min; 4.5A\/4Ah &#8211; 65 min; 4.5A\/6Ah &#8211; 90 min<br \/>\n2&#215;4.5A\/1.5Ah &#8211; 45 min; 2&#215;4.5A\/2Ah &#8211; 55 min; 2&#215;4.5A\/3Ah &#8211; 55 min; 2&#215;4.5A\/4Ah &#8211; 65 min; 2&#215;4.5A\/6Ah &#8211; 90 min<\/p>\n<p>Preporu\u010deni punja\u010di<br \/>\n2.4A, 4.5A, 2&#215;4.5A<\/p>\n<p>Napomena: Ure\u0111aj se isporu\u010duje bez baterije i punja\u010da<\/p>\n","protected":false},"excerpt":{"rendered":"<p>Duva\u010d li\u0161\u0107a je namenjen za \u010di\u0161\u0107enje li\u0161\u0107a, trave i sitnog otpada. Ure\u0111aj koristi napajanje od 18 V, \u0161to omogu\u0107ava be\u017ei\u010dan rad i laku pokretljivost. Opremljen je turbo funkcijom za poja\u010dani protok vazduha, namenjenom za zahtevnije situacije (kada su listovi vla\u017eni, te\u0161ki ili zaglavljeni). Ure\u0111aj ima ergonomski<br \/>\nrukohvat, On\/Off prekida\u010d i izmenjivu cev duva\u010da. Predvi\u0111en je za ku\u0107nu upotrebu.<\/p>\n","protected":false},"featured_media":12088,"comment_status":"open","ping_status":"closed","template":"","meta":{"inline_featured_image":false},"product_brand":[],"product_cat":[412],"product_tag":[],"class_list":{"0":"post-12087","1":"product","2":"type-product","3":"status-publish","4":"has-post-thumbnail","6":"product_cat-aku-duvac-usisivac-lisca","8":"first","9":"instock","10":"sale","11":"shipping-taxable","12":"purchasable","13":"product-type-simple"},"_links":{"self":[{"href":"https:\/\/tehnikabacko.rs\/index.php\/wp-json\/wp\/v2\/product\/12087","targetHints":{"allow":["GET"]}}],"collection":[{"href":"https:\/\/tehnikabacko.rs\/index.php\/wp-json\/wp\/v2\/product"}],"about":[{"href":"https:\/\/tehnikabacko.rs\/index.php\/wp-json\/wp\/v2\/types\/product"}],"replies":[{"embeddable":true,"href":"https:\/\/tehnikabacko.rs\/index.php\/wp-json\/wp\/v2\/comments?post=12087"}],"wp:featuredmedia":[{"embeddable":true,"href":"https:\/\/tehnikabacko.rs\/index.php\/wp-json\/wp\/v2\/media\/12088"}],"wp:attachment":[{"href":"https:\/\/tehnikabacko.rs\/index.php\/wp-json\/wp\/v2\/media?parent=12087"}],"wp:term":[{"taxonomy":"product_brand","embeddable":true,"href":"https:\/\/tehnikabacko.rs\/index.php\/wp-json\/wp\/v2\/product_brand?post=12087"},{"taxonomy":"product_cat","embeddable":true,"href":"https:\/\/tehnikabacko.rs\/index.php\/wp-json\/wp\/v2\/product_cat?post=12087"},{"taxonomy":"product_tag","embeddable":true,"href":"https:\/\/tehnikabacko.rs\/index.php\/wp-json\/wp\/v2\/product_tag?post=12087"}],"curies":[{"name":"wp","href":"https:\/\/api.w.org\/{rel}","templated":true}]}}