{"id":12077,"date":"2026-04-21T10:43:18","date_gmt":"2026-04-21T10:43:18","guid":{"rendered":"https:\/\/tehnikabacko.rs\/?post_type=product&#038;p=12077"},"modified":"2026-04-21T10:43:18","modified_gmt":"2026-04-21T10:43:18","slug":"ingco-cosli251001e-akumulatorski-set-vibraciona-busilica-zeleni-linijski-laser-laserski-daljinomer","status":"publish","type":"product","link":"https:\/\/tehnikabacko.rs\/index.php\/product\/ingco-cosli251001e-akumulatorski-set-vibraciona-busilica-zeleni-linijski-laser-laserski-daljinomer\/","title":{"rendered":"Ingco COSLI251001E Akumulatorski set vibraciona bu\u0161ilica + zeleni linijski laser + laserski daljinomer"},"content":{"rendered":"<p>Ingco COSLI251001E Akumulatorski set vibraciona bu\u0161ilica + zeleni linijski laser + laserski daljinomer,\u00a020V 2 x 2,0Ah baterija + punja\u010d + kofer<\/p>\n<p>Akumulatorska udarna bu\u0161lica-odvija\u010d, bez \u010detkica\u00a0(CIDLI208681)<br \/>\nMotor bez \u010detkica<br \/>\nNapon: 20 V<br \/>\nBroj obrtaja bez optere\u0107enja: 0\u2013500 \/ 0\u20132000 o\/min<br \/>\nMaksimalni broj udaraca: 30000 bpm<br \/>\nMaksimalni obrtni moment: 86 Nm<br \/>\nMetalna glava<br \/>\nKapacitet stezne glave: 13 mm<br \/>\nPode\u0161avanje obrtnog momenta: 22+1+1<br \/>\nMehani\u010dki menja\u010d sa dve brzine<br \/>\nFunkcija blokade vretena<br \/>\nIntegrisano LED radno svetlo<\/p>\n<p>Samoniveli\u0161u\u0107i linijski laser (HLL156601)\u00a0 Zeleni linijski laser<br \/>\nRadni domet: 0\u201335 m<br \/>\nTa\u010dnost nivelisanja: \u00b11,5 mm na 7 m\u00a0 Ta\u010dnost linije: \u00b11,5 mm na 7 m<br \/>\nVreme nivelisanja: &lt;3 s<br \/>\nUgao samonivelisanja: &lt;4\u00b0<br \/>\nTip lasera: 520 \u00b110 nm<br \/>\nKlasa lasera: II, &lt;1 mW<br \/>\nHorizontalna i vertikalna linija<br \/>\nRadna temperatura: 0 do +40 \u00b0C<br \/>\nTemperatura skladi\u0161tenja: -10 do +50 \u00b0C<\/p>\n<p>Laserski mera\u010d udaljenosti (HLDD0708)<br \/>\nOpseg merenja: 0,05\u201370 m<br \/>\nTa\u010dnost merenja: \u00b12,0 mm<br \/>\nTip lasera: 635 nm, &lt;1 mW,<br \/>\nklasa 2<br \/>\nFunkcije: pojedina\u010dno merenje \/ kontinuirano merenje \/ indirektno merenje\/ merenje povr\u0161ine \/ merenje zapremine \/jednostruko merenje po Pitagorinoj teoremi \/ dvostruki Pitagora plus \/ dvostruki Pitagora minus \/ dvostruko merenje povr\u0161ine<\/p>\n<p>Obim isporuke:<br \/>\n2 kom. baterija od 2,0 Ah (FBLI2001)<br \/>\n1 kom. punja\u010d (FCLI2001E) Napon punjenja: 220\u2013240 V ~ 50\/60 Hz<br \/>\n3 kom. pljosnatih burgija za drvo (16, 19, 22 mm)<br \/>\n3 kom. burgija za zid (5, 6, 8 mm)<br \/>\n3 kom. HSS burgija (4, 5, 6 mm)<br \/>\n2 kom. udarnih nastavaka za odvija\u010d<br \/>\n65 mm (PH2+PH2, PH2+SL6)<br \/>\nBaterije: 2 x 1,5 V AAA<br \/>\nBaterije LR6 AA (1,5 V) x 3<br \/>\n1 kom. magnetni nosa\u010d<br \/>\nPakovano u transportni kofer<\/p>\n<p>Garancija: 36 meseci<\/p>\n","protected":false},"excerpt":{"rendered":"<p>Obim isporuke:<br \/>\n2 kom. baterija od 2,0 Ah (FBLI2001)<br \/>\n1 kom. punja\u010d (FCLI2001E) Napon punjenja: 220\u2013240 V ~ 50\/60 Hz<br \/>\n3 kom. pljosnatih burgija za drvo (16, 19, 22 mm)<br \/>\n3 kom. burgija za zid (5, 6, 8 mm)<br \/>\n3 kom. HSS burgija (4, 5, 6 mm)<br \/>\n2 kom. udarnih nastavaka za odvija\u010d<br \/>\n65 mm (PH2+PH2, PH2+SL6)<br \/>\nBaterije: 2 x 1,5 V AAA<br \/>\nBaterije LR6 AA (1,5 V) x 3<br \/>\n1 kom. magnetni nosa\u010d<br \/>\nPakovano u transportni kofer<\/p>\n<p>Garancija: 36 meseci<\/p>\n","protected":false},"featured_media":12078,"comment_status":"open","ping_status":"closed","template":"","meta":{"inline_featured_image":false},"product_brand":[],"product_cat":[396],"product_tag":[],"class_list":{"0":"post-12077","1":"product","2":"type-product","3":"status-publish","4":"has-post-thumbnail","6":"product_cat-aku-set-alata","8":"first","9":"instock","10":"sale","11":"shipping-taxable","12":"purchasable","13":"product-type-simple"},"_links":{"self":[{"href":"https:\/\/tehnikabacko.rs\/index.php\/wp-json\/wp\/v2\/product\/12077","targetHints":{"allow":["GET"]}}],"collection":[{"href":"https:\/\/tehnikabacko.rs\/index.php\/wp-json\/wp\/v2\/product"}],"about":[{"href":"https:\/\/tehnikabacko.rs\/index.php\/wp-json\/wp\/v2\/types\/product"}],"replies":[{"embeddable":true,"href":"https:\/\/tehnikabacko.rs\/index.php\/wp-json\/wp\/v2\/comments?post=12077"}],"wp:featuredmedia":[{"embeddable":true,"href":"https:\/\/tehnikabacko.rs\/index.php\/wp-json\/wp\/v2\/media\/12078"}],"wp:attachment":[{"href":"https:\/\/tehnikabacko.rs\/index.php\/wp-json\/wp\/v2\/media?parent=12077"}],"wp:term":[{"taxonomy":"product_brand","embeddable":true,"href":"https:\/\/tehnikabacko.rs\/index.php\/wp-json\/wp\/v2\/product_brand?post=12077"},{"taxonomy":"product_cat","embeddable":true,"href":"https:\/\/tehnikabacko.rs\/index.php\/wp-json\/wp\/v2\/product_cat?post=12077"},{"taxonomy":"product_tag","embeddable":true,"href":"https:\/\/tehnikabacko.rs\/index.php\/wp-json\/wp\/v2\/product_tag?post=12077"}],"curies":[{"name":"wp","href":"https:\/\/api.w.org\/{rel}","templated":true}]}}