{"id":12064,"date":"2026-04-14T12:26:45","date_gmt":"2026-04-14T12:26:45","guid":{"rendered":"https:\/\/tehnikabacko.rs\/?post_type=product&#038;p=12064"},"modified":"2026-04-14T12:26:45","modified_gmt":"2026-04-14T12:26:45","slug":"kompresor-vat-50-l-prime","status":"publish","type":"product","link":"https:\/\/tehnikabacko.rs\/index.php\/product\/kompresor-vat-50-l-prime\/","title":{"rendered":"Kompresor VAT 50 l Prime"},"content":{"rendered":"<table class=\"table product-attrbite-table\">\n<thead>\n<tr>\n<th>Karakteristika<\/th>\n<th>Vrednost<\/th>\n<\/tr>\n<\/thead>\n<tbody>\n<tr>\n<td>Kategorija<\/td>\n<td><a title=\"Kompresori\" href=\"https:\/\/www.villagerstore.com\/kompresori\">Kompresori<\/a><\/td>\n<\/tr>\n<tr class=\"attr-table-product-weight\">\n<td>Te\u017eina pakovanja<\/td>\n<td>28.45 kg<\/td>\n<\/tr>\n<tr class=\"attr-brend\">\n<td>Brend<\/td>\n<td><a title=\"Villager\" href=\"https:\/\/www.villagerstore.com\/proizvodi\/web-brend-proizvodjac-villager\">Villager<\/a><\/td>\n<\/tr>\n<tr class=\"attr-tip-elektromotora\">\n<td>Tip elektromotora<\/td>\n<td>Redni motor<\/td>\n<\/tr>\n<tr class=\"attr-napon\">\n<td>Napon<\/td>\n<td>230 V ~ 50 Hz<\/td>\n<\/tr>\n<tr class=\"attr-prikljucna-snaga\">\n<td>Priklju\u010dna snaga<\/td>\n<td>1500 W<\/td>\n<\/tr>\n<tr class=\"attr-broj-obrtaja-el-aku-uredjaji\">\n<td>Broj obrtaja &#8211; el.\/aku. ure\u0111aji<\/td>\n<td>2850 rpm<\/td>\n<\/tr>\n<tr class=\"attr-produzena-garancija\">\n<td>Produ\u017eena garancija<\/td>\n<td>3 godine<\/td>\n<\/tr>\n<tr class=\"attr-broj-izlaza\">\n<td>Broj izlaza<\/td>\n<td>2<\/td>\n<\/tr>\n<tr class=\"attr-protok-vazduha-kompresori\">\n<td>Protok vazduha &#8211; kompresori<\/td>\n<td>186 l\/min<\/td>\n<\/tr>\n<tr class=\"attr-radni-pritisak-kompresori\">\n<td>Radni pritisak &#8211; kompresori<\/td>\n<td>8 bar<\/td>\n<\/tr>\n<tr class=\"attr-zapremina-rezervoara-kompresori\">\n<td>Zapremina rezervoara &#8211; kompresori<\/td>\n<td>50 l<\/td>\n<\/tr>\n<\/tbody>\n<\/table>\n","protected":false},"excerpt":{"rendered":"<div class=\"product-model\">Model ure\u0111aja:\u00a0VAT 50 PRIME<\/div>\n<div class=\"description  read-more-text\" data-characters=\"320\" data-characters-mobile=\"250\" data-lesstext=\"Manje detalja\" data-moretext=\"Detaljnije\"><span class=\"morecontent\"><span class=\"full-content content-full\">Villager VAT 50 L Prime je uljni kompresor namenjen proizvodnji komprimovanog vazduha za razne pneumatske alate. Opremljen je sna\u017enim motorom od 1,5 kW, rezervoarom od 50 litara i sistemom sigurnosnih komponenti. Zahvaljuju\u0107i to\u010dkovima, ru\u010dki i stabilnoj konstrukciji, jednostavan je za transport<br \/>\ni upotrebu. Kompresor nudi pouzdan rad, automatsku kontrolu pritiska i jednostavno odr\u017eavanje.<\/span><\/span><\/div>\n","protected":false},"featured_media":12065,"comment_status":"open","ping_status":"closed","template":"","meta":{"inline_featured_image":false},"product_brand":[],"product_cat":[166],"product_tag":[],"class_list":{"0":"post-12064","1":"product","2":"type-product","3":"status-publish","4":"has-post-thumbnail","6":"product_cat-kompresori","8":"first","9":"instock","10":"sale","11":"shipping-taxable","12":"purchasable","13":"product-type-simple"},"_links":{"self":[{"href":"https:\/\/tehnikabacko.rs\/index.php\/wp-json\/wp\/v2\/product\/12064","targetHints":{"allow":["GET"]}}],"collection":[{"href":"https:\/\/tehnikabacko.rs\/index.php\/wp-json\/wp\/v2\/product"}],"about":[{"href":"https:\/\/tehnikabacko.rs\/index.php\/wp-json\/wp\/v2\/types\/product"}],"replies":[{"embeddable":true,"href":"https:\/\/tehnikabacko.rs\/index.php\/wp-json\/wp\/v2\/comments?post=12064"}],"wp:featuredmedia":[{"embeddable":true,"href":"https:\/\/tehnikabacko.rs\/index.php\/wp-json\/wp\/v2\/media\/12065"}],"wp:attachment":[{"href":"https:\/\/tehnikabacko.rs\/index.php\/wp-json\/wp\/v2\/media?parent=12064"}],"wp:term":[{"taxonomy":"product_brand","embeddable":true,"href":"https:\/\/tehnikabacko.rs\/index.php\/wp-json\/wp\/v2\/product_brand?post=12064"},{"taxonomy":"product_cat","embeddable":true,"href":"https:\/\/tehnikabacko.rs\/index.php\/wp-json\/wp\/v2\/product_cat?post=12064"},{"taxonomy":"product_tag","embeddable":true,"href":"https:\/\/tehnikabacko.rs\/index.php\/wp-json\/wp\/v2\/product_tag?post=12064"}],"curies":[{"name":"wp","href":"https:\/\/api.w.org\/{rel}","templated":true}]}}