{"id":12059,"date":"2026-04-10T11:31:41","date_gmt":"2026-04-10T11:31:41","guid":{"rendered":"https:\/\/tehnikabacko.rs\/?post_type=product&#038;p=12059"},"modified":"2026-04-10T11:31:41","modified_gmt":"2026-04-10T11:31:41","slug":"masina-za-secenje-plocica-htc04802-800mm-16mm-super-ingco","status":"publish","type":"product","link":"https:\/\/tehnikabacko.rs\/index.php\/product\/masina-za-secenje-plocica-htc04802-800mm-16mm-super-ingco\/","title":{"rendered":"Ma\u0161ina za se\u010denje plo\u010dica HTC04802 800mm-16mm SUPER INGCO"},"content":{"rendered":"<p><strong>Tehni\u010dke karakteristike proizvoda:<\/strong><\/p>\n<ul>\n<li>Brend: SUPER INGCO<\/li>\n<li>Model: HTC04802<\/li>\n<li>Maksimalna du\u017eina se\u010denja: 800mm<\/li>\n<li>Maksimalna debljina se\u010denja: 16mm<\/li>\n<li>Aluminijumska livena dr\u0161ka<\/li>\n<li>Veli\u010dina se\u010diva: 22x6x2mm<\/li>\n<li>Se\u010divo sa kugli\u010dnim le\u017eajevima od volfram karbida<\/li>\n<li>\u010cvrsti sedanski no\u017eevi<\/li>\n<li>Debljina osnove: 2mm<\/li>\n<li>Veli\u010dina \u010deli\u010dne osnove: 1015 x 200mm<\/li>\n<li>Ekstra duga\u010dki aluminijumski kliza\u010di<\/li>\n<li>Vi\u0161enamenski: direktno se\u010denje linija, dijagonalno se\u010denje linija<\/li>\n<li>Pre\u010dnik klizne \u0161ipke: 20mm<\/li>\n<li>Te\u017eina: 12 kg.<\/li>\n<\/ul>\n<p><strong>Obim isporuke proizvoda:<\/strong><\/p>\n<ul>\n<li>HTC04802 Ma\u0161ina za se\u010denje plo\u010dica 800mm-16mm Super Ingco<\/li>\n<li>Uputstvo za upotrebu proizvoda<\/li>\n<li>Transportna torba<\/li>\n<li>Kartonsko pakovanje<\/li>\n<\/ul>\n","protected":false},"excerpt":{"rendered":"<p>Ru\u010dni reza\u010d plo\u010dica HTC04802 je dizajniran za glatko i precizno se\u010denje kerami\u010dkih plo\u010dica du\u017eine do 80 cm.<br \/>\nAlat vam omoguc\u0301ava da se\u010dete pravo i dijagonalno.<br \/>\nZamenljivi rezni valjci imaju dug vek trajanja jer su napravljeni od volfram karbida, koji obezbe\u0111uje tvrdoc\u0301u i otpornost na habanje. Metalna podloga je prekrivena mekim materijalom, \u0161to u velikoj meri pojednostavljuje proces lomljenja plo\u010dica bez lomljenja.<br \/>\nErgonomski oblikovana ru\u010dka omoguc\u0301ava udoban rad.<\/p>\n","protected":false},"featured_media":12060,"comment_status":"open","ping_status":"closed","template":"","meta":{"inline_featured_image":false},"product_brand":[],"product_cat":[426],"product_tag":[],"class_list":{"0":"post-12059","1":"product","2":"type-product","3":"status-publish","4":"has-post-thumbnail","6":"product_cat-masina-za-secenje-plocica","8":"first","9":"instock","10":"sale","11":"shipping-taxable","12":"purchasable","13":"product-type-simple"},"_links":{"self":[{"href":"https:\/\/tehnikabacko.rs\/index.php\/wp-json\/wp\/v2\/product\/12059","targetHints":{"allow":["GET"]}}],"collection":[{"href":"https:\/\/tehnikabacko.rs\/index.php\/wp-json\/wp\/v2\/product"}],"about":[{"href":"https:\/\/tehnikabacko.rs\/index.php\/wp-json\/wp\/v2\/types\/product"}],"replies":[{"embeddable":true,"href":"https:\/\/tehnikabacko.rs\/index.php\/wp-json\/wp\/v2\/comments?post=12059"}],"wp:featuredmedia":[{"embeddable":true,"href":"https:\/\/tehnikabacko.rs\/index.php\/wp-json\/wp\/v2\/media\/12060"}],"wp:attachment":[{"href":"https:\/\/tehnikabacko.rs\/index.php\/wp-json\/wp\/v2\/media?parent=12059"}],"wp:term":[{"taxonomy":"product_brand","embeddable":true,"href":"https:\/\/tehnikabacko.rs\/index.php\/wp-json\/wp\/v2\/product_brand?post=12059"},{"taxonomy":"product_cat","embeddable":true,"href":"https:\/\/tehnikabacko.rs\/index.php\/wp-json\/wp\/v2\/product_cat?post=12059"},{"taxonomy":"product_tag","embeddable":true,"href":"https:\/\/tehnikabacko.rs\/index.php\/wp-json\/wp\/v2\/product_tag?post=12059"}],"curies":[{"name":"wp","href":"https:\/\/api.w.org\/{rel}","templated":true}]}}