{"id":12051,"date":"2026-04-06T13:31:45","date_gmt":"2026-04-06T13:31:45","guid":{"rendered":"https:\/\/tehnikabacko.rs\/?post_type=product&#038;p=12051"},"modified":"2026-04-06T13:31:45","modified_gmt":"2026-04-06T13:31:45","slug":"scheppach-aku-trimer-za-travu-ixes-solo-c-lt300-x-set-punjac-2-4a-i-baterija-2-0ah","status":"publish","type":"product","link":"https:\/\/tehnikabacko.rs\/index.php\/product\/scheppach-aku-trimer-za-travu-ixes-solo-c-lt300-x-set-punjac-2-4a-i-baterija-2-0ah\/","title":{"rendered":"Scheppach aku trimer za travu IXES Solo C-LT300-X + set punja\u010d 2.4A i baterija 2.0Ah"},"content":{"rendered":"<p>Karakteristike:<br \/>\nNapon: 20 V IXES.<br \/>\nVrsta akumulatora: Li-ion.<br \/>\nRu\u010dke: D &#8211; tip.<br \/>\nMaksimalni kapacitet sje\u010denja: 300 mm.<br \/>\nPre\u010dnik rezne niti: 1.6 mm.<br \/>\nDodatne informacije: Vodilica koja se mo\u017ee produ\u017eiti za 270 mm \u2013 za ergonomski radni polo\u017eaj.<br \/>\nGlava motora koja se mo\u017ee rotirati i naginjati za 90\u00b0.<br \/>\nOpremljen je plasti\u010dnom za\u0161titom koja \u0161titi korisnika od odba\u010denih delova trave.<br \/>\nSistem automatskog namotavanja \u017eice omogu\u0107ava jednostavno odr\u017eavanje.<br \/>\nRobusna konstrukcija obezbe\u0111uje dug vek trajanja i otpornost na habanje.<\/p>\n<p>Dimenzije:<br \/>\n1220 x 224 x 218 mm<\/p>\n<p>Obim isporuke:<br \/>\nAku trimer za travu<br \/>\n2 x Glava sa silkom (1 namotnirana)<\/p>\n","protected":false},"excerpt":{"rendered":"<p><b>Scheppach aku trimer za travu IXES Solo C-LT300-X + set punja\u010d 2.4A i baterija 2.0Ah<\/b>\u00a0je savr\u0161en alat za odr\u017eavanje travnjaka i vrtova.<br \/>\nOvaj trimer je opremljen sna\u017enim motorom koji omogu\u0107ava lako \u0161i\u0161anje trave.<br \/>\n<b>Aku trimer za travu IXES Solo Scheppach C-LT300-X + set punja\u010d 2.4A i baterija 2.0Ah<\/b>\u00a0ima mogu\u0107nost pode\u0161avanja visine rezanja, \u0161to omogu\u0107ava prilago\u0111avanje razli\u010ditim uslovima.<br \/>\nIdealan izbor za svakog vlasnika vrta ili travnjaka<\/p>\n","protected":false},"featured_media":12052,"comment_status":"open","ping_status":"closed","template":"","meta":{"inline_featured_image":false},"product_brand":[],"product_cat":[318,290],"product_tag":[],"class_list":{"0":"post-12051","1":"product","2":"type-product","3":"status-publish","4":"has-post-thumbnail","6":"product_cat-aku-trimeri","7":"product_cat-trimeri-za-travu","9":"first","10":"instock","11":"sale","12":"shipping-taxable","13":"purchasable","14":"product-type-simple"},"_links":{"self":[{"href":"https:\/\/tehnikabacko.rs\/index.php\/wp-json\/wp\/v2\/product\/12051","targetHints":{"allow":["GET"]}}],"collection":[{"href":"https:\/\/tehnikabacko.rs\/index.php\/wp-json\/wp\/v2\/product"}],"about":[{"href":"https:\/\/tehnikabacko.rs\/index.php\/wp-json\/wp\/v2\/types\/product"}],"replies":[{"embeddable":true,"href":"https:\/\/tehnikabacko.rs\/index.php\/wp-json\/wp\/v2\/comments?post=12051"}],"wp:featuredmedia":[{"embeddable":true,"href":"https:\/\/tehnikabacko.rs\/index.php\/wp-json\/wp\/v2\/media\/12052"}],"wp:attachment":[{"href":"https:\/\/tehnikabacko.rs\/index.php\/wp-json\/wp\/v2\/media?parent=12051"}],"wp:term":[{"taxonomy":"product_brand","embeddable":true,"href":"https:\/\/tehnikabacko.rs\/index.php\/wp-json\/wp\/v2\/product_brand?post=12051"},{"taxonomy":"product_cat","embeddable":true,"href":"https:\/\/tehnikabacko.rs\/index.php\/wp-json\/wp\/v2\/product_cat?post=12051"},{"taxonomy":"product_tag","embeddable":true,"href":"https:\/\/tehnikabacko.rs\/index.php\/wp-json\/wp\/v2\/product_tag?post=12051"}],"curies":[{"name":"wp","href":"https:\/\/api.w.org\/{rel}","templated":true}]}}