{"id":12049,"date":"2026-04-06T13:11:51","date_gmt":"2026-04-06T13:11:51","guid":{"rendered":"https:\/\/tehnikabacko.rs\/?post_type=product&#038;p=12049"},"modified":"2026-04-06T13:11:51","modified_gmt":"2026-04-06T13:11:51","slug":"scheppach-elektricna-kopacica-freza-36-cm-mte380","status":"publish","type":"product","link":"https:\/\/tehnikabacko.rs\/index.php\/product\/scheppach-elektricna-kopacica-freza-36-cm-mte380\/","title":{"rendered":"Scheppach elektri\u010dna kopa\u010dica freza 36 cm MTE380"},"content":{"rendered":"<table>\n<tbody>\n<tr>\n<td>Proizvo\u0111a\u010d<\/td>\n<td>Scheppach<\/td>\n<\/tr>\n<tr>\n<td>Model<\/td>\n<td>MTE380<\/td>\n<\/tr>\n<tr>\n<td>Katalo\u0161ka oznaka<\/td>\n<td>5912312901<\/td>\n<\/tr>\n<tr>\n<td>Snaga<\/td>\n<td>1050 W<\/td>\n<\/tr>\n<tr>\n<td>Napon<\/td>\n<td>230 V \u2013 50 Hz<\/td>\n<\/tr>\n<tr>\n<td>\u0160irina obrade<\/td>\n<td>36 cm<\/td>\n<\/tr>\n<tr>\n<td>Dimenzije<\/td>\n<td>900 x 360 x 1090 mm<\/td>\n<\/tr>\n<tr>\n<td>Te\u017eina<\/td>\n<td>7.4 kg<\/td>\n<\/tr>\n<tr>\n<td>Dodatne informacije<\/td>\n<td>220 mm maksimalna radna dubina<br \/>\n16 no\u017eeva<\/td>\n<\/tr>\n<\/tbody>\n<\/table>\n","protected":false},"excerpt":{"rendered":"<p>ompaktan dizajn i robusna o\u0161trica idealni su za upotrebu u manjim vrtovima.<\/p>\n<ul>\n<li>Idealno za male i srednje ba\u0161te<\/li>\n<li>Sna\u017ean motor od 1050 W<\/li>\n<li>360 mm maksimalna radna \u0161irina, 220 mm maksimalna radna dubina<\/li>\n<li>16 no\u017eeva<\/li>\n<li>Odmah pokrenite sa prekida\u010dem kako biste sprije\u010dili slu\u010dajno pokretanje<\/li>\n<li>Sklopiva ru\u010dka za lak\u0161i transport i skladi\u0161tenje<\/li>\n<li>Lako odr\u017eavanje zahvaljuju\u0107i elektromotoru<\/li>\n<\/ul>\n","protected":false},"featured_media":12050,"comment_status":"open","ping_status":"closed","template":"","meta":{"inline_featured_image":false},"product_brand":[],"product_cat":[302,282],"product_tag":[],"class_list":{"0":"post-12049","1":"product","2":"type-product","3":"status-publish","4":"has-post-thumbnail","6":"product_cat-elektricni-kultivatori","7":"product_cat-kultivatori","9":"first","10":"instock","11":"sale","12":"shipping-taxable","13":"purchasable","14":"product-type-simple"},"_links":{"self":[{"href":"https:\/\/tehnikabacko.rs\/index.php\/wp-json\/wp\/v2\/product\/12049","targetHints":{"allow":["GET"]}}],"collection":[{"href":"https:\/\/tehnikabacko.rs\/index.php\/wp-json\/wp\/v2\/product"}],"about":[{"href":"https:\/\/tehnikabacko.rs\/index.php\/wp-json\/wp\/v2\/types\/product"}],"replies":[{"embeddable":true,"href":"https:\/\/tehnikabacko.rs\/index.php\/wp-json\/wp\/v2\/comments?post=12049"}],"wp:featuredmedia":[{"embeddable":true,"href":"https:\/\/tehnikabacko.rs\/index.php\/wp-json\/wp\/v2\/media\/12050"}],"wp:attachment":[{"href":"https:\/\/tehnikabacko.rs\/index.php\/wp-json\/wp\/v2\/media?parent=12049"}],"wp:term":[{"taxonomy":"product_brand","embeddable":true,"href":"https:\/\/tehnikabacko.rs\/index.php\/wp-json\/wp\/v2\/product_brand?post=12049"},{"taxonomy":"product_cat","embeddable":true,"href":"https:\/\/tehnikabacko.rs\/index.php\/wp-json\/wp\/v2\/product_cat?post=12049"},{"taxonomy":"product_tag","embeddable":true,"href":"https:\/\/tehnikabacko.rs\/index.php\/wp-json\/wp\/v2\/product_tag?post=12049"}],"curies":[{"name":"wp","href":"https:\/\/api.w.org\/{rel}","templated":true}]}}