{"id":12044,"date":"2026-04-06T13:06:24","date_gmt":"2026-04-06T13:06:24","guid":{"rendered":"https:\/\/tehnikabacko.rs\/?post_type=product&#038;p=12044"},"modified":"2026-04-06T14:08:16","modified_gmt":"2026-04-06T14:08:16","slug":"scheppach-teleskopske-elektricne-makaze-1000w-etht1000","status":"publish","type":"product","link":"https:\/\/tehnikabacko.rs\/index.php\/product\/scheppach-teleskopske-elektricne-makaze-1000w-etht1000\/","title":{"rendered":"Scheppach teleskopske elektri\u010dne makaze 1000W ETHT1000"},"content":{"rendered":"<p>Karakteristike:<br \/>\nSnaga: 1000 W.<br \/>\nNapon: 230 V ~ 50 Hz &#8211; monofazni.<br \/>\nDu\u017eina rezanja: 410 mm.<br \/>\nDu\u017eina ma\u010da: 510 mm.<br \/>\nRezova u minuti: 1000.<br \/>\nDodatne informacije: Teleskopska osovina \u2013 ukupna du\u017eina do 2590 mm.<br \/>\nRezna glava se mo\u017ee rotirati za 135\u00b0 i podesiti u 10 nivoa.<br \/>\nLaserski nao\u0161tren \u010deli\u010dni ma\u010d za maksimalnu mo\u0107 prodiranja.<br \/>\nDebljina rezanja: 20 mm.<br \/>\nRezna glava se mo\u017ee rotirati za 135\u00b0 i mo\u017ee se podesiti na 10 pozicija.<br \/>\nSna\u017ean elektri\u010dni motor od 1000 W, maksimalna brzina rezanja od 1000 rezova u minuti i robustan, laserski rezan \u010deli\u010dni ma\u010d garantiraju brz napredak u radu.<br \/>\nSna\u017ene elektri\u010dne teleskopske makaze za \u017eivu ogradu za rezanje visokog grmlja, \u017eivih ograda i grmova ukupne du\u017eine 2590 mm.<br \/>\nSna\u017ean motor od 1000 W.<br \/>\nRezna glava se mo\u017ee rotirati za 135\u00b0 i podesiti u 10 nivoa.<br \/>\n20 mm debljine rezanja.<br \/>\nMaksimalna brzina rezanja 1000 min \u2013 1.<br \/>\nLaserski nao\u0161tren \u010deli\u010dni ma\u010d za maksimalnu mo\u0107 prodiranja.<br \/>\nPrakti\u010dno ubla\u017eavanje naprezanja.<br \/>\nRad bez emisija gasova zahvaljuju\u0107i elektri\u010dnom pogonu.<br \/>\nDu\u017eina o\u0161trice 500 mm \/ maksimalna du\u017eina rezanja 410 mm.<br \/>\nLako se sklapa ili rastavlja zahvaljuju\u0107i prakti\u010dnom zatvara\u010du za brzo otpu\u0161tanje.<br \/>\nNaramenica za rad bez umora.<\/p>\n<p>Dimenzije:<br \/>\n2650 x 100 x 150 mm<\/p>\n<p>Obim isporuke:<br \/>\nTeleskopske elektri\u010dne makaze;<br \/>\nPojas za no\u0161enje preko ramena.<\/p>\n","protected":false},"excerpt":{"rendered":"<p><b>Scheppach teleskopske elektri\u010dne makaze 1000W ETHT1000<\/b>\u00a0su savr\u0161en alat za odr\u017eavanje va\u0161eg vrta.<br \/>\n<b>Teleskopske elektri\u010dne makaze 1000W Scheppach ETHT1000<\/b>\u00a0omoguc\u0301avaju lako i efikasno podrezivanje \u017ebunja i \u017eivih ograda bez potrebe za merdevinama.<br \/>\nDu\u017eina se mo\u017ee pode\u0161avati, \u0161to olak\u0161ava pristup te\u0161ko dostupnim mestima.<\/p>\n","protected":false},"featured_media":12045,"comment_status":"open","ping_status":"closed","template":"","meta":{"inline_featured_image":false},"product_brand":[],"product_cat":[337,340],"product_tag":[],"class_list":{"0":"post-12044","1":"product","2":"type-product","3":"status-publish","4":"has-post-thumbnail","6":"product_cat-elektricni-trimeri","7":"product_cat-trimeri-za-zivicu","9":"first","10":"instock","11":"sale","12":"shipping-taxable","13":"purchasable","14":"product-type-simple"},"_links":{"self":[{"href":"https:\/\/tehnikabacko.rs\/index.php\/wp-json\/wp\/v2\/product\/12044","targetHints":{"allow":["GET"]}}],"collection":[{"href":"https:\/\/tehnikabacko.rs\/index.php\/wp-json\/wp\/v2\/product"}],"about":[{"href":"https:\/\/tehnikabacko.rs\/index.php\/wp-json\/wp\/v2\/types\/product"}],"replies":[{"embeddable":true,"href":"https:\/\/tehnikabacko.rs\/index.php\/wp-json\/wp\/v2\/comments?post=12044"}],"wp:featuredmedia":[{"embeddable":true,"href":"https:\/\/tehnikabacko.rs\/index.php\/wp-json\/wp\/v2\/media\/12045"}],"wp:attachment":[{"href":"https:\/\/tehnikabacko.rs\/index.php\/wp-json\/wp\/v2\/media?parent=12044"}],"wp:term":[{"taxonomy":"product_brand","embeddable":true,"href":"https:\/\/tehnikabacko.rs\/index.php\/wp-json\/wp\/v2\/product_brand?post=12044"},{"taxonomy":"product_cat","embeddable":true,"href":"https:\/\/tehnikabacko.rs\/index.php\/wp-json\/wp\/v2\/product_cat?post=12044"},{"taxonomy":"product_tag","embeddable":true,"href":"https:\/\/tehnikabacko.rs\/index.php\/wp-json\/wp\/v2\/product_tag?post=12044"}],"curies":[{"name":"wp","href":"https:\/\/api.w.org\/{rel}","templated":true}]}}