{"id":12039,"date":"2026-04-06T12:58:12","date_gmt":"2026-04-06T12:58:12","guid":{"rendered":"https:\/\/tehnikabacko.rs\/?post_type=product&#038;p=12039"},"modified":"2026-04-06T13:00:57","modified_gmt":"2026-04-06T13:00:57","slug":"scheppach-teleskopske-elektricne-makaze-za-zivicu-etht500","status":"publish","type":"product","link":"https:\/\/tehnikabacko.rs\/index.php\/product\/scheppach-teleskopske-elektricne-makaze-za-zivicu-etht500\/","title":{"rendered":"Scheppach teleskopske elektri\u010dne makaze  za \u017eivicu ETHT500"},"content":{"rendered":"<table>\n<tbody>\n<tr>\n<td>Proizvo\u0111a\u010d<\/td>\n<td>Scheppach<\/td>\n<\/tr>\n<tr>\n<td>Model<\/td>\n<td>ETHT500<\/td>\n<\/tr>\n<tr>\n<td>Katalo\u0161ka oznaka<\/td>\n<td>5910509901<\/td>\n<\/tr>\n<tr>\n<td>Snaga<\/td>\n<td>500 W<\/td>\n<\/tr>\n<tr>\n<td>Napon<\/td>\n<td>230 V ~ 50 Hz \u2013 monofazni<\/td>\n<\/tr>\n<tr>\n<td>Du\u017eina rezanja<\/td>\n<td>450 mm<\/td>\n<\/tr>\n<tr>\n<td>Du\u017eina ma\u010da<\/td>\n<td>520 mm<\/td>\n<\/tr>\n<tr>\n<td>Rezova u minuti<\/td>\n<td>1500<\/td>\n<\/tr>\n<tr>\n<td>Dimenzije<\/td>\n<td>2160 x 120 x 180 mm<\/td>\n<\/tr>\n<tr>\n<td>Te\u017eina<\/td>\n<td>3.95 kg<\/td>\n<\/tr>\n<tr>\n<td>Dodatne informacije<\/td>\n<td>Teleskopska osovina \u2013 ukupna du\u017eina do 2750 mm<br \/>\nRezna glava se mo\u017ee rotirati za 90\u00b0 i podesiti u 6 nivoa<br \/>\nLaserski nao\u0161tren \u010deli\u010dni ma\u010d za maksimalnu mo\u0107 prodiranja<br \/>\nDebljina rezanja 16 mm<\/td>\n<\/tr>\n<tr>\n<td>Isporu\u010deni pribor<\/td>\n<td>Pojas za no\u0161enje preko ramena<\/td>\n<\/tr>\n<\/tbody>\n<\/table>\n","protected":false},"excerpt":{"rendered":"<p>Sa Scheppach elektri\u010dnim teleskopskim trimerom za \u017eivu ogradu ETHT500, visoko grmlje, \u017eivice i grmlje se mogu lako i prakti\u010dno odrezati. Rezna glava se\u00a0<strong>mo\u017ee rotirati za 90\u00b0 i mo\u017ee se podesiti na 6 nivoa<\/strong>. Teleskopska osovina se mo\u017ee kontinuirano produ\u017eiti do 2750 mm. Sna\u017eni elektri\u010dni motor od 500 W, maksimalna brzina rezanja od 1500 rezova u minuti i robustan, laserski nao\u0161tren \u010deli\u010dni ma\u010d garantiraju brz napredak u radu<\/p>\n","protected":false},"featured_media":12040,"comment_status":"open","ping_status":"closed","template":"","meta":{"inline_featured_image":false},"product_brand":[],"product_cat":[337,340],"product_tag":[],"class_list":{"0":"post-12039","1":"product","2":"type-product","3":"status-publish","4":"has-post-thumbnail","6":"product_cat-elektricni-trimeri","7":"product_cat-trimeri-za-zivicu","9":"first","10":"instock","11":"sale","12":"shipping-taxable","13":"purchasable","14":"product-type-simple"},"_links":{"self":[{"href":"https:\/\/tehnikabacko.rs\/index.php\/wp-json\/wp\/v2\/product\/12039","targetHints":{"allow":["GET"]}}],"collection":[{"href":"https:\/\/tehnikabacko.rs\/index.php\/wp-json\/wp\/v2\/product"}],"about":[{"href":"https:\/\/tehnikabacko.rs\/index.php\/wp-json\/wp\/v2\/types\/product"}],"replies":[{"embeddable":true,"href":"https:\/\/tehnikabacko.rs\/index.php\/wp-json\/wp\/v2\/comments?post=12039"}],"wp:featuredmedia":[{"embeddable":true,"href":"https:\/\/tehnikabacko.rs\/index.php\/wp-json\/wp\/v2\/media\/12040"}],"wp:attachment":[{"href":"https:\/\/tehnikabacko.rs\/index.php\/wp-json\/wp\/v2\/media?parent=12039"}],"wp:term":[{"taxonomy":"product_brand","embeddable":true,"href":"https:\/\/tehnikabacko.rs\/index.php\/wp-json\/wp\/v2\/product_brand?post=12039"},{"taxonomy":"product_cat","embeddable":true,"href":"https:\/\/tehnikabacko.rs\/index.php\/wp-json\/wp\/v2\/product_cat?post=12039"},{"taxonomy":"product_tag","embeddable":true,"href":"https:\/\/tehnikabacko.rs\/index.php\/wp-json\/wp\/v2\/product_tag?post=12039"}],"curies":[{"name":"wp","href":"https:\/\/api.w.org\/{rel}","templated":true}]}}