{"id":12030,"date":"2026-04-06T12:32:30","date_gmt":"2026-04-06T12:32:30","guid":{"rendered":"https:\/\/tehnikabacko.rs\/?post_type=product&#038;p=12030"},"modified":"2026-04-06T12:32:30","modified_gmt":"2026-04-06T12:32:30","slug":"scheppach-aku-makaze-za-ogradu-ixes-bc-ht720-x-set-punjac-i-2x-baterija-2ah-5910606900","status":"publish","type":"product","link":"https:\/\/tehnikabacko.rs\/index.php\/product\/scheppach-aku-makaze-za-ogradu-ixes-bc-ht720-x-set-punjac-i-2x-baterija-2ah-5910606900\/","title":{"rendered":"Scheppach Aku makaze za ogradu IXES BC-HT720-X + set punja\u010d i 2x baterija 2Ah (5910606900)"},"content":{"rendered":"<p><span class=\"products_detail_header2\"><strong>Opis i namena proizvoda<\/strong><\/span><\/p>\n<div class=\"td12_pad20\">\n<ul>\n<li><strong>Scheppach Aku Makaze za \u017eivu ogradu Brushless IXES BC-HT720-X<\/strong>\u00a0je baterijski trimer za \u017eivu ogradu visokog kvaliteta, opremljen Brushless motorom, \u0161to ga \u010dini efikasnijim, dugotrajnijim i manje potrebnim za odr\u017eavanje u pore\u0111enju sa tradicionalnim trimerom sa motorom sa \u010detkicama.<\/li>\n<li>Ove makaze su idealne za se\u010denje \u017eivice, oblikovanje grmlja i se\u010denje manjih grana.<\/li>\n<li>Brushless motor obezbedjuje ve\u0107u efikasnost i du\u017ei radni vek kao i manje zagrevanje i manje odr\u017eavanja.<\/li>\n<li>Baterija:<\/li>\n<li>Koristi Li-Ion bateriju visokog kapaciteta koja omogu\u0107ava dugotrajan rad bez potrebe za \u010destim punjenjem.<\/li>\n<li>Se\u010divo du\u017eine 72 cm, \u0161to je idealno za precizno se\u010denje \u017eivice.<\/li>\n<li>Ergonomi\u010dan dizajn i ravnomerna raspodela te\u017eine, \u0161to olak\u0161ava upotrebu.<\/li>\n<li>Sigurnosni prekida\u010d i za\u0161tita od preoptere\u0107enja.<\/li>\n<li>Glavne prednosti<\/li>\n<li>Be\u017ei\u010dne: Nema kablova, \u0161to omogu\u0107ava slobodu kretanja.<\/li>\n<li>Tihi rad: Idealne za upotrebu u stambenim naseljima bez ometanja okoline.<\/li>\n<li>Ekolo\u0161ki prihvatljive: Bez emisije \u0161tetnih gasova, za razliku od benzinskih modela.<\/li>\n<li>Lako upravljanje: Zahvaljuju\u0107i ergonomskom dizajnu, makaze su udobne za dugotrajnu upotrebu.<\/li>\n<li>Ovaj akumulatorski trimer za \u017eivu ogradu je namenjen za se\u010denje i oblikovanje \u017eivice, oblikovanje grmlja i se\u010denje manjih grana.<\/li>\n<li>Redovno \u010distite se\u010diva nakon upotrebe kako biste produ\u017eili njihov vek trajanja.<\/li>\n<li>Pravilno punite bateriju kako biste izbegli prekomerno pra\u017enjenje.<\/li>\n<li>Uvek koristite za\u0161titnu opremu (rukavice, za\u0161titne nao\u010dare) prilikom rada.<\/li>\n<\/ul>\n<\/div>\n<p><span class=\"products_detail_header2\"><strong>Karakteristike proizvoda<\/strong><\/span><\/p>\n<div class=\"td12_pad20\">\n<ul>\n<li>Napon 2 x 20 V IXES<\/li>\n<li>Du\u017eina rezanja 650 mm<\/li>\n<li>Duljina ma\u010da 720 mm<\/li>\n<li>Rezova u minuti\u00a0\u00a0 \u00a02700<\/li>\n<li>Dimenzije 1220 x 224 x 218 mm<\/li>\n<li>Te\u017eina 4.0 kg<\/li>\n<li>Pogodno za maksimalni pre\u010dnik grane od 30 mm<\/li>\n<li>Rotiraju\u0107e ru\u010dka s rasponom rotacije od -90\u00b0 \/ 0\u00b0 \/ +90\u00b0<\/li>\n<li>5910606900<\/li>\n<\/ul>\n<\/div>\n<p><span class=\"products_detail_header2\"><strong>Obim isporuke<\/strong><\/span><\/p>\n<div class=\"td12_pad20\">\n<ul>\n<li>poklon 2 punja\u010da + 2 baterije\u00a02 Ah<\/li>\n<\/ul>\n<\/div>\n","protected":false},"excerpt":{"rendered":"<ul>\n<li><strong>Scheppach Aku Makaze za \u017eivu ogradu Brushless IXES BC-HT720-X<\/strong>\u00a0je baterijski trimer za \u017eivu ogradu visokog kvaliteta, opremljen Brushless motorom, \u0161to ga \u010dini efikasnijim, dugotrajnijim i manje potrebnim za odr\u017eavanje u pore\u0111enju sa tradicionalnim trimerom sa motorom sa \u010detkicama.<\/li>\n<li>Ove makaze su idealne za se\u010denje \u017eivice, oblikovanje grmlja i se\u010denje manjih grana.<\/li>\n<li>Brushless motor obezbedjuje ve\u0107u efikasnost i du\u017ei radni vek kao i manje zagrevanje i manje odr\u017eavanja.<\/li>\n<\/ul>\n","protected":false},"featured_media":12031,"comment_status":"open","ping_status":"closed","template":"","meta":{"inline_featured_image":false},"product_brand":[],"product_cat":[318,319,290],"product_tag":[],"class_list":{"0":"post-12030","1":"product","2":"type-product","3":"status-publish","4":"has-post-thumbnail","6":"product_cat-aku-trimeri","7":"product_cat-aku-trimeri-za-zivu-ogradu","8":"product_cat-trimeri-za-travu","10":"first","11":"instock","12":"sale","13":"shipping-taxable","14":"purchasable","15":"product-type-simple"},"_links":{"self":[{"href":"https:\/\/tehnikabacko.rs\/index.php\/wp-json\/wp\/v2\/product\/12030","targetHints":{"allow":["GET"]}}],"collection":[{"href":"https:\/\/tehnikabacko.rs\/index.php\/wp-json\/wp\/v2\/product"}],"about":[{"href":"https:\/\/tehnikabacko.rs\/index.php\/wp-json\/wp\/v2\/types\/product"}],"replies":[{"embeddable":true,"href":"https:\/\/tehnikabacko.rs\/index.php\/wp-json\/wp\/v2\/comments?post=12030"}],"wp:featuredmedia":[{"embeddable":true,"href":"https:\/\/tehnikabacko.rs\/index.php\/wp-json\/wp\/v2\/media\/12031"}],"wp:attachment":[{"href":"https:\/\/tehnikabacko.rs\/index.php\/wp-json\/wp\/v2\/media?parent=12030"}],"wp:term":[{"taxonomy":"product_brand","embeddable":true,"href":"https:\/\/tehnikabacko.rs\/index.php\/wp-json\/wp\/v2\/product_brand?post=12030"},{"taxonomy":"product_cat","embeddable":true,"href":"https:\/\/tehnikabacko.rs\/index.php\/wp-json\/wp\/v2\/product_cat?post=12030"},{"taxonomy":"product_tag","embeddable":true,"href":"https:\/\/tehnikabacko.rs\/index.php\/wp-json\/wp\/v2\/product_tag?post=12030"}],"curies":[{"name":"wp","href":"https:\/\/api.w.org\/{rel}","templated":true}]}}