{"id":12028,"date":"2026-04-06T12:21:38","date_gmt":"2026-04-06T12:21:38","guid":{"rendered":"https:\/\/tehnikabacko.rs\/?post_type=product&#038;p=12028"},"modified":"2026-04-06T12:21:38","modified_gmt":"2026-04-06T12:21:38","slug":"scheppach-elektricni-prozracivac-travnjaka-sc32","status":"publish","type":"product","link":"https:\/\/tehnikabacko.rs\/index.php\/product\/scheppach-elektricni-prozracivac-travnjaka-sc32\/","title":{"rendered":"Scheppach elektri\u010dni prozra\u010diva\u010d travnjaka SC32"},"content":{"rendered":"<table>\n<tbody>\n<tr>\n<td>Proizvo\u0111a\u010d<\/td>\n<td>Scheppach<\/td>\n<\/tr>\n<tr>\n<td>Model<\/td>\n<td>SC32<\/td>\n<\/tr>\n<tr>\n<td>Katalo\u0161ka oznaka<\/td>\n<td>5912006901<\/td>\n<\/tr>\n<tr>\n<td>Snaga<\/td>\n<td>1500 W<\/td>\n<\/tr>\n<tr>\n<td>Ku\u0107i\u0161te<\/td>\n<td>Polipropilen<\/td>\n<\/tr>\n<tr>\n<td>Visina ko\u0161enja (min-max)<\/td>\n<td>\/<\/td>\n<\/tr>\n<tr>\n<td>Radna \u0161irina<\/td>\n<td>320 mm<\/td>\n<\/tr>\n<tr>\n<td>Tip aeratora<\/td>\n<td>Cilindar sa sje\u010divima (16 sje\u010diva)<\/td>\n<\/tr>\n<tr>\n<td>Tip sakuplja\u010da<\/td>\n<td>Valjak prozra\u010diva\u010da (36grabulje)<\/td>\n<\/tr>\n<tr>\n<td>Zapremina korpe\/ko\u0161are<\/td>\n<td>30 l<\/td>\n<\/tr>\n<tr>\n<td>Korpa (materijal)<\/td>\n<td>Platnena<\/td>\n<\/tr>\n<tr>\n<td>Dimenzije<\/td>\n<td>1040 x 500 x 990 mm<\/td>\n<\/tr>\n<tr>\n<td>Te\u017eina<\/td>\n<td>10.80 kg<\/td>\n<\/tr>\n<tr>\n<td>Isporu\u010deni pribor<\/td>\n<td>Cilindar sa sje\u010divima (16 sje\u010diva)<br \/>\nValjak prozra\u010diva\u010da (36grabulje)<\/td>\n<\/tr>\n<\/tbody>\n<\/table>\n","protected":false},"excerpt":{"rendered":"<p>Sna\u017ean motor od 1500 W<br \/>\nRadna \u0161irina 320 mm<br \/>\n4-smerno podesiva radna visina<br \/>\nVeliki kolektor za travu 30 L<br \/>\nCilindar sa sje\u010divima (16 sje\u010diva)<br \/>\nValjak prozra\u010diva\u010da (36grabulje)<\/p>\n","protected":false},"featured_media":12029,"comment_status":"open","ping_status":"closed","template":"","meta":{"inline_featured_image":false},"product_brand":[],"product_cat":[454],"product_tag":[],"class_list":{"0":"post-12028","1":"product","2":"type-product","3":"status-publish","4":"has-post-thumbnail","6":"product_cat-elektricni-prozracivac-travnjaka","8":"first","9":"instock","10":"sale","11":"shipping-taxable","12":"purchasable","13":"product-type-simple"},"_links":{"self":[{"href":"https:\/\/tehnikabacko.rs\/index.php\/wp-json\/wp\/v2\/product\/12028","targetHints":{"allow":["GET"]}}],"collection":[{"href":"https:\/\/tehnikabacko.rs\/index.php\/wp-json\/wp\/v2\/product"}],"about":[{"href":"https:\/\/tehnikabacko.rs\/index.php\/wp-json\/wp\/v2\/types\/product"}],"replies":[{"embeddable":true,"href":"https:\/\/tehnikabacko.rs\/index.php\/wp-json\/wp\/v2\/comments?post=12028"}],"wp:featuredmedia":[{"embeddable":true,"href":"https:\/\/tehnikabacko.rs\/index.php\/wp-json\/wp\/v2\/media\/12029"}],"wp:attachment":[{"href":"https:\/\/tehnikabacko.rs\/index.php\/wp-json\/wp\/v2\/media?parent=12028"}],"wp:term":[{"taxonomy":"product_brand","embeddable":true,"href":"https:\/\/tehnikabacko.rs\/index.php\/wp-json\/wp\/v2\/product_brand?post=12028"},{"taxonomy":"product_cat","embeddable":true,"href":"https:\/\/tehnikabacko.rs\/index.php\/wp-json\/wp\/v2\/product_cat?post=12028"},{"taxonomy":"product_tag","embeddable":true,"href":"https:\/\/tehnikabacko.rs\/index.php\/wp-json\/wp\/v2\/product_tag?post=12028"}],"curies":[{"name":"wp","href":"https:\/\/api.w.org\/{rel}","templated":true}]}}