{"id":12023,"date":"2026-03-30T13:39:15","date_gmt":"2026-03-30T13:39:15","guid":{"rendered":"https:\/\/tehnikabacko.rs\/?post_type=product&#038;p=12023"},"modified":"2026-03-30T13:39:16","modified_gmt":"2026-03-30T13:39:16","slug":"lampa-protiv-insekata-led-10w","status":"publish","type":"product","link":"https:\/\/tehnikabacko.rs\/index.php\/product\/lampa-protiv-insekata-led-10w\/","title":{"rendered":"LAMPA PROTIV INSEKATA LED 10W"},"content":{"rendered":"<table cellspacing=\"0\" cellpadding=\"0\">\n<tbody>\n<tr>\n<td width=\"165\"><b>Tip<\/b><\/td>\n<td>Lampa Led<\/td>\n<\/tr>\n<tr>\n<td width=\"165\"><b>Namena<\/b><\/td>\n<td>Protiv insekata i komaraca<\/td>\n<\/tr>\n<tr>\n<td width=\"165\"><b>Snaga<\/b><\/td>\n<td>10W<\/td>\n<\/tr>\n<tr>\n<td width=\"165\"><b>Materijal<\/b><\/td>\n<td>PP<\/td>\n<\/tr>\n<tr>\n<td width=\"165\"><b>Masa<\/b><\/td>\n<td>0.5kg<\/td>\n<\/tr>\n<tr>\n<td width=\"165\"><b>Boja<\/b><\/td>\n<td>Siva<\/p>\n<table style=\"height: 46px;\" width=\"313\" cellspacing=\"0\" cellpadding=\"0\">\n<tbody>\n<tr>\n<td width=\"165\"><\/td>\n<td><\/td>\n<\/tr>\n<tr>\n<td width=\"165\"><\/td>\n<td><\/td>\n<\/tr>\n<\/tbody>\n<\/table>\n<\/td>\n<\/tr>\n<\/tbody>\n<\/table>\n","protected":false},"excerpt":{"rendered":"<p>Lampa MKE003 protiv insekata Led 10W, koja ima oblast delovanja do 70m2.<\/p>\n<p>Zahvaljuju\u0107i visokofrekventnom plavom osvetljenju, lampa privla\u010di insekte\u00a0formiraju\u0107i prakti\u010dan automatizovani sistem koji \u0107e istrebiti razne insekte\u00a0u va\u0161em okru\u017eenju<\/p>\n","protected":false},"featured_media":12024,"comment_status":"open","ping_status":"closed","template":"","meta":{"inline_featured_image":false},"product_brand":[],"product_cat":[453],"product_tag":[],"class_list":{"0":"post-12023","1":"product","2":"type-product","3":"status-publish","4":"has-post-thumbnail","6":"product_cat-lampa-protiv-insekata","8":"first","9":"instock","10":"sale","11":"shipping-taxable","12":"purchasable","13":"product-type-simple"},"_links":{"self":[{"href":"https:\/\/tehnikabacko.rs\/index.php\/wp-json\/wp\/v2\/product\/12023","targetHints":{"allow":["GET"]}}],"collection":[{"href":"https:\/\/tehnikabacko.rs\/index.php\/wp-json\/wp\/v2\/product"}],"about":[{"href":"https:\/\/tehnikabacko.rs\/index.php\/wp-json\/wp\/v2\/types\/product"}],"replies":[{"embeddable":true,"href":"https:\/\/tehnikabacko.rs\/index.php\/wp-json\/wp\/v2\/comments?post=12023"}],"wp:featuredmedia":[{"embeddable":true,"href":"https:\/\/tehnikabacko.rs\/index.php\/wp-json\/wp\/v2\/media\/12024"}],"wp:attachment":[{"href":"https:\/\/tehnikabacko.rs\/index.php\/wp-json\/wp\/v2\/media?parent=12023"}],"wp:term":[{"taxonomy":"product_brand","embeddable":true,"href":"https:\/\/tehnikabacko.rs\/index.php\/wp-json\/wp\/v2\/product_brand?post=12023"},{"taxonomy":"product_cat","embeddable":true,"href":"https:\/\/tehnikabacko.rs\/index.php\/wp-json\/wp\/v2\/product_cat?post=12023"},{"taxonomy":"product_tag","embeddable":true,"href":"https:\/\/tehnikabacko.rs\/index.php\/wp-json\/wp\/v2\/product_tag?post=12023"}],"curies":[{"name":"wp","href":"https:\/\/api.w.org\/{rel}","templated":true}]}}