{"id":12021,"date":"2026-03-30T13:30:36","date_gmt":"2026-03-30T13:30:36","guid":{"rendered":"https:\/\/tehnikabacko.rs\/?post_type=product&#038;p=12021"},"modified":"2026-03-30T13:30:36","modified_gmt":"2026-03-30T13:30:36","slug":"dpm-multidetektor-3u1-kc098yb","status":"publish","type":"product","link":"https:\/\/tehnikabacko.rs\/index.php\/product\/dpm-multidetektor-3u1-kc098yb\/","title":{"rendered":"DPM MULTIDETEKTOR 3U1 KC098YB"},"content":{"rendered":"","protected":false},"excerpt":{"rendered":"<p>Multidetektor M0501EMOS je sjajan pomo\u0107nik i odli\u010dno dizajniran da detektuje elektri\u010dne instalacije, metalne predmete u zidu prilikom gradjevinskih radova, i tako spre\u010dava ne\u017eeljeno bu\u0161enje elektri\u010dnih \u017eica u zidovima.<\/p>\n<p>&nbsp;<\/p>\n<p>Ima radnu temperaturu i vla\u017enost od -7 do 40 stepeni, automatsko uklju\u010divanje, signalizaciju opti\u010dku i akusti\u010dnu,<\/p>\n<p>&nbsp;<\/p>\n<p>Napaja se baterijom od 9V, dimenzija 155mm x 72mm x 28mm<\/p>\n<p>&nbsp;<\/p>\n<p>Otkrivanje: drvo, metal, AC o\u017ei\u010denje, signaliziranje: opti\u010dko + akusti\u010dna, automatsko isklju\u010divanje, dimenzija: 28 \u00d7 72 \u00d7 155 mm, napajanje: 1\u00d7 9 V (uklju\u010deno u pakovanje).<\/p>\n<p>&nbsp;<\/p>\n","protected":false},"featured_media":12022,"comment_status":"open","ping_status":"closed","template":"","meta":{"inline_featured_image":false},"product_brand":[],"product_cat":[452],"product_tag":[],"class_list":{"0":"post-12021","1":"product","2":"type-product","3":"status-publish","4":"has-post-thumbnail","6":"product_cat-detektor","8":"first","9":"instock","10":"sale","11":"shipping-taxable","12":"purchasable","13":"product-type-simple"},"_links":{"self":[{"href":"https:\/\/tehnikabacko.rs\/index.php\/wp-json\/wp\/v2\/product\/12021","targetHints":{"allow":["GET"]}}],"collection":[{"href":"https:\/\/tehnikabacko.rs\/index.php\/wp-json\/wp\/v2\/product"}],"about":[{"href":"https:\/\/tehnikabacko.rs\/index.php\/wp-json\/wp\/v2\/types\/product"}],"replies":[{"embeddable":true,"href":"https:\/\/tehnikabacko.rs\/index.php\/wp-json\/wp\/v2\/comments?post=12021"}],"wp:featuredmedia":[{"embeddable":true,"href":"https:\/\/tehnikabacko.rs\/index.php\/wp-json\/wp\/v2\/media\/12022"}],"wp:attachment":[{"href":"https:\/\/tehnikabacko.rs\/index.php\/wp-json\/wp\/v2\/media?parent=12021"}],"wp:term":[{"taxonomy":"product_brand","embeddable":true,"href":"https:\/\/tehnikabacko.rs\/index.php\/wp-json\/wp\/v2\/product_brand?post=12021"},{"taxonomy":"product_cat","embeddable":true,"href":"https:\/\/tehnikabacko.rs\/index.php\/wp-json\/wp\/v2\/product_cat?post=12021"},{"taxonomy":"product_tag","embeddable":true,"href":"https:\/\/tehnikabacko.rs\/index.php\/wp-json\/wp\/v2\/product_tag?post=12021"}],"curies":[{"name":"wp","href":"https:\/\/api.w.org\/{rel}","templated":true}]}}