{"id":12018,"date":"2026-03-30T13:24:55","date_gmt":"2026-03-30T13:24:55","guid":{"rendered":"https:\/\/tehnikabacko.rs\/?post_type=product&#038;p=12018"},"modified":"2026-03-30T13:24:55","modified_gmt":"2026-03-30T13:24:55","slug":"colossus-elekticni-bicikl-beli-wau","status":"publish","type":"product","link":"https:\/\/tehnikabacko.rs\/index.php\/product\/colossus-elekticni-bicikl-beli-wau\/","title":{"rendered":"COLOSSUS Elekti\u010dni bicikl beli WAU"},"content":{"rendered":"<h2 class=\"product-content__block-heading\">Opis<\/h2>\n<p>motor bez \u010detkica,<\/p>\n<p>ja\u010dina motora 250W,<\/p>\n<p>volta\u017ea motora 48V,<\/p>\n<p>brzina 25km\/h;<\/p>\n<p>olovna baterija 48V20Ah;<\/p>\n<p>punjenje baterije: direktno na biciklu + mogu\u0107nost va\u0111enja baterije;<\/p>\n<p>bo\u010dni nogar;<\/p>\n<p>glavni nogar;<\/p>\n<p>amortizeri;<\/p>\n<p>nosivost do 150kg,<\/p>\n<p>predenje i zadnje disk (hidraulika) ko\u010dnice,<\/p>\n<p>pedale za vo\u017enju,<\/p>\n<p>mogu\u0107nost vo\u017enje bez pedala i mogu\u0107nost kombinovane vo\u017enje,<\/p>\n<p>mogu\u0107nost vo\u017enje u rikverc,<\/p>\n<p>vreme punjenja baterije 6-8h,<\/p>\n<p>nosa\u010d za kofer;<\/p>\n<p>prednje i zadnje svetlo,<\/p>\n<p>retrovizori,<\/p>\n<p>ispod volana poseduje pregradu za odlaganje stvari;<\/p>\n<p>stop svetlo,<\/p>\n<p>\u017emigavci napred i nazad,<\/p>\n<p>displej: pokaziva\u010d brzine kretanja, potro\u0161nje baterije, i pre\u0111ena kilometra\u017ea;<\/p>\n<p>klju\u010devi za biciklu + daljinski (mogu\u0107nost vo\u017eenja i bez klju\u010da);<\/p>\n<p>alarm;<\/p>\n<p>gumene, neklizaju\u0107e ru\u010dke;<\/p>\n<p>neklizaju\u0107a za\u0161titna patosnica;<\/p>\n<p>sirena;<\/p>\n<p>vi\u0161e boja<\/p>\n","protected":false},"excerpt":{"rendered":"<p>vi\u0161e boja<\/p>\n<div class=\"product-meta-fields__item product-meta-fields__item--text product-meta-fields__item--odd\">\n<div class=\"product-meta-fields__label\">Zemlja porekla:<\/div>\n<div class=\"product-meta-fields__value\">Kina<\/div>\n<\/div>\n<div class=\"product-meta-fields__item product-meta-fields__item--text product-meta-fields__item--even\">\n<div class=\"product-meta-fields__label\">Proizvo\u0111a\u010d i uvoznik:<\/div>\n<div class=\"product-meta-fields__value\">Zom-Impex d.o.o. Vuka Karad\u017ei\u0107a 8, 24000 Subotica; 024-559-909<\/div>\n<\/div>\n","protected":false},"featured_media":12020,"comment_status":"open","ping_status":"closed","template":"","meta":{"inline_featured_image":false},"product_brand":[],"product_cat":[355,450],"product_tag":[],"class_list":{"0":"post-12018","1":"product","2":"type-product","3":"status-publish","4":"has-post-thumbnail","6":"product_cat-elektricni-bicikli","7":"product_cat-elektricni-skuteri","9":"first","10":"instock","11":"sale","12":"shipping-taxable","13":"purchasable","14":"product-type-simple"},"_links":{"self":[{"href":"https:\/\/tehnikabacko.rs\/index.php\/wp-json\/wp\/v2\/product\/12018","targetHints":{"allow":["GET"]}}],"collection":[{"href":"https:\/\/tehnikabacko.rs\/index.php\/wp-json\/wp\/v2\/product"}],"about":[{"href":"https:\/\/tehnikabacko.rs\/index.php\/wp-json\/wp\/v2\/types\/product"}],"replies":[{"embeddable":true,"href":"https:\/\/tehnikabacko.rs\/index.php\/wp-json\/wp\/v2\/comments?post=12018"}],"wp:featuredmedia":[{"embeddable":true,"href":"https:\/\/tehnikabacko.rs\/index.php\/wp-json\/wp\/v2\/media\/12020"}],"wp:attachment":[{"href":"https:\/\/tehnikabacko.rs\/index.php\/wp-json\/wp\/v2\/media?parent=12018"}],"wp:term":[{"taxonomy":"product_brand","embeddable":true,"href":"https:\/\/tehnikabacko.rs\/index.php\/wp-json\/wp\/v2\/product_brand?post=12018"},{"taxonomy":"product_cat","embeddable":true,"href":"https:\/\/tehnikabacko.rs\/index.php\/wp-json\/wp\/v2\/product_cat?post=12018"},{"taxonomy":"product_tag","embeddable":true,"href":"https:\/\/tehnikabacko.rs\/index.php\/wp-json\/wp\/v2\/product_tag?post=12018"}],"curies":[{"name":"wp","href":"https:\/\/api.w.org\/{rel}","templated":true}]}}