{"id":12011,"date":"2026-03-30T13:18:14","date_gmt":"2026-03-30T13:18:14","guid":{"rendered":"https:\/\/tehnikabacko.rs\/?post_type=product&#038;p=12011"},"modified":"2026-03-30T13:18:14","modified_gmt":"2026-03-30T13:18:14","slug":"colossus-elekticni-bicikl-crni-zrx1","status":"publish","type":"product","link":"https:\/\/tehnikabacko.rs\/index.php\/product\/colossus-elekticni-bicikl-crni-zrx1\/","title":{"rendered":"COLOSSUS Elekti\u010dni bicikl crni ZRX1"},"content":{"rendered":"<h2 class=\"product-content__block-heading\">Opis<\/h2>\n<p>motor bez \u010detkica,<\/p>\n<p>ja\u010dina motora 250W,<\/p>\n<p>volta\u017ea motora 48V,<\/p>\n<p>brzina 25km\/h;<\/p>\n<p>olovna baterija 48V20Ah;<\/p>\n<p>punjenje baterije: direktno na biciklu + mogu\u0107nost va\u0111enja baterije;<\/p>\n<p>bo\u010dni nogar;<\/p>\n<p>glavni nogar;<\/p>\n<p>amortizeri;<\/p>\n<p>nosivost do 120kg,<\/p>\n<p>predenje i zadnje disk (hidraulika) ko\u010dnice,<\/p>\n<p>pedale za vo\u017enju,<\/p>\n<p>mogu\u0107nost vo\u017enje bez pedala i mogu\u0107nost kombinovane vo\u017enje,<\/p>\n<p>mogu\u0107nost vo\u017enje u rikverc,<\/p>\n<p>vreme punjenja baterije 6-8h,<\/p>\n<p>nosa\u010d za kofer;<\/p>\n<p>prednje i zadnje svetlo,<\/p>\n<p>retrovizori,<\/p>\n<p>ispod volana poseduje pregradu za odlaganje stvari;<\/p>\n<p>stop svetlo,<\/p>\n<p>\u017emigavci napred i nazad,<\/p>\n<p>LED displej: pokaziva\u010d brzine kretanja, potro\u0161nje baterije, i pre\u0111ena kilometra\u017ea;<\/p>\n<p>klju\u010devi za biciklu + daljinski (mogu\u0107nost vo\u017eenja i bez klju\u010da);<\/p>\n<p>alarm;<\/p>\n<p>gumene, neklizaju\u0107e ru\u010dke;<\/p>\n<p>neklizaju\u0107a za\u0161titna patosnica;<\/p>\n<p>sirena;<\/p>\n<p>vi\u0161e boja<\/p>\n","protected":false},"excerpt":{"rendered":"<p>vi\u0161e boja<\/p>\n<div class=\"product-attributes__item product-attributes__item--even\">\n<div class=\"product-attributes__label\">Kategorije<\/div>\n<div class=\"product-attributes__value\"><a href=\"https:\/\/www.colossus.rs\/catalog\/zrx1-291\">ZRX1<\/a><\/div>\n<\/div>\n<div class=\"product-attributes__item product-attributes__item--odd\">\n<div class=\"product-attributes__label\">Proizvo\u0111a\u010d<\/div>\n<div class=\"product-attributes__value\"><a href=\"https:\/\/www.colossus.rs\/catalog\/brand\/colossus-technology-1000114\">Colossus technology<\/a><\/div>\n<\/div>\n","protected":false},"featured_media":12013,"comment_status":"open","ping_status":"closed","template":"","meta":{"inline_featured_image":false},"product_brand":[],"product_cat":[450],"product_tag":[],"class_list":{"0":"post-12011","1":"product","2":"type-product","3":"status-publish","4":"has-post-thumbnail","6":"product_cat-elektricni-skuteri","8":"first","9":"instock","10":"sale","11":"shipping-taxable","12":"purchasable","13":"product-type-simple"},"_links":{"self":[{"href":"https:\/\/tehnikabacko.rs\/index.php\/wp-json\/wp\/v2\/product\/12011","targetHints":{"allow":["GET"]}}],"collection":[{"href":"https:\/\/tehnikabacko.rs\/index.php\/wp-json\/wp\/v2\/product"}],"about":[{"href":"https:\/\/tehnikabacko.rs\/index.php\/wp-json\/wp\/v2\/types\/product"}],"replies":[{"embeddable":true,"href":"https:\/\/tehnikabacko.rs\/index.php\/wp-json\/wp\/v2\/comments?post=12011"}],"wp:featuredmedia":[{"embeddable":true,"href":"https:\/\/tehnikabacko.rs\/index.php\/wp-json\/wp\/v2\/media\/12013"}],"wp:attachment":[{"href":"https:\/\/tehnikabacko.rs\/index.php\/wp-json\/wp\/v2\/media?parent=12011"}],"wp:term":[{"taxonomy":"product_brand","embeddable":true,"href":"https:\/\/tehnikabacko.rs\/index.php\/wp-json\/wp\/v2\/product_brand?post=12011"},{"taxonomy":"product_cat","embeddable":true,"href":"https:\/\/tehnikabacko.rs\/index.php\/wp-json\/wp\/v2\/product_cat?post=12011"},{"taxonomy":"product_tag","embeddable":true,"href":"https:\/\/tehnikabacko.rs\/index.php\/wp-json\/wp\/v2\/product_tag?post=12011"}],"curies":[{"name":"wp","href":"https:\/\/api.w.org\/{rel}","templated":true}]}}