{"id":11994,"date":"2026-03-25T15:21:53","date_gmt":"2026-03-25T15:21:53","guid":{"rendered":"https:\/\/tehnikabacko.rs\/?post_type=product&#038;p=11994"},"modified":"2026-03-25T15:26:41","modified_gmt":"2026-03-25T15:26:41","slug":"hulk-sa-bosch-motorom","status":"publish","type":"product","link":"https:\/\/tehnikabacko.rs\/index.php\/product\/hulk-sa-bosch-motorom\/","title":{"rendered":"HULK (sa BOSCH motorom)"},"content":{"rendered":"<div class=\"fusion-layout-column fusion_builder_column fusion-builder-column-8 fusion_builder_column_1_1 1_1 fusion-flex-column\" data-scroll-devices=\"small-visibility,medium-visibility,large-visibility\">\n<div class=\"fusion-column-wrapper fusion-column-has-shadow fusion-flex-justify-content-flex-start fusion-content-layout-column\">\n<div class=\"fusion-builder-row fusion-builder-row-inner fusion-row fusion-flex-align-items-flex-start fusion-flex-content-wrap\">\n<div class=\"fusion-layout-column fusion_builder_column_inner fusion-builder-nested-column-2 fusion_builder_column_inner_1_2 1_2 fusion-flex-column\" data-scroll-devices=\"small-visibility,medium-visibility,large-visibility\">\n<div class=\"fusion-column-wrapper fusion-column-has-shadow fusion-flex-justify-content-flex-start fusion-content-layout-column\">\n<div class=\"fusion-title title fusion-title-3 fusion-sep-none fusion-title-text fusion-title-size-six\">\n<h6 class=\"fusion-title-heading title-heading-left fusion-responsive-typography-calculated\">Osnovne karakteristike:<\/h6>\n<\/div>\n<div class=\"fusion-separator\">\n<div class=\"fusion-separator-border sep-single sep-solid\"><\/div>\n<\/div>\n<\/div>\n<\/div>\n<div class=\"fusion-layout-column fusion_builder_column_inner fusion-builder-nested-column-3 fusion_builder_column_inner_1_2 1_2 fusion-flex-column\" data-scroll-devices=\"small-visibility,medium-visibility,large-visibility\">\n<div class=\"fusion-column-wrapper fusion-column-has-shadow fusion-flex-justify-content-center fusion-content-layout-row\">\n<div><\/div>\n<\/div>\n<\/div>\n<\/div>\n<\/div>\n<\/div>\n<div class=\"fusion-layout-column fusion_builder_column fusion-builder-column-9 fusion_builder_column_1_1 1_1 fusion-flex-column\" data-scroll-devices=\"small-visibility,medium-visibility,large-visibility\">\n<div class=\"fusion-column-wrapper fusion-column-has-shadow fusion-flex-justify-content-flex-start fusion-content-layout-column\">\n<div class=\"table-2 tabela-woo-tabs\">\n<p>&nbsp;<\/p>\n<table width=\"100%\">\n<tbody>\n<tr>\n<td align=\"left\">Dimenzije:<\/td>\n<td align=\"left\">175cm*73cm*115cm<\/td>\n<\/tr>\n<tr>\n<td align=\"left\">Osnova To\u010dka:<\/td>\n<td align=\"left\">126cm<\/td>\n<\/tr>\n<tr>\n<td align=\"left\">Tip gume:<\/td>\n<td align=\"left\">90\/90-12<\/td>\n<\/tr>\n<tr>\n<td align=\"left\">Farovi:<\/td>\n<td align=\"left\">LED(zadnja pozicija sa RGB svetlom)<\/td>\n<\/tr>\n<tr>\n<td align=\"left\">Maksimalna brzina:<\/td>\n<td align=\"left\">\u2264 25km\/h<\/td>\n<\/tr>\n<tr>\n<td align=\"left\">Motor:<\/td>\n<td align=\"left\">bez \u010detkica (Brend motora: BOSCH)<\/td>\n<\/tr>\n<tr>\n<td align=\"left\">Snaga motora:<\/td>\n<td align=\"left\">250W<\/td>\n<\/tr>\n<tr>\n<td align=\"left\">Tip baterie:<\/td>\n<td align=\"left\">60V 27Ah Grafenska olovno-kiselinska baterija<\/td>\n<\/tr>\n<tr>\n<td align=\"left\">Instrument tabla:<\/td>\n<td align=\"left\">digitalna u boji sa NFC-om (pametna brava)<\/td>\n<\/tr>\n<tr>\n<td align=\"left\">Maksimalni domet:<\/td>\n<td align=\"left\">60-80km\uff08Laboratorijski podaci: put ravan, temperatura 25 stepeni. nosivost 70 kg. stvarna kilometra\u017ea je odre\u0111ena vremenom, temperaturom, otporom vetra, uslovima na putu, navikama u vo\u017enji itd.\uff09<\/td>\n<\/tr>\n<tr>\n<td align=\"left\">Prednja ko\u010dnica:<\/td>\n<td align=\"left\">disk(veliki)<\/td>\n<\/tr>\n<tr>\n<td align=\"left\">Zadnja ko\u010dnica:<\/td>\n<td align=\"left\">disk<\/td>\n<\/tr>\n<tr class=\"dodatnaKarakteristika\">\n<td align=\"left\">Brava:<\/td>\n<td align=\"left\">metalni klju\u010d, NFC smart klju\u010d<\/td>\n<\/tr>\n<\/tbody>\n<\/table>\n<ol class=\"flex-control-nav flex-control-thumbs\">\n<li><img decoding=\"async\" class=\"flex-active fusion-main-image-thumb alignleft\" draggable=\"false\" src=\"https:\/\/csm2017.rs\/wp-content\/uploads\/2025\/05\/HULK-zuti-1-150x150.webp\" alt=\"HULK (sa BOSCH motorom)\" \/><\/li>\n<li><img decoding=\"async\" draggable=\"false\" src=\"https:\/\/csm2017.rs\/wp-content\/uploads\/2025\/05\/HULK-crni-1-150x150.webp\" alt=\"HULK (sa BOSCH motorom) - Slika 2\" \/><\/li>\n<li><img decoding=\"async\" class=\"alignleft\" draggable=\"false\" src=\"https:\/\/csm2017.rs\/wp-content\/uploads\/2025\/05\/HULK-sivi-2-150x150.webp\" alt=\"HULK (sa BOSCH motorom) - Slika 3\" \/><\/li>\n<li><img decoding=\"async\" draggable=\"false\" src=\"https:\/\/csm2017.rs\/wp-content\/uploads\/2024\/09\/RX1-BOSCH-motor-150x150.avif\" alt=\"HULK (sa BOSCH motorom) - Slika 4\" \/><\/li>\n<li><img decoding=\"async\" class=\"alignnone\" draggable=\"false\" src=\"https:\/\/csm2017.rs\/wp-content\/uploads\/2025\/05\/HULK-zuti-2-150x150.webp\" alt=\"HULK (sa BOSCH motorom) - Slika 5\" \/><\/li>\n<\/ol>\n<\/div>\n<\/div>\n<\/div>\n","protected":false},"excerpt":{"rendered":"<table width=\"100%\">\n<tbody>\n<tr>\n<td align=\"left\">Maksimalni domet:<\/td>\n<td align=\"left\">60-80km\uff08Laboratorijski podaci: put ravan, temperatura 25 stepeni. nosivost 70 kg. stvarna kilometra\u017ea je odre\u0111ena vremenom, temperaturom, otporom vetra, uslovima na putu, navikama u vo\u017enji itd.\uff09<\/td>\n<\/tr>\n<\/tbody>\n<\/table>\n","protected":false},"featured_media":11998,"comment_status":"open","ping_status":"closed","template":"","meta":{"inline_featured_image":false},"product_brand":[],"product_cat":[450],"product_tag":[],"class_list":{"0":"post-11994","1":"product","2":"type-product","3":"status-publish","4":"has-post-thumbnail","6":"product_cat-elektricni-skuteri","8":"first","9":"instock","10":"sale","11":"shipping-taxable","12":"purchasable","13":"product-type-simple"},"_links":{"self":[{"href":"https:\/\/tehnikabacko.rs\/index.php\/wp-json\/wp\/v2\/product\/11994","targetHints":{"allow":["GET"]}}],"collection":[{"href":"https:\/\/tehnikabacko.rs\/index.php\/wp-json\/wp\/v2\/product"}],"about":[{"href":"https:\/\/tehnikabacko.rs\/index.php\/wp-json\/wp\/v2\/types\/product"}],"replies":[{"embeddable":true,"href":"https:\/\/tehnikabacko.rs\/index.php\/wp-json\/wp\/v2\/comments?post=11994"}],"wp:featuredmedia":[{"embeddable":true,"href":"https:\/\/tehnikabacko.rs\/index.php\/wp-json\/wp\/v2\/media\/11998"}],"wp:attachment":[{"href":"https:\/\/tehnikabacko.rs\/index.php\/wp-json\/wp\/v2\/media?parent=11994"}],"wp:term":[{"taxonomy":"product_brand","embeddable":true,"href":"https:\/\/tehnikabacko.rs\/index.php\/wp-json\/wp\/v2\/product_brand?post=11994"},{"taxonomy":"product_cat","embeddable":true,"href":"https:\/\/tehnikabacko.rs\/index.php\/wp-json\/wp\/v2\/product_cat?post=11994"},{"taxonomy":"product_tag","embeddable":true,"href":"https:\/\/tehnikabacko.rs\/index.php\/wp-json\/wp\/v2\/product_tag?post=11994"}],"curies":[{"name":"wp","href":"https:\/\/api.w.org\/{rel}","templated":true}]}}