{"id":11990,"date":"2026-03-25T14:52:27","date_gmt":"2026-03-25T14:52:27","guid":{"rendered":"https:\/\/tehnikabacko.rs\/?post_type=product&#038;p=11990"},"modified":"2026-03-25T14:52:27","modified_gmt":"2026-03-25T14:52:27","slug":"akumulator-12v-180ah-l-vvv-ciak-teretni","status":"publish","type":"product","link":"https:\/\/tehnikabacko.rs\/index.php\/product\/akumulator-12v-180ah-l-vvv-ciak-teretni\/","title":{"rendered":"AKUMULATOR 12V-180AH L+ VVV CIAK TERETNI"},"content":{"rendered":"<div class=\"single-product-tab\">\n<div class=\"tab-content\">\n<div id=\"description\" class=\"tab-pane active\" role=\"tabpanel\">\n<div class=\"hideopis\">\n<table class=\"specs\" cellspacing=\"0\" cellpadding=\"0\">\n<tbody>\n<tr>\n<td colspan=\"2\">\n<h2>Op\u0161te informacije<\/h2>\n<\/td>\n<\/tr>\n<tr>\n<td class=\"title\">Kratki kod:<\/td>\n<td class=\"value\">CS180L<\/td>\n<\/tr>\n<tr>\n<td class=\"title\"><\/td>\n<td class=\"value\"><\/td>\n<\/tr>\n<tr>\n<td class=\"title\">Katalo\u0161ki broj<\/td>\n<td class=\"value\">680458100 CSP180L<\/td>\n<\/tr>\n<\/tbody>\n<\/table>\n<table class=\"specs\" cellspacing=\"0\" cellpadding=\"0\">\n<tbody>\n<tr>\n<td colspan=\"2\">\n<h2>Podaci o performansama<\/h2>\n<\/td>\n<\/tr>\n<tr>\n<td class=\"title\">Napon:<\/td>\n<td class=\"value\">12 V<\/td>\n<\/tr>\n<tr>\n<td class=\"title\">Kapacitet:<\/td>\n<td class=\"value\">180 AH<\/td>\n<\/tr>\n<tr>\n<td class=\"title\">Struja hladnog starta:<\/td>\n<td class=\"value\">1100 A<\/td>\n<\/tr>\n<\/tbody>\n<\/table>\n<table class=\"specs\" cellspacing=\"0\" cellpadding=\"0\">\n<tbody>\n<tr>\n<td colspan=\"2\">\n<h2>Fizi\u010dke karakteristike<\/h2>\n<\/td>\n<\/tr>\n<tr>\n<td class=\"title\"><\/td>\n<td class=\"value\"><\/td>\n<\/tr>\n<tr>\n<td class=\"title\"><\/td>\n<td class=\"value\"><\/td>\n<\/tr>\n<tr>\n<td class=\"title\">du\u017eina:<\/td>\n<td class=\"value\">513mm<\/td>\n<\/tr>\n<tr>\n<td class=\"title\">\u0161irina:<\/td>\n<td class=\"value\">223 mm<\/td>\n<\/tr>\n<tr>\n<td class=\"title\">visina:<\/td>\n<td class=\"value\">223 mm<\/td>\n<\/tr>\n<\/tbody>\n<\/table>\n<\/div>\n<\/div>\n<\/div>\n<\/div>\n","protected":false},"excerpt":{"rendered":"<p>Kratki kod: CS180L<br \/>\nDimenzija:513x223x223<br \/>\nStartna snaga:EN1100<\/p>\n<div class=\"hideopis\">\n<p><strong>CIAK Starter<\/strong>\u00a0&#8211; akumulator Italijanskog proizvo\u0111a\u010da Fiamm, koji koristi najsavremeniju tehnologiju izrade tradicionalnih akumulatora s teku\u0107im elektrolitom.<\/p>\n<p><strong>Prednosti:<\/strong><br \/>\nCa-Ca tehnologija.Sa kori\u0161tenjem inteligentnog lavirint poklopca koji omogu\u0107ava upotrebu bez odr\u017eavanja uz gotovo dvostruko du\u017ei vek trajanja i minimalno gubljenje te\u010dnosti.Garantuje najbolju mogu\u0107u isporuku deklarisanih performansi tako da je savr\u0161en za sve vrste vozila.\u0160irok asortiman proizvoda.Velika pouzdanost.25 meseci garancije.<\/p>\n<p>&nbsp;<\/p>\n<\/div>\n","protected":false},"featured_media":11991,"comment_status":"open","ping_status":"closed","template":"","meta":{"inline_featured_image":false},"product_brand":[],"product_cat":[346],"product_tag":[],"class_list":{"0":"post-11990","1":"product","2":"type-product","3":"status-publish","4":"has-post-thumbnail","6":"product_cat-akumulatori","8":"first","9":"instock","10":"sale","11":"shipping-taxable","12":"purchasable","13":"product-type-simple"},"_links":{"self":[{"href":"https:\/\/tehnikabacko.rs\/index.php\/wp-json\/wp\/v2\/product\/11990","targetHints":{"allow":["GET"]}}],"collection":[{"href":"https:\/\/tehnikabacko.rs\/index.php\/wp-json\/wp\/v2\/product"}],"about":[{"href":"https:\/\/tehnikabacko.rs\/index.php\/wp-json\/wp\/v2\/types\/product"}],"replies":[{"embeddable":true,"href":"https:\/\/tehnikabacko.rs\/index.php\/wp-json\/wp\/v2\/comments?post=11990"}],"wp:featuredmedia":[{"embeddable":true,"href":"https:\/\/tehnikabacko.rs\/index.php\/wp-json\/wp\/v2\/media\/11991"}],"wp:attachment":[{"href":"https:\/\/tehnikabacko.rs\/index.php\/wp-json\/wp\/v2\/media?parent=11990"}],"wp:term":[{"taxonomy":"product_brand","embeddable":true,"href":"https:\/\/tehnikabacko.rs\/index.php\/wp-json\/wp\/v2\/product_brand?post=11990"},{"taxonomy":"product_cat","embeddable":true,"href":"https:\/\/tehnikabacko.rs\/index.php\/wp-json\/wp\/v2\/product_cat?post=11990"},{"taxonomy":"product_tag","embeddable":true,"href":"https:\/\/tehnikabacko.rs\/index.php\/wp-json\/wp\/v2\/product_tag?post=11990"}],"curies":[{"name":"wp","href":"https:\/\/api.w.org\/{rel}","templated":true}]}}