{"id":11988,"date":"2026-03-24T15:13:38","date_gmt":"2026-03-24T15:13:38","guid":{"rendered":"https:\/\/tehnikabacko.rs\/?post_type=product&#038;p=11988"},"modified":"2026-03-24T15:13:38","modified_gmt":"2026-03-24T15:13:38","slug":"akumulatorska-i-rucna-prskalica-prime-1621-li","status":"publish","type":"product","link":"https:\/\/tehnikabacko.rs\/index.php\/product\/akumulatorska-i-rucna-prskalica-prime-1621-li\/","title":{"rendered":"Akumulatorska i ru\u010dna prskalica Prime 1621 Li"},"content":{"rendered":"<table class=\"table\">\n<tbody>\n<tr>\n<td>Kategorija<\/td>\n<td><strong>Akumulatorkse prskalice<\/strong><\/td>\n<\/tr>\n<tr>\n<td>Tip baterije<\/td>\n<td><strong>Li-ion<\/strong><\/td>\n<\/tr>\n<tr>\n<td>Volta\u017ea baterije<\/td>\n<td><strong>12 V<\/strong><\/td>\n<\/tr>\n<tr>\n<td>Kapacitet baterije<\/td>\n<td><strong>8 Ah<\/strong><\/td>\n<\/tr>\n<tr>\n<td>Zapremina rezervoara<\/td>\n<td><strong>14 l<\/strong><\/td>\n<\/tr>\n<tr>\n<td>Radni pritisak<\/td>\n<td><strong>1.5 &#8211; 4 bar<\/strong><\/td>\n<\/tr>\n<tr>\n<td>Maksimalna temperatura vode<\/td>\n<td><strong>40 C\u00b0<\/strong><\/td>\n<\/tr>\n<\/tbody>\n<\/table>\n","protected":false},"excerpt":{"rendered":"<ul>\n<li>3 male mlaznice<\/li>\n<li>Materijal mlaznice: ner\u0111aju\u0107i \u010delik<\/li>\n<li>Protok pumpe: 2.9 l\/min<\/li>\n<\/ul>\n","protected":false},"featured_media":11989,"comment_status":"open","ping_status":"closed","template":"","meta":{"inline_featured_image":false},"product_brand":[],"product_cat":[415],"product_tag":[],"class_list":{"0":"post-11988","1":"product","2":"type-product","3":"status-publish","4":"has-post-thumbnail","6":"product_cat-aku-prskalice","8":"first","9":"instock","10":"sale","11":"shipping-taxable","12":"purchasable","13":"product-type-simple"},"_links":{"self":[{"href":"https:\/\/tehnikabacko.rs\/index.php\/wp-json\/wp\/v2\/product\/11988","targetHints":{"allow":["GET"]}}],"collection":[{"href":"https:\/\/tehnikabacko.rs\/index.php\/wp-json\/wp\/v2\/product"}],"about":[{"href":"https:\/\/tehnikabacko.rs\/index.php\/wp-json\/wp\/v2\/types\/product"}],"replies":[{"embeddable":true,"href":"https:\/\/tehnikabacko.rs\/index.php\/wp-json\/wp\/v2\/comments?post=11988"}],"wp:featuredmedia":[{"embeddable":true,"href":"https:\/\/tehnikabacko.rs\/index.php\/wp-json\/wp\/v2\/media\/11989"}],"wp:attachment":[{"href":"https:\/\/tehnikabacko.rs\/index.php\/wp-json\/wp\/v2\/media?parent=11988"}],"wp:term":[{"taxonomy":"product_brand","embeddable":true,"href":"https:\/\/tehnikabacko.rs\/index.php\/wp-json\/wp\/v2\/product_brand?post=11988"},{"taxonomy":"product_cat","embeddable":true,"href":"https:\/\/tehnikabacko.rs\/index.php\/wp-json\/wp\/v2\/product_cat?post=11988"},{"taxonomy":"product_tag","embeddable":true,"href":"https:\/\/tehnikabacko.rs\/index.php\/wp-json\/wp\/v2\/product_tag?post=11988"}],"curies":[{"name":"wp","href":"https:\/\/api.w.org\/{rel}","templated":true}]}}