{"id":11982,"date":"2026-03-24T14:40:36","date_gmt":"2026-03-24T14:40:36","guid":{"rendered":"https:\/\/tehnikabacko.rs\/?post_type=product&#038;p=11982"},"modified":"2026-03-24T14:40:36","modified_gmt":"2026-03-24T14:40:36","slug":"farm-motorni-kultivator-freza-36-cm-fmk360n","status":"publish","type":"product","link":"https:\/\/tehnikabacko.rs\/index.php\/product\/farm-motorni-kultivator-freza-36-cm-fmk360n\/","title":{"rendered":"Farm motorni kultivator freza 36 cm FMK360N"},"content":{"rendered":"<p>Model: Farm FMK360N<br \/>\nTip: Motorna kopa\u010dica<br \/>\nSnaga: 2200 W<br \/>\nTip motora: RV1455<br \/>\nZapremina motor: 145 cc<br \/>\nRadna dubina: 10 cm<br \/>\nPogon: Samohodna<\/p>\n","protected":false},"excerpt":{"rendered":"<p>Motorni kultivator freza 36 cm FMK360N Farm<\/p>\n<p>Farm-ov motorni kultivator je samohodna kopa\u010dica kompaktnog dizajna idealna za ba\u0161te i dvori\u0161ta.<\/p>\n","protected":false},"featured_media":11983,"comment_status":"open","ping_status":"closed","template":"","meta":{"inline_featured_image":false},"product_brand":[],"product_cat":[282,301],"product_tag":[],"class_list":{"0":"post-11982","1":"product","2":"type-product","3":"status-publish","4":"has-post-thumbnail","6":"product_cat-kultivatori","7":"product_cat-motorni-kultivator","9":"first","10":"instock","11":"sale","12":"shipping-taxable","13":"purchasable","14":"product-type-simple"},"_links":{"self":[{"href":"https:\/\/tehnikabacko.rs\/index.php\/wp-json\/wp\/v2\/product\/11982","targetHints":{"allow":["GET"]}}],"collection":[{"href":"https:\/\/tehnikabacko.rs\/index.php\/wp-json\/wp\/v2\/product"}],"about":[{"href":"https:\/\/tehnikabacko.rs\/index.php\/wp-json\/wp\/v2\/types\/product"}],"replies":[{"embeddable":true,"href":"https:\/\/tehnikabacko.rs\/index.php\/wp-json\/wp\/v2\/comments?post=11982"}],"wp:featuredmedia":[{"embeddable":true,"href":"https:\/\/tehnikabacko.rs\/index.php\/wp-json\/wp\/v2\/media\/11983"}],"wp:attachment":[{"href":"https:\/\/tehnikabacko.rs\/index.php\/wp-json\/wp\/v2\/media?parent=11982"}],"wp:term":[{"taxonomy":"product_brand","embeddable":true,"href":"https:\/\/tehnikabacko.rs\/index.php\/wp-json\/wp\/v2\/product_brand?post=11982"},{"taxonomy":"product_cat","embeddable":true,"href":"https:\/\/tehnikabacko.rs\/index.php\/wp-json\/wp\/v2\/product_cat?post=11982"},{"taxonomy":"product_tag","embeddable":true,"href":"https:\/\/tehnikabacko.rs\/index.php\/wp-json\/wp\/v2\/product_tag?post=11982"}],"curies":[{"name":"wp","href":"https:\/\/api.w.org\/{rel}","templated":true}]}}