{"id":11980,"date":"2026-03-24T14:29:30","date_gmt":"2026-03-24T14:29:30","guid":{"rendered":"https:\/\/tehnikabacko.rs\/?post_type=product&#038;p=11980"},"modified":"2026-03-24T14:29:30","modified_gmt":"2026-03-24T14:29:30","slug":"motorna-kosilica-samohodna-zero-turn-196cc","status":"publish","type":"product","link":"https:\/\/tehnikabacko.rs\/index.php\/product\/motorna-kosilica-samohodna-zero-turn-196cc\/","title":{"rendered":"Motorna kosilica samohodna ZERO TURN 196cc"},"content":{"rendered":"<p style=\"font-weight: 400;\"><strong>Tehni\u010dke karakteristike:<\/strong><\/p>\n<p style=\"font-weight: 400;\">Motor Y196V, \u010detvorotaktni<\/p>\n<p style=\"font-weight: 400;\">Ku\u0107i\u0161te 20\u201dmetalno ku\u0107i\u0161te<\/p>\n<p style=\"font-weight: 400;\">Dimenzija to\u010dkova 8\u201d(prednji)\/11\u201d(zadnji) to\u010dkovi<\/p>\n<p style=\"font-weight: 400;\">\u0160irina rezanja 51cm<\/p>\n<p style=\"font-weight: 400;\">Visina ko\u0161enja 2,5-7,5cm, 6-stepeno visinsko centralno pode\u0161avanje<\/p>\n<p style=\"font-weight: 400;\">Sakuplja\u010d izbacivanje pozadi (korpa), izbacivanje sa strane<\/p>\n<p style=\"font-weight: 400;\">Samoispiranje fabri\u010dki ugra\u0111en konektor na ku\u0107i\u0161tu<\/p>\n<p style=\"font-weight: 400;\">Kolektor za travu 65L<\/p>\n<p style=\"font-weight: 400;\">Rezervoar goriva 1,0L<\/p>\n<p style=\"font-weight: 400;\">Rezervoar ulja 0,6L<\/p>\n<p style=\"font-weight: 400;\">Povr\u0161ina ko\u0161enja 1500 m2<\/p>\n<p style=\"font-weight: 400;\">Mobilnost samohodna<\/p>\n<p style=\"font-weight: 400;\">Zapremina 196cc<\/p>\n<p style=\"font-weight: 400;\">Nivo buke<\/p>\n<p style=\"font-weight: 400;\">Snaga<\/p>\n<p style=\"font-weight: 400;\">98dB(A)<\/p>\n<p style=\"font-weight: 400;\">4,2 Kw<\/p>\n","protected":false},"excerpt":{"rendered":"<p style=\"font-weight: 400;\">FML511ZT opremljena je mo\u0107nim motorom zapremine 196cc i poseduje naprednu ZERO TURN funkciju, \u0161to zna\u010di da se prednji to\u010dkovi mogu okretati za 360 stepeni. Ova karakteristika omogu\u0107ava izuzetnu upravljivost, posebno pri ko\u0161enju oko prepreka, drve\u0107a i u tesnim prostorima.<\/p>\n<p style=\"font-weight: 400;\">Visina ko\u0161enja se mo\u017ee lako podesiti u 6 razli\u010ditih nivoa, u rasponu od 2,5 cm do 7,5 cm, prema va\u0161im potrebama i \u017eeljenom izgledu travnjaka.<\/p>\n<p style=\"font-weight: 400;\">Pored velike korpe za travu kapaciteta 65 litara, FLM511ZT nudi i bo\u010dno izbacivanje, \u0161to smanjuje potrebu za \u010destim pra\u017enjenjem i prekidima u radu. Metalno ku\u0107i\u0161te veli\u010dine 20\u201d garantuje \u010dvrsto\u0107u i dugotrajnost, a ugra\u0111eni konektor za samoispiranje olak\u0161ava odr\u017eavanje.<\/p>\n","protected":false},"featured_media":11981,"comment_status":"open","ping_status":"closed","template":"","meta":{"inline_featured_image":false},"product_brand":[],"product_cat":[344,272],"product_tag":[],"class_list":{"0":"post-11980","1":"product","2":"type-product","3":"status-publish","4":"has-post-thumbnail","6":"product_cat-kosilice","7":"product_cat-motorna-kosilica","9":"first","10":"instock","11":"sale","12":"shipping-taxable","13":"purchasable","14":"product-type-simple"},"_links":{"self":[{"href":"https:\/\/tehnikabacko.rs\/index.php\/wp-json\/wp\/v2\/product\/11980","targetHints":{"allow":["GET"]}}],"collection":[{"href":"https:\/\/tehnikabacko.rs\/index.php\/wp-json\/wp\/v2\/product"}],"about":[{"href":"https:\/\/tehnikabacko.rs\/index.php\/wp-json\/wp\/v2\/types\/product"}],"replies":[{"embeddable":true,"href":"https:\/\/tehnikabacko.rs\/index.php\/wp-json\/wp\/v2\/comments?post=11980"}],"wp:featuredmedia":[{"embeddable":true,"href":"https:\/\/tehnikabacko.rs\/index.php\/wp-json\/wp\/v2\/media\/11981"}],"wp:attachment":[{"href":"https:\/\/tehnikabacko.rs\/index.php\/wp-json\/wp\/v2\/media?parent=11980"}],"wp:term":[{"taxonomy":"product_brand","embeddable":true,"href":"https:\/\/tehnikabacko.rs\/index.php\/wp-json\/wp\/v2\/product_brand?post=11980"},{"taxonomy":"product_cat","embeddable":true,"href":"https:\/\/tehnikabacko.rs\/index.php\/wp-json\/wp\/v2\/product_cat?post=11980"},{"taxonomy":"product_tag","embeddable":true,"href":"https:\/\/tehnikabacko.rs\/index.php\/wp-json\/wp\/v2\/product_tag?post=11980"}],"curies":[{"name":"wp","href":"https:\/\/api.w.org\/{rel}","templated":true}]}}