{"id":11964,"date":"2026-03-16T14:57:48","date_gmt":"2026-03-16T14:57:48","guid":{"rendered":"https:\/\/tehnikabacko.rs\/?post_type=product&#038;p=11964"},"modified":"2026-03-16T14:57:48","modified_gmt":"2026-03-16T14:57:48","slug":"stiga-elektricna-kosilica-combi-336c","status":"publish","type":"product","link":"https:\/\/tehnikabacko.rs\/index.php\/product\/stiga-elektricna-kosilica-combi-336c\/","title":{"rendered":"STIGA elektri\u010dna kosilica COMBI 336C"},"content":{"rendered":"<table width=\"1157\">\n<tbody>\n<tr>\n<td>Motor<\/td>\n<td>Elektri\u010dni pogon<\/td>\n<\/tr>\n<tr>\n<td>Pogonski napon<\/td>\n<td>230<\/td>\n<\/tr>\n<tr>\n<td>Snaga<\/td>\n<td>1400<\/td>\n<\/tr>\n<tr>\n<td>Prikladno za<\/td>\n<td>Travnjaci do 400 m\u00b2<\/td>\n<\/tr>\n<tr>\n<td>\u0160irina rezanja (maks.)<\/td>\n<td>34<\/td>\n<\/tr>\n<tr>\n<td>Visina reza<\/td>\n<td>25 &#8211; 75 (prikaz, stru\u010dni).<\/td>\n<\/tr>\n<tr>\n<td>Pode\u0161avanje visine za rezanje<\/td>\n<td>Centralono na 6 nivoa<\/td>\n<\/tr>\n<tr>\n<td>Prikupna posuda<\/td>\n<td>35 l<\/td>\n<\/tr>\n<tr>\n<td>Te\u017eina<\/td>\n<td>11<\/td>\n<\/tr>\n<\/tbody>\n<\/table>\n","protected":false},"excerpt":{"rendered":"<p>STIGA elektri\u010dna kosa\u010dica COMBI 336C ru\u010dna elektri\u010dna kosa\u010dica za travu je kompaktna i te\u017ei samo 11 kg, \u0161to je \u010dini laganom i prakti\u010dnom. Ova okretna i udobna kosa\u010dica za travu pokre\u0107e motor od 1400 W i ima mogu\u0107nost pode\u0161avanje visine ko\u0161enja, koje se mo\u017ee podesiti u \u0161est polo\u017eaja u rasponu od 25 mm do 75 mm pomo\u0107u poluge s ergonomskom ru\u010dkom. Korpa od 35 litara ima prozor\u010di\u0107 i ru\u010dku za jednostavno pra\u017enjenje.<\/p>\n","protected":false},"featured_media":11966,"comment_status":"open","ping_status":"closed","template":"","meta":{"inline_featured_image":false},"product_brand":[],"product_cat":[271,244],"product_tag":[],"class_list":{"0":"post-11964","1":"product","2":"type-product","3":"status-publish","4":"has-post-thumbnail","6":"product_cat-elektricna-kosilica","7":"product_cat-kosacice","9":"first","10":"instock","11":"sale","12":"shipping-taxable","13":"purchasable","14":"product-type-simple"},"_links":{"self":[{"href":"https:\/\/tehnikabacko.rs\/index.php\/wp-json\/wp\/v2\/product\/11964","targetHints":{"allow":["GET"]}}],"collection":[{"href":"https:\/\/tehnikabacko.rs\/index.php\/wp-json\/wp\/v2\/product"}],"about":[{"href":"https:\/\/tehnikabacko.rs\/index.php\/wp-json\/wp\/v2\/types\/product"}],"replies":[{"embeddable":true,"href":"https:\/\/tehnikabacko.rs\/index.php\/wp-json\/wp\/v2\/comments?post=11964"}],"wp:featuredmedia":[{"embeddable":true,"href":"https:\/\/tehnikabacko.rs\/index.php\/wp-json\/wp\/v2\/media\/11966"}],"wp:attachment":[{"href":"https:\/\/tehnikabacko.rs\/index.php\/wp-json\/wp\/v2\/media?parent=11964"}],"wp:term":[{"taxonomy":"product_brand","embeddable":true,"href":"https:\/\/tehnikabacko.rs\/index.php\/wp-json\/wp\/v2\/product_brand?post=11964"},{"taxonomy":"product_cat","embeddable":true,"href":"https:\/\/tehnikabacko.rs\/index.php\/wp-json\/wp\/v2\/product_cat?post=11964"},{"taxonomy":"product_tag","embeddable":true,"href":"https:\/\/tehnikabacko.rs\/index.php\/wp-json\/wp\/v2\/product_tag?post=11964"}],"curies":[{"name":"wp","href":"https:\/\/api.w.org\/{rel}","templated":true}]}}