{"id":11952,"date":"2026-03-13T10:04:28","date_gmt":"2026-03-13T10:04:28","guid":{"rendered":"https:\/\/tehnikabacko.rs\/?post_type=product&#038;p=11952"},"modified":"2026-03-13T10:04:29","modified_gmt":"2026-03-13T10:04:29","slug":"serking-sa-bosch-motorom-elektricni-skuter","status":"publish","type":"product","link":"https:\/\/tehnikabacko.rs\/index.php\/product\/serking-sa-bosch-motorom-elektricni-skuter\/","title":{"rendered":"SERKING (sa BOSCH motorom) ELEKTRI\u010cNI SKUTER"},"content":{"rendered":"<div class=\"fusion-layout-column fusion_builder_column fusion-builder-column-8 fusion_builder_column_1_1 1_1 fusion-flex-column\" data-scroll-devices=\"small-visibility,medium-visibility,large-visibility\">\n<div class=\"fusion-column-wrapper fusion-column-has-shadow fusion-flex-justify-content-flex-start fusion-content-layout-column\">\n<div class=\"fusion-builder-row fusion-builder-row-inner fusion-row fusion-flex-align-items-flex-start fusion-flex-content-wrap\">\n<div class=\"fusion-layout-column fusion_builder_column_inner fusion-builder-nested-column-2 fusion_builder_column_inner_1_2 1_2 fusion-flex-column\" data-scroll-devices=\"small-visibility,medium-visibility,large-visibility\">\n<div class=\"fusion-column-wrapper fusion-column-has-shadow fusion-flex-justify-content-flex-start fusion-content-layout-column\">\n<div class=\"fusion-title title fusion-title-3 fusion-sep-none fusion-title-text fusion-title-size-six\">\n<h6 class=\"fusion-title-heading title-heading-left fusion-responsive-typography-calculated\">Osnovne karakteristike:<\/h6>\n<\/div>\n<div class=\"fusion-separator\">\n<div class=\"fusion-separator-border sep-single sep-solid\"><\/div>\n<\/div>\n<\/div>\n<\/div>\n<div class=\"fusion-layout-column fusion_builder_column_inner fusion-builder-nested-column-3 fusion_builder_column_inner_1_2 1_2 fusion-flex-column\" data-scroll-devices=\"small-visibility,medium-visibility,large-visibility\">\n<div class=\"fusion-column-wrapper fusion-column-has-shadow fusion-flex-justify-content-center fusion-content-layout-row\">\n<div><\/div>\n<\/div>\n<\/div>\n<\/div>\n<\/div>\n<\/div>\n<div class=\"fusion-layout-column fusion_builder_column fusion-builder-column-9 fusion_builder_column_1_1 1_1 fusion-flex-column\" data-scroll-devices=\"small-visibility,medium-visibility,large-visibility\">\n<div class=\"fusion-column-wrapper fusion-column-has-shadow fusion-flex-justify-content-flex-start fusion-content-layout-column\">\n<div class=\"table-2 tabela-woo-tabs\">\n<p>&nbsp;<\/p>\n<table width=\"100%\">\n<tbody>\n<tr>\n<td align=\"left\">Dimenzije:<\/td>\n<td align=\"left\">170*65*105cm<\/td>\n<\/tr>\n<tr>\n<td align=\"left\">Osnova To\u010dka:<\/td>\n<td align=\"left\">130cm<\/td>\n<\/tr>\n<tr>\n<td align=\"left\">Tip gume:<\/td>\n<td align=\"left\">3.00-10 tubeless<\/td>\n<\/tr>\n<tr>\n<td align=\"left\">Farovi:<\/td>\n<td align=\"left\">LED<\/td>\n<\/tr>\n<tr>\n<td align=\"left\">Maksimalna brzina:<\/td>\n<td align=\"left\">25 km\/h<\/td>\n<\/tr>\n<tr>\n<td align=\"left\">Motor:<\/td>\n<td align=\"left\">bez \u010detkica<\/td>\n<\/tr>\n<tr>\n<td align=\"left\">Snaga motora:<\/td>\n<td align=\"left\">250W<\/td>\n<\/tr>\n<tr>\n<td align=\"left\">Tip baterie:<\/td>\n<td align=\"left\">48v20ah olovno-kiselinska<\/td>\n<\/tr>\n<tr>\n<td align=\"left\">Instrument tabla:<\/td>\n<td align=\"left\">digitalna u boji<\/td>\n<\/tr>\n<tr>\n<td align=\"left\">Maksimalni domet:<\/td>\n<td align=\"left\">150kg<\/td>\n<\/tr>\n<tr>\n<td align=\"left\">Prednja ko\u010dnica:<\/td>\n<td align=\"left\">disk ko\u010dnice u obliku kapi vode<\/td>\n<\/tr>\n<tr>\n<td align=\"left\">Zadnja ko\u010dnica:<\/td>\n<td align=\"left\">dobo\u0161 ko\u010dnica<\/td>\n<\/tr>\n<\/tbody>\n<\/table>\n<\/div>\n<\/div>\n<\/div>\n","protected":false},"excerpt":{"rendered":"<p>Osnovne karakteristike: &nbsp; Dimenzije: 170*65*105cm Osnova To\u010dka: 130cm Tip gume: 3.00-10 tubeless Farovi: LED Maksimalna brzina: 25 km\/h Motor: bez \u010detkica Snaga motora: 250W Tip baterie: 48v20ah olovno-kiselinska Instrument tabla: digitalna u boji Maksimalni domet: 150kg Prednja ko\u010dnica: disk ko\u010dnice u obliku kapi vode Zadnja ko\u010dnica: dobo\u0161 ko\u010dnica<\/p>\n","protected":false},"featured_media":11955,"comment_status":"open","ping_status":"closed","template":"","meta":{"inline_featured_image":false},"product_brand":[],"product_cat":[450],"product_tag":[],"class_list":{"0":"post-11952","1":"product","2":"type-product","3":"status-publish","4":"has-post-thumbnail","6":"product_cat-elektricni-skuteri","8":"first","9":"instock","10":"sale","11":"shipping-taxable","12":"purchasable","13":"product-type-simple"},"_links":{"self":[{"href":"https:\/\/tehnikabacko.rs\/index.php\/wp-json\/wp\/v2\/product\/11952","targetHints":{"allow":["GET"]}}],"collection":[{"href":"https:\/\/tehnikabacko.rs\/index.php\/wp-json\/wp\/v2\/product"}],"about":[{"href":"https:\/\/tehnikabacko.rs\/index.php\/wp-json\/wp\/v2\/types\/product"}],"replies":[{"embeddable":true,"href":"https:\/\/tehnikabacko.rs\/index.php\/wp-json\/wp\/v2\/comments?post=11952"}],"wp:featuredmedia":[{"embeddable":true,"href":"https:\/\/tehnikabacko.rs\/index.php\/wp-json\/wp\/v2\/media\/11955"}],"wp:attachment":[{"href":"https:\/\/tehnikabacko.rs\/index.php\/wp-json\/wp\/v2\/media?parent=11952"}],"wp:term":[{"taxonomy":"product_brand","embeddable":true,"href":"https:\/\/tehnikabacko.rs\/index.php\/wp-json\/wp\/v2\/product_brand?post=11952"},{"taxonomy":"product_cat","embeddable":true,"href":"https:\/\/tehnikabacko.rs\/index.php\/wp-json\/wp\/v2\/product_cat?post=11952"},{"taxonomy":"product_tag","embeddable":true,"href":"https:\/\/tehnikabacko.rs\/index.php\/wp-json\/wp\/v2\/product_tag?post=11952"}],"curies":[{"name":"wp","href":"https:\/\/api.w.org\/{rel}","templated":true}]}}