{"id":11945,"date":"2026-03-12T12:47:39","date_gmt":"2026-03-12T12:47:39","guid":{"rendered":"https:\/\/tehnikabacko.rs\/?post_type=product&#038;p=11945"},"modified":"2026-05-05T08:39:19","modified_gmt":"2026-05-05T08:39:19","slug":"motorna-kosacica-villager-eagle-3111-v","status":"publish","type":"product","link":"https:\/\/tehnikabacko.rs\/index.php\/product\/motorna-kosacica-villager-eagle-3111-v\/","title":{"rendered":"Motorna kosa\u010dica Villager EAGLE 3111 V"},"content":{"rendered":"<table class=\"table product-attrbite-table\">\n<thead>\n<tr>\n<th>Karakteristika<\/th>\n<th>Vrednost<\/th>\n<\/tr>\n<\/thead>\n<tbody>\n<tr>\n<td>Kategorija<\/td>\n<td><a title=\"Motorne kosa\u010dice\" href=\"https:\/\/www.agromarket.rs\/motorne-kosacice\">Motorne kosa\u010dice<\/a><\/td>\n<\/tr>\n<tr class=\"attr-table-product-weight\">\n<td>Te\u017eina pakovanja<\/td>\n<td>29.5 kg<\/td>\n<\/tr>\n<tr class=\"attr-brend\">\n<td>Brend<\/td>\n<td><a title=\"Villager\" href=\"https:\/\/www.agromarket.rs\/proizvodi\/brend-villager\">Villager<\/a><\/td>\n<\/tr>\n<tr class=\"attr-snaga-motora\">\n<td>Snaga motora<\/td>\n<td>2.2 kW<\/td>\n<\/tr>\n<tr class=\"attr-broj-obrtaja\">\n<td>Broj obrtaja<\/td>\n<td>2800 rpm<\/td>\n<\/tr>\n<tr class=\"attr-zapremina-motora\">\n<td>Zapremina motora<\/td>\n<td>127.1 cm\u00b3<\/td>\n<\/tr>\n<tr class=\"attr-sirina-kosenja\">\n<td>\u0160irina ko\u0161enja<\/td>\n<td>430 mm<\/td>\n<\/tr>\n<tr class=\"attr-rezervoar-ulja\">\n<td>Rezervoar ulja<\/td>\n<td>0.8 l<\/td>\n<\/tr>\n<tr class=\"attr-visina-kosenja\">\n<td>Visina ko\u0161enja<\/td>\n<td>25 &#8211; 75 mm<\/td>\n<\/tr>\n<tr class=\"attr-tip-pogona\">\n<td>Tip pogona<\/td>\n<td>Samohodni<\/td>\n<\/tr>\n<tr class=\"attr-precnik-tocka-prednjizadnji\">\n<td>Pre\u010dnik to\u010dka (prednji\/zadnji)<\/td>\n<td><a title=\"7\" href=\"https:\/\/www.agromarket.rs\/proizvodi\/precnik-tocka-prednji-zadnji-7-8\">7&#8243; \/ 8&#8243;<\/a><\/td>\n<\/tr>\n<tr class=\"attr-produzena-garancija\">\n<td>Produ\u017eena garancija<\/td>\n<td>5 godina<\/td>\n<\/tr>\n<tr class=\"attr-zapremina-sakupljaca\">\n<td>Zapremina sakuplja\u010da<\/td>\n<td>45 l<\/td>\n<\/tr>\n<\/tbody>\n<\/table>\n<p>&nbsp;<\/p>\n<p>&nbsp;<\/p>\n<p><img fetchpriority=\"high\" decoding=\"async\" class=\"\" src=\"https:\/\/www.agromarket.rs\/files\/watermark\/files\/images\/slike_proizvoda\/thumbs_w\/088952_w_800_800px.jpg\" alt=\"Motorna kosa\u010dica Villager EAGLE 3111 V \" width=\"544\" height=\"544\" \/><\/p>\n","protected":false},"excerpt":{"rendered":"<p>Karakteristika Vrednost Kategorija Motorne kosa\u010dice Te\u017eina pakovanja 29.5 kg Brend Villager Snaga motora 2.2 kW Broj obrtaja 2800 rpm Zapremina motora 127.1 cm\u00b3 \u0160irina ko\u0161enja 430 mm Rezervoar ulja 0.8 l Visina ko\u0161enja 25 &#8211; 75 mm Tip pogona Samohodni Pre\u010dnik to\u010dka (prednji\/zadnji) 7&#8243; \/ 8&#8243; Produ\u017eena garancija 5 godina Zapremina sakuplja\u010da 45 l &nbsp; [&hellip;]<\/p>\n","protected":false},"featured_media":11946,"comment_status":"open","ping_status":"closed","template":"","meta":{"inline_featured_image":false},"product_brand":[],"product_cat":[244,272],"product_tag":[],"class_list":{"0":"post-11945","1":"product","2":"type-product","3":"status-publish","4":"has-post-thumbnail","6":"product_cat-kosacice","7":"product_cat-motorna-kosilica","9":"first","10":"instock","11":"sale","12":"shipping-taxable","13":"purchasable","14":"product-type-simple"},"_links":{"self":[{"href":"https:\/\/tehnikabacko.rs\/index.php\/wp-json\/wp\/v2\/product\/11945","targetHints":{"allow":["GET"]}}],"collection":[{"href":"https:\/\/tehnikabacko.rs\/index.php\/wp-json\/wp\/v2\/product"}],"about":[{"href":"https:\/\/tehnikabacko.rs\/index.php\/wp-json\/wp\/v2\/types\/product"}],"replies":[{"embeddable":true,"href":"https:\/\/tehnikabacko.rs\/index.php\/wp-json\/wp\/v2\/comments?post=11945"}],"wp:featuredmedia":[{"embeddable":true,"href":"https:\/\/tehnikabacko.rs\/index.php\/wp-json\/wp\/v2\/media\/11946"}],"wp:attachment":[{"href":"https:\/\/tehnikabacko.rs\/index.php\/wp-json\/wp\/v2\/media?parent=11945"}],"wp:term":[{"taxonomy":"product_brand","embeddable":true,"href":"https:\/\/tehnikabacko.rs\/index.php\/wp-json\/wp\/v2\/product_brand?post=11945"},{"taxonomy":"product_cat","embeddable":true,"href":"https:\/\/tehnikabacko.rs\/index.php\/wp-json\/wp\/v2\/product_cat?post=11945"},{"taxonomy":"product_tag","embeddable":true,"href":"https:\/\/tehnikabacko.rs\/index.php\/wp-json\/wp\/v2\/product_tag?post=11945"}],"curies":[{"name":"wp","href":"https:\/\/api.w.org\/{rel}","templated":true}]}}