{"id":11929,"date":"2026-03-06T14:16:14","date_gmt":"2026-03-06T14:16:14","guid":{"rendered":"https:\/\/tehnikabacko.rs\/?post_type=product&#038;p=11929"},"modified":"2026-03-06T14:16:14","modified_gmt":"2026-03-06T14:16:14","slug":"motorni-kultivator-villager-prime-vtb-842","status":"publish","type":"product","link":"https:\/\/tehnikabacko.rs\/index.php\/product\/motorni-kultivator-villager-prime-vtb-842\/","title":{"rendered":"Motorni kultivator Villager Prime VTB 842"},"content":{"rendered":"<table class=\"table product-attrbite-table\">\n<thead>\n<tr>\n<th>Karakteristika<\/th>\n<th>Vrednost<\/th>\n<\/tr>\n<\/thead>\n<tbody>\n<tr>\n<td>Kategorija<\/td>\n<td><a title=\"Motorni kultivatori\" href=\"https:\/\/www.agromarket.rs\/motorni-kultivatori\">Motorni kultivatori<\/a><\/td>\n<\/tr>\n<tr class=\"attr-table-product-weight\">\n<td>Te\u017eina pakovanja<\/td>\n<td>71.1 kg<\/td>\n<\/tr>\n<tr class=\"attr-brend\">\n<td>Brend<\/td>\n<td><a title=\"Villager\" href=\"https:\/\/www.agromarket.rs\/proizvodi\/brend-villager\">Villager<\/a><\/td>\n<\/tr>\n<tr class=\"attr-snaga-motora\">\n<td>Snaga motora<\/td>\n<td>5.2 kW<\/td>\n<\/tr>\n<tr class=\"attr-broj-obrtaja\">\n<td>Broj obrtaja<\/td>\n<td>3600 rpm<\/td>\n<\/tr>\n<tr class=\"attr-zapremina-motora\">\n<td>Zapremina motora<\/td>\n<td>212 cm\u00b3<\/td>\n<\/tr>\n<tr class=\"attr-dubina-kultivacije\">\n<td>Dubina kultivacije<\/td>\n<td>150 &#8211; 300 mm<\/td>\n<\/tr>\n<tr class=\"attr-opseg-kultivacije\">\n<td>Opseg kultivacije<\/td>\n<td>600 &#8211; 850 mm<\/td>\n<\/tr>\n<tr class=\"attr-produzena-garancija\">\n<td>Produ\u017eena garancija<\/td>\n<td>3 godine<\/td>\n<\/tr>\n<tr class=\"attr-broj-brzina-naprednazad-kultivatori\">\n<td>Broj brzina (napred\/nazad) &#8211; kultivatori<\/td>\n<td>2 napred, 1 nazad<\/td>\n<\/tr>\n<\/tbody>\n<\/table>\n","protected":false},"excerpt":{"rendered":"<div class=\"block product-details-info\">\n<div class=\"description  read-more-text\" data-characters=\"320\" data-characters-mobile=\"250\" data-lesstext=\"Manje detalja\" data-moretext=\"Detaljnije\"><span class=\"morecontent\"><span class=\"full-content content-full\">Benzinski kultivator namenjen za temeljnu obradu razli\u010ditih tipova zemlji\u0161ta u ba\u0161tama, vo\u0107njacima i poljima, uklju\u010duju\u0107i i rad na umerenim nagibima. Kombinuje robustan prenos kai\u0161\u2013lanac, podesivu \u0161irinu zahvata i efikasne moti\u010dice, \u0161to obezbe\u0111uje dobro usitnjavanje i prozra\u010divanje zemlje u jednom prolazu.<\/span><\/span><\/div>\n<\/div>\n<div class=\"block product-details-price\">\n<div class=\"clearfix \"><\/div>\n<\/div>\n","protected":false},"featured_media":11930,"comment_status":"open","ping_status":"closed","template":"","meta":{"inline_featured_image":false},"product_brand":[],"product_cat":[282,301],"product_tag":[],"class_list":{"0":"post-11929","1":"product","2":"type-product","3":"status-publish","4":"has-post-thumbnail","6":"product_cat-kultivatori","7":"product_cat-motorni-kultivator","9":"first","10":"instock","11":"sale","12":"shipping-taxable","13":"purchasable","14":"product-type-simple"},"_links":{"self":[{"href":"https:\/\/tehnikabacko.rs\/index.php\/wp-json\/wp\/v2\/product\/11929","targetHints":{"allow":["GET"]}}],"collection":[{"href":"https:\/\/tehnikabacko.rs\/index.php\/wp-json\/wp\/v2\/product"}],"about":[{"href":"https:\/\/tehnikabacko.rs\/index.php\/wp-json\/wp\/v2\/types\/product"}],"replies":[{"embeddable":true,"href":"https:\/\/tehnikabacko.rs\/index.php\/wp-json\/wp\/v2\/comments?post=11929"}],"wp:featuredmedia":[{"embeddable":true,"href":"https:\/\/tehnikabacko.rs\/index.php\/wp-json\/wp\/v2\/media\/11930"}],"wp:attachment":[{"href":"https:\/\/tehnikabacko.rs\/index.php\/wp-json\/wp\/v2\/media?parent=11929"}],"wp:term":[{"taxonomy":"product_brand","embeddable":true,"href":"https:\/\/tehnikabacko.rs\/index.php\/wp-json\/wp\/v2\/product_brand?post=11929"},{"taxonomy":"product_cat","embeddable":true,"href":"https:\/\/tehnikabacko.rs\/index.php\/wp-json\/wp\/v2\/product_cat?post=11929"},{"taxonomy":"product_tag","embeddable":true,"href":"https:\/\/tehnikabacko.rs\/index.php\/wp-json\/wp\/v2\/product_tag?post=11929"}],"curies":[{"name":"wp","href":"https:\/\/api.w.org\/{rel}","templated":true}]}}