{"id":11922,"date":"2026-03-05T14:23:38","date_gmt":"2026-03-05T14:23:38","guid":{"rendered":"https:\/\/tehnikabacko.rs\/?post_type=product&#038;p=11922"},"modified":"2026-03-05T14:23:38","modified_gmt":"2026-03-05T14:23:38","slug":"traktorska-kosacica-t88sm-lc1p85faloncin-33616-adk","status":"publish","type":"product","link":"https:\/\/tehnikabacko.rs\/index.php\/product\/traktorska-kosacica-t88sm-lc1p85faloncin-33616-adk\/","title":{"rendered":"Traktorska kosa\u010dica T88SM LC1P85FALoncin (33616) ADK"},"content":{"rendered":"<p><strong>Tehni\u010dke karakteristike proizvoda:<\/strong><\/p>\n<ul>\n<li>Brend: ADK<\/li>\n<li>Model: T88SM<\/li>\n<li>\u0160ifra modela: 33616<\/li>\n<li>Model motora: LC1P85FA<\/li>\n<li>Zapremina motora: 352 cm\u00b3<\/li>\n<li>Snaga motora: 7,2 kW | 9,8 KS<\/li>\n<li>\u0160irina ko\u0161enja: 88 cm<\/li>\n<li>Visina ko\u0161nja: 30-90 mm\/ 8 pozicija<\/li>\n<li>Na\u010din ko\u0161nja: bo\u010dno izbacivanje, mal\u010diranje<\/li>\n<li>Veli\u010dina to\u010dka (in\u010di): 15\u2019\/18\u2019<\/li>\n<\/ul>\n<p><strong>Obim isporuke proizvoda:<\/strong><\/p>\n<ul>\n<li>T88SM Traktorska kosa\u010dica LC1P85FALoncin (33616) ADK<\/li>\n<li>Uputstvo za upotrebu proizvoda<\/li>\n<li>Kartonsko pakovanje<\/li>\n<li>\n<table class=\"woocommerce-product-attributes shop_attributes\" aria-label=\"Detalji o proizvodu\">\n<tbody>\n<tr class=\"woocommerce-product-attributes-item woocommerce-product-attributes-item--attribute_pa_proizvodjac\">\n<th class=\"woocommerce-product-attributes-item__label\" scope=\"row\">Proizvodja\u010d<\/th>\n<td class=\"woocommerce-product-attributes-item__value\"><a href=\"https:\/\/koncarelektro.rs\/proizvodjac\/adk\/\" rel=\"tag\">ADK<\/a><\/td>\n<\/tr>\n<tr class=\"woocommerce-product-attributes-item woocommerce-product-attributes-item--attribute_pa_uvoznik\">\n<th class=\"woocommerce-product-attributes-item__label\" scope=\"row\">Uvoznik<\/th>\n<td class=\"woocommerce-product-attributes-item__value\"><a href=\"https:\/\/koncarelektro.rs\/uvoznik\/ciak-d-o-o-novi-sad\/\" rel=\"tag\">CIAK D.O.O. \u2013 Novi Sad<\/a><\/td>\n<\/tr>\n<tr class=\"woocommerce-product-attributes-item woocommerce-product-attributes-item--attribute_pa_zemlja-porekla\">\n<th class=\"woocommerce-product-attributes-item__label\" scope=\"row\">Zemlja porekla<\/th>\n<td class=\"woocommerce-product-attributes-item__value\"><a href=\"https:\/\/koncarelektro.rs\/zemlja-porekla\/n-a\/\" rel=\"tag\">N\/A<\/a><\/td>\n<\/tr>\n<\/tbody>\n<\/table>\n<\/li>\n<\/ul>\n","protected":false},"excerpt":{"rendered":"<p>Sa \u0161irinom ko\u0161enja od 88cm, ova kosilica osigurava brzo i u\u010dinkovito pokrivanje va\u0161eg travnjaka.<br \/>\nPokre\u0107e je sna\u017ean i pouzdan Loncin LC1P85FA motor, dizajniran za vrhunsku u\u010dinkovitost i dugotrajan rad.<br \/>\nOvaj jednocilindri\u010dni, vazdu\u0161no hla\u0111eni, 4-taktni OHV motor sa zapreminom od 352 cm\u00b3 osigurava izvanredne performanse, nisku potro\u0161nju goriva i pouzdan rad \u010dak i u najzahtjevnijim uslovima.<br \/>\nVisina ko\u0161nje mo\u017ee se jednostavno prilagoditi u 8 razli\u010ditih pozicija, omogu\u0107avaju\u0107i vam precizno pode\u0161avanje visine trave od 30 do 90 mm.<br \/>\nTo\u010dkovi veli\u010dine 15\u2019\/18\u2019, osigurava se stabilnost i vu\u010da \u010dak i na neravnim terenima.<\/p>\n","protected":false},"featured_media":11923,"comment_status":"open","ping_status":"closed","template":"","meta":{"inline_featured_image":false},"product_brand":[],"product_cat":[273],"product_tag":[],"class_list":{"0":"post-11922","1":"product","2":"type-product","3":"status-publish","4":"has-post-thumbnail","6":"product_cat-traktorska-kosilica","8":"first","9":"instock","10":"sale","11":"shipping-taxable","12":"purchasable","13":"product-type-simple"},"_links":{"self":[{"href":"https:\/\/tehnikabacko.rs\/index.php\/wp-json\/wp\/v2\/product\/11922","targetHints":{"allow":["GET"]}}],"collection":[{"href":"https:\/\/tehnikabacko.rs\/index.php\/wp-json\/wp\/v2\/product"}],"about":[{"href":"https:\/\/tehnikabacko.rs\/index.php\/wp-json\/wp\/v2\/types\/product"}],"replies":[{"embeddable":true,"href":"https:\/\/tehnikabacko.rs\/index.php\/wp-json\/wp\/v2\/comments?post=11922"}],"wp:featuredmedia":[{"embeddable":true,"href":"https:\/\/tehnikabacko.rs\/index.php\/wp-json\/wp\/v2\/media\/11923"}],"wp:attachment":[{"href":"https:\/\/tehnikabacko.rs\/index.php\/wp-json\/wp\/v2\/media?parent=11922"}],"wp:term":[{"taxonomy":"product_brand","embeddable":true,"href":"https:\/\/tehnikabacko.rs\/index.php\/wp-json\/wp\/v2\/product_brand?post=11922"},{"taxonomy":"product_cat","embeddable":true,"href":"https:\/\/tehnikabacko.rs\/index.php\/wp-json\/wp\/v2\/product_cat?post=11922"},{"taxonomy":"product_tag","embeddable":true,"href":"https:\/\/tehnikabacko.rs\/index.php\/wp-json\/wp\/v2\/product_tag?post=11922"}],"curies":[{"name":"wp","href":"https:\/\/api.w.org\/{rel}","templated":true}]}}