{"id":11910,"date":"2026-03-05T13:12:30","date_gmt":"2026-03-05T13:12:30","guid":{"rendered":"https:\/\/tehnikabacko.rs\/?post_type=product&#038;p=11910"},"modified":"2026-03-05T13:12:31","modified_gmt":"2026-03-05T13:12:31","slug":"traktorska-kosacica-t88sm-adk","status":"publish","type":"product","link":"https:\/\/tehnikabacko.rs\/index.php\/product\/traktorska-kosacica-t88sm-adk\/","title":{"rendered":"TRAKTORSKA KOSACICA T88SM ADK"},"content":{"rendered":"<p>Model: T88SM<br \/>\nMotor: Loncin<br \/>\nModel motora: LC1P85FA<br \/>\nZapremina motora (cm3): 352cm3<br \/>\nSnaga KW\/3600rpm: 7.2kw \/ 9,8 HP<br \/>\nKapacitet baterije: DC12V\/18Ah<br \/>\n\u0160irina ko\u0161nje: 88cm<br \/>\nBroj o\u0161trica no\u017ea:2<br \/>\nUklju\u010divanje o\u0161trice no\u017ea: Elektri\u010dno<br \/>\nVisina ko\u0161nje \/ broj polo\u017eaja visine ko\u0161nje: 30 \u2013 90 mm \/ 8 polo\u017eaja<br \/>\nPode\u0161avanje visine ko\u0161nje: Ru\u010dno pomo\u0107u poluge<br \/>\nKo\u0161nja unazad: DA<br \/>\nTip no\u017ea: standardni<br \/>\n\u010cep mal\u010diranja: \/<br \/>\nPrenos: Mehani\u010dki<br \/>\nKapacacitet ko\u0161are za travu \/<\/p>\n<p>Veli\u010dina to\u010dkovi: 15\u2033 prednji to\u010dak \/ 18\u2033 zadnji to\u010dak<\/p>\n","protected":false},"excerpt":{"rendered":"<p>Model: T88SM<br \/>\nMotor: Loncin<br \/>\nModel motora: LC1P85FA<br \/>\nZapremina motora (cm3): 352cm3<br \/>\nSnaga KW\/3600rpm: 7.2kw \/ 9,8 HP<\/p>\n","protected":false},"featured_media":11911,"comment_status":"open","ping_status":"closed","template":"","meta":{"inline_featured_image":false},"product_brand":[],"product_cat":[273],"product_tag":[],"class_list":{"0":"post-11910","1":"product","2":"type-product","3":"status-publish","4":"has-post-thumbnail","6":"product_cat-traktorska-kosilica","8":"first","9":"instock","10":"sale","11":"shipping-taxable","12":"purchasable","13":"product-type-simple"},"_links":{"self":[{"href":"https:\/\/tehnikabacko.rs\/index.php\/wp-json\/wp\/v2\/product\/11910","targetHints":{"allow":["GET"]}}],"collection":[{"href":"https:\/\/tehnikabacko.rs\/index.php\/wp-json\/wp\/v2\/product"}],"about":[{"href":"https:\/\/tehnikabacko.rs\/index.php\/wp-json\/wp\/v2\/types\/product"}],"replies":[{"embeddable":true,"href":"https:\/\/tehnikabacko.rs\/index.php\/wp-json\/wp\/v2\/comments?post=11910"}],"wp:featuredmedia":[{"embeddable":true,"href":"https:\/\/tehnikabacko.rs\/index.php\/wp-json\/wp\/v2\/media\/11911"}],"wp:attachment":[{"href":"https:\/\/tehnikabacko.rs\/index.php\/wp-json\/wp\/v2\/media?parent=11910"}],"wp:term":[{"taxonomy":"product_brand","embeddable":true,"href":"https:\/\/tehnikabacko.rs\/index.php\/wp-json\/wp\/v2\/product_brand?post=11910"},{"taxonomy":"product_cat","embeddable":true,"href":"https:\/\/tehnikabacko.rs\/index.php\/wp-json\/wp\/v2\/product_cat?post=11910"},{"taxonomy":"product_tag","embeddable":true,"href":"https:\/\/tehnikabacko.rs\/index.php\/wp-json\/wp\/v2\/product_tag?post=11910"}],"curies":[{"name":"wp","href":"https:\/\/api.w.org\/{rel}","templated":true}]}}