{"id":11904,"date":"2026-03-04T14:29:00","date_gmt":"2026-03-04T14:29:00","guid":{"rendered":"https:\/\/tehnikabacko.rs\/?post_type=product&#038;p=11904"},"modified":"2026-03-04T14:29:00","modified_gmt":"2026-03-04T14:29:00","slug":"motorna-samohodna-kosacica-gtm5006ls-lc224-6-1ks-33612-adk","status":"publish","type":"product","link":"https:\/\/tehnikabacko.rs\/index.php\/product\/motorna-samohodna-kosacica-gtm5006ls-lc224-6-1ks-33612-adk\/","title":{"rendered":"Motorna samohodna kosa\u010dica GTM5006LS-LC224 6.1KS (33612) ADK"},"content":{"rendered":"<p><strong>Tehni\u010dke karakteristike proizvoda:<\/strong><\/p>\n<ul>\n<li>Brend: ADK<\/li>\n<li>Model: GTM5006LS-LC224<\/li>\n<li>\u0160ifra modela: 33612<\/li>\n<li>\u0160irina se\u010denja: 20\u2033 (510 mm)<\/li>\n<li>Na\u010din upravljanja: samohodni<\/li>\n<li>Motor i zapremina: LONCIN 1P75FC, 224cc<\/li>\n<li>Snaga: 4,5 KW \/ 6,1 KS<\/li>\n<li>Ko\u0161enje: podesivo 8 pozicija<\/li>\n<li>Pode\u0161avanje visine: 25mm-75mm<\/li>\n<li>Postolje kosa\u010dice: \u010delik<\/li>\n<li>Se\u010divo: jednostruko<\/li>\n<li>Veli\u010dina prednjeg to\u010dka: 7\u2033 (180 mm)<\/li>\n<li>Veli\u010dina zadnjeg to\u010dka: 10\u201c (250mm)<\/li>\n<li>Korpa za travu: Hibrid (tekstil+pvc) 62L<\/li>\n<li>To\u010dkovi sa le\u017eajevima<\/li>\n<li>Izbacivanje sa strane<\/li>\n<li>Zadnje izbacivanje<\/li>\n<li>Mal\u010diranje<\/li>\n<\/ul>\n<p><strong>Obim isporuke proizvoda:<\/strong><\/p>\n<ul>\n<li>GTM5006LS-LC224 Motorna samohodna kosa\u010dica 6.1KS (33612)<\/li>\n<li>Uputstvo za upotrebu proizvoda<\/li>\n<li>Kartonsko pakovanje<\/li>\n<\/ul>\n<p><strong>Saobraznost 24 meseci<\/strong><\/p>\n","protected":false},"excerpt":{"rendered":"<p>Ova ADK GTM5006LS-LC224 samohodna motorna kosilica nudi vrhunsku u\u010dinkovitost s \u0161irinom ko\u0161nje od 51 cm i sna\u017enim LONCIN G1P75FC motorom od 224 ccm, koji osigurava pouzdan rad uz snagu od 4,5 kW \/ 6,1 KS.<br \/>\nJednostavno upravljanje omogu\u0107eno je jednom ru\u010dicom za pode\u0161avanje visine ko\u0161enja sa 8 razli\u010ditih pozicija (25 \u2013 75 mm), prilago\u0111avaju\u0107i se svim potrebama.<br \/>\nOva kosilica dolazi s \u010deli\u010dnim postoljem, \u0161to osigurava trajnost i stabilnost tijekom ko\u0161enja.<br \/>\nVrhunski kvalitet o\u0161trice garantuje jednostrukim dizajnoM efikasno ko\u0161enje.<br \/>\nTo\u010dkovi sa le\u017eajevima pru\u017eaju laku vo\u017enju, s prednjim to\u010dkovima veli\u010dine 7\u201d (180 mm) i zadnjim veli\u010dine 10\u201d (250mm).<br \/>\nKorpa za travu kapaciteta 62 l izra\u0111en je od hibridnog materijala (tekstil + PVC) za trajnost i prakti\u010dnost.<br \/>\nOsim izbacivanja sa strane, ova kosilica nudi i opciju zadnjeg pra\u017enjenja i mal\u010diranja, prilago\u0111avaju\u0107i se razli\u010ditim uslovima ko\u0161enja, dodatnu udobnost pru\u017ea podstavljena ru\u010dka.<br \/>\nSa LONCINmotorom, mo\u017eete biti sigurni u pouzdanost i performanse va\u0161e kosilice.<\/p>\n","protected":false},"featured_media":11905,"comment_status":"open","ping_status":"closed","template":"","meta":{"inline_featured_image":false},"product_brand":[],"product_cat":[244,272],"product_tag":[],"class_list":{"0":"post-11904","1":"product","2":"type-product","3":"status-publish","4":"has-post-thumbnail","6":"product_cat-kosacice","7":"product_cat-motorna-kosilica","9":"first","10":"instock","11":"sale","12":"shipping-taxable","13":"purchasable","14":"product-type-simple"},"_links":{"self":[{"href":"https:\/\/tehnikabacko.rs\/index.php\/wp-json\/wp\/v2\/product\/11904","targetHints":{"allow":["GET"]}}],"collection":[{"href":"https:\/\/tehnikabacko.rs\/index.php\/wp-json\/wp\/v2\/product"}],"about":[{"href":"https:\/\/tehnikabacko.rs\/index.php\/wp-json\/wp\/v2\/types\/product"}],"replies":[{"embeddable":true,"href":"https:\/\/tehnikabacko.rs\/index.php\/wp-json\/wp\/v2\/comments?post=11904"}],"wp:featuredmedia":[{"embeddable":true,"href":"https:\/\/tehnikabacko.rs\/index.php\/wp-json\/wp\/v2\/media\/11905"}],"wp:attachment":[{"href":"https:\/\/tehnikabacko.rs\/index.php\/wp-json\/wp\/v2\/media?parent=11904"}],"wp:term":[{"taxonomy":"product_brand","embeddable":true,"href":"https:\/\/tehnikabacko.rs\/index.php\/wp-json\/wp\/v2\/product_brand?post=11904"},{"taxonomy":"product_cat","embeddable":true,"href":"https:\/\/tehnikabacko.rs\/index.php\/wp-json\/wp\/v2\/product_cat?post=11904"},{"taxonomy":"product_tag","embeddable":true,"href":"https:\/\/tehnikabacko.rs\/index.php\/wp-json\/wp\/v2\/product_tag?post=11904"}],"curies":[{"name":"wp","href":"https:\/\/api.w.org\/{rel}","templated":true}]}}