{"id":11900,"date":"2026-03-03T14:25:12","date_gmt":"2026-03-03T14:25:12","guid":{"rendered":"https:\/\/tehnikabacko.rs\/?post_type=product&#038;p=11900"},"modified":"2026-03-03T14:25:12","modified_gmt":"2026-03-03T14:25:12","slug":"akumulatorski-trimer-za-travu-cstli202522-ingco","status":"publish","type":"product","link":"https:\/\/tehnikabacko.rs\/index.php\/product\/akumulatorski-trimer-za-travu-cstli202522-ingco\/","title":{"rendered":"Akumulatorski trimer za travu CSTLI202522 INGCO"},"content":{"rendered":"<p>Opis proizvoda:<\/p>\n<ul>\n<li>Napon: 40V<\/li>\n<li>Brzina bez opterec\u0301enja:<\/li>\n<li>0-5500 \/ min 0-6500 \/ min<\/li>\n<li>Pre\u010dnik se\u010denja se\u010diva: 255 mm<\/li>\n<li>Pre\u010dnik se\u010denja strune: 330 mm<\/li>\n<li>2 funkcije: trimer i reza\u010d grmlja<\/li>\n<li>2 kom baterije od 4,0 Ah<\/li>\n<li>1 kom brzi punja\u010d sa 2 porta<\/li>\n<li>1 kalem sa kanapom<\/li>\n<li>1 kom 3T 255mm o\u0161trica<\/li>\n<li>Glava trimera od 1 komada<\/li>\n<li>Napon punjenja:<\/li>\n<li>220V-240V ~ 50 \/ 60Hz<\/li>\n<li>Upakovano u kutiju u boji<\/li>\n<li>Tezina 9,5 kg<\/li>\n<\/ul>\n<p><strong>Saobraznost 24 meseci<\/strong><\/p>\n","protected":false},"excerpt":{"rendered":"<p>Opis proizvoda: Napon: 40V Brzina bez opterec\u0301enja: 0-5500 \/ min 0-6500 \/ min Pre\u010dnik se\u010denja se\u010diva: 255 mm Pre\u010dnik se\u010denja strune: 330 mm 2 funkcije: trimer i reza\u010d grmlja 2 kom baterije od 4,0 Ah 1 kom brzi punja\u010d sa 2 porta 1 kalem sa kanapom 1 kom 3T 255mm o\u0161trica Glava trimera od 1 [&hellip;]<\/p>\n","protected":false},"featured_media":11901,"comment_status":"open","ping_status":"closed","template":"","meta":{"inline_featured_image":false},"product_brand":[],"product_cat":[318],"product_tag":[],"class_list":{"0":"post-11900","1":"product","2":"type-product","3":"status-publish","4":"has-post-thumbnail","6":"product_cat-aku-trimeri","8":"first","9":"instock","10":"sale","11":"shipping-taxable","12":"purchasable","13":"product-type-simple"},"_links":{"self":[{"href":"https:\/\/tehnikabacko.rs\/index.php\/wp-json\/wp\/v2\/product\/11900","targetHints":{"allow":["GET"]}}],"collection":[{"href":"https:\/\/tehnikabacko.rs\/index.php\/wp-json\/wp\/v2\/product"}],"about":[{"href":"https:\/\/tehnikabacko.rs\/index.php\/wp-json\/wp\/v2\/types\/product"}],"replies":[{"embeddable":true,"href":"https:\/\/tehnikabacko.rs\/index.php\/wp-json\/wp\/v2\/comments?post=11900"}],"wp:featuredmedia":[{"embeddable":true,"href":"https:\/\/tehnikabacko.rs\/index.php\/wp-json\/wp\/v2\/media\/11901"}],"wp:attachment":[{"href":"https:\/\/tehnikabacko.rs\/index.php\/wp-json\/wp\/v2\/media?parent=11900"}],"wp:term":[{"taxonomy":"product_brand","embeddable":true,"href":"https:\/\/tehnikabacko.rs\/index.php\/wp-json\/wp\/v2\/product_brand?post=11900"},{"taxonomy":"product_cat","embeddable":true,"href":"https:\/\/tehnikabacko.rs\/index.php\/wp-json\/wp\/v2\/product_cat?post=11900"},{"taxonomy":"product_tag","embeddable":true,"href":"https:\/\/tehnikabacko.rs\/index.php\/wp-json\/wp\/v2\/product_tag?post=11900"}],"curies":[{"name":"wp","href":"https:\/\/api.w.org\/{rel}","templated":true}]}}