{"id":11897,"date":"2026-03-03T14:00:29","date_gmt":"2026-03-03T14:00:29","guid":{"rendered":"https:\/\/tehnikabacko.rs\/?post_type=product&#038;p=11897"},"modified":"2026-03-03T14:00:29","modified_gmt":"2026-03-03T14:00:29","slug":"ingco-elektricna-kosacica-1600w-lm383","status":"publish","type":"product","link":"https:\/\/tehnikabacko.rs\/index.php\/product\/ingco-elektricna-kosacica-1600w-lm383\/","title":{"rendered":"Ingco elektri\u010dna kosa\u010dica 1600W LM383"},"content":{"rendered":"<p>Elektri\u010dna kosa\u010dica 1600W Ingco LM383<\/p>\n<p>Napon elektri\u010dne kosa\u010dice :220-240~50Hz<br \/>\nUlazna snaga Ingco elektri\u010dne kosa\u010dice :1600W<br \/>\nIndukcioni motor<br \/>\nBroj obrtaja bez optere\u0107enja elektri\u010dne kosa\u010dice :2800rpm<br \/>\n\u0160irina \u0161i\u0161anja:380mm<br \/>\nVisina \u0161i\u0161anja elektri\u010dne kosa\u010dice : 28\/38\/48\/58\/68mm<br \/>\nVeli\u010dina kutije za travu: 50L<br \/>\n0.35m kabel<br \/>\nPakovano u kolornu kutiju<\/p>\n","protected":false},"excerpt":{"rendered":"<p>Elektri\u010dna kosa\u010dica 1600W Ingco LM383 Napon elektri\u010dne kosa\u010dice :220-240~50Hz Ulazna snaga Ingco elektri\u010dne kosa\u010dice :1600W Indukcioni motor Broj obrtaja bez optere\u0107enja elektri\u010dne kosa\u010dice :2800rpm \u0160irina \u0161i\u0161anja:380mm Visina \u0161i\u0161anja elektri\u010dne kosa\u010dice : 28\/38\/48\/58\/68mm Veli\u010dina kutije za travu: 50L 0.35m kabel Pakovano u kolornu kutiju<\/p>\n","protected":false},"featured_media":11898,"comment_status":"open","ping_status":"closed","template":"","meta":{"inline_featured_image":false},"product_brand":[],"product_cat":[271],"product_tag":[],"class_list":{"0":"post-11897","1":"product","2":"type-product","3":"status-publish","4":"has-post-thumbnail","6":"product_cat-elektricna-kosilica","8":"first","9":"instock","10":"sale","11":"shipping-taxable","12":"purchasable","13":"product-type-simple"},"_links":{"self":[{"href":"https:\/\/tehnikabacko.rs\/index.php\/wp-json\/wp\/v2\/product\/11897","targetHints":{"allow":["GET"]}}],"collection":[{"href":"https:\/\/tehnikabacko.rs\/index.php\/wp-json\/wp\/v2\/product"}],"about":[{"href":"https:\/\/tehnikabacko.rs\/index.php\/wp-json\/wp\/v2\/types\/product"}],"replies":[{"embeddable":true,"href":"https:\/\/tehnikabacko.rs\/index.php\/wp-json\/wp\/v2\/comments?post=11897"}],"wp:featuredmedia":[{"embeddable":true,"href":"https:\/\/tehnikabacko.rs\/index.php\/wp-json\/wp\/v2\/media\/11898"}],"wp:attachment":[{"href":"https:\/\/tehnikabacko.rs\/index.php\/wp-json\/wp\/v2\/media?parent=11897"}],"wp:term":[{"taxonomy":"product_brand","embeddable":true,"href":"https:\/\/tehnikabacko.rs\/index.php\/wp-json\/wp\/v2\/product_brand?post=11897"},{"taxonomy":"product_cat","embeddable":true,"href":"https:\/\/tehnikabacko.rs\/index.php\/wp-json\/wp\/v2\/product_cat?post=11897"},{"taxonomy":"product_tag","embeddable":true,"href":"https:\/\/tehnikabacko.rs\/index.php\/wp-json\/wp\/v2\/product_tag?post=11897"}],"curies":[{"name":"wp","href":"https:\/\/api.w.org\/{rel}","templated":true}]}}